{"id":29978,"date":"2026-04-07T21:49:30","date_gmt":"2026-04-07T20:49:30","guid":{"rendered":"https:\/\/greekbloom.com\/?post_type=product&#038;p=29978"},"modified":"2026-04-07T21:49:30","modified_gmt":"2026-04-07T20:49:30","slug":"helios-kritharaki-med-gronnsaker-gresk-pastaris-500g","status":"publish","type":"product","link":"https:\/\/greekbloom.com\/index.php\/product\/helios-kritharaki-med-gronnsaker-gresk-pastaris-500g\/","title":{"rendered":"Helios kritharaki med gr\u00f8nnsaker (gresk pastaris) \u2013 500g"},"content":{"rendered":"<p><img loading=\"lazy\" decoding=\"async\" class=\"alignnone size-medium wp-image-29927\" src=\"https:\/\/greekbloom.com\/wp-content\/uploads\/2026\/04\/Photoroom_20260407_131508-225x300.jpeg\" alt=\"\" width=\"225\" height=\"300\" srcset=\"https:\/\/greekbloom.com\/wp-content\/uploads\/2026\/04\/Photoroom_20260407_131508-225x300.jpeg 225w, https:\/\/greekbloom.com\/wp-content\/uploads\/2026\/04\/Photoroom_20260407_131508-600x800.jpeg 600w, https:\/\/greekbloom.com\/wp-content\/uploads\/2026\/04\/Photoroom_20260407_131508-768x1024.jpeg 768w, https:\/\/greekbloom.com\/wp-content\/uploads\/2026\/04\/Photoroom_20260407_131508-1152x1536.jpeg 1152w, https:\/\/greekbloom.com\/wp-content\/uploads\/2026\/04\/Photoroom_20260407_131508-150x200.jpeg 150w, https:\/\/greekbloom.com\/wp-content\/uploads\/2026\/04\/Photoroom_20260407_131508.jpeg 1512w\" sizes=\"auto, (max-width: 225px) 100vw, 225px\" \/><\/p>\n","protected":false},"excerpt":{"rendered":"<p data-start=\"126\" data-end=\"335\">Oppdag en smakfull variant av en klassisk gresk ingrediens med <strong data-start=\"189\" data-end=\"225\">Helios kritharaki med gr\u00f8nnsaker<\/strong>. Denne sm\u00e5kornede pastaen er kombinert med t\u00f8rkede gr\u00f8nnsaker, som gir ekstra smak og farge til rettene dine.<\/p>\n<p data-start=\"337\" data-end=\"498\">Perfekt til supper, gryter og ovnsretter, hvor den absorberer smak og gir en fyldig og balansert konsistens. Ideell b\u00e5de til kj\u00f8ttretter og vegetariske m\u00e5ltider.<\/p>\n<p data-start=\"500\" data-end=\"604\">En praktisk og allsidig base som gj\u00f8r det enkelt \u00e5 lage autentiske og smakfulle middelhavsretter hjemme.<\/p>\n<p data-start=\"606\" data-end=\"625\"><strong data-start=\"606\" data-end=\"625\">N\u00f8kkelfordeler:<\/strong><\/p>\n<ul data-start=\"626\" data-end=\"799\">\n<li data-section-id=\"kpl1pv\" data-start=\"626\" data-end=\"661\">Gresk kritharaki med gr\u00f8nnsaker<\/li>\n<li data-section-id=\"13s4la9\" data-start=\"662\" data-end=\"700\">Ekstra smak fra t\u00f8rkede gr\u00f8nnsaker<\/li>\n<li data-section-id=\"9aph18\" data-start=\"701\" data-end=\"745\">Perfekt til supper, gryter og ovnsretter<\/li>\n<li data-section-id=\"1vjvdnv\" data-start=\"746\" data-end=\"770\">Absorberer smak godt<\/li>\n<li data-section-id=\"l3yi9r\" data-start=\"771\" data-end=\"799\">Enkel og allsidig i bruk<\/li>\n<\/ul>\n<p data-start=\"801\" data-end=\"876\">Lag smakfulle og fargerike retter med <strong data-start=\"839\" data-end=\"875\">Helios kritharaki med gr\u00f8nnsaker<\/strong>.<\/p>\n","protected":false},"featured_media":29927,"comment_status":"open","ping_status":"closed","template":"","meta":[],"product_brand":[],"product_cat":[80],"product_tag":[],"class_list":{"0":"post-29978","1":"product","2":"type-product","3":"status-publish","4":"has-post-thumbnail","6":"product_cat-pasta-og-ris","8":"first","9":"instock","10":"shipping-taxable","11":"purchasable","12":"product-type-simple"},"aioseo_notices":[],"_links":{"self":[{"href":"https:\/\/greekbloom.com\/index.php\/wp-json\/wp\/v2\/product\/29978","targetHints":{"allow":["GET"]}}],"collection":[{"href":"https:\/\/greekbloom.com\/index.php\/wp-json\/wp\/v2\/product"}],"about":[{"href":"https:\/\/greekbloom.com\/index.php\/wp-json\/wp\/v2\/types\/product"}],"replies":[{"embeddable":true,"href":"https:\/\/greekbloom.com\/index.php\/wp-json\/wp\/v2\/comments?post=29978"}],"version-history":[{"count":1,"href":"https:\/\/greekbloom.com\/index.php\/wp-json\/wp\/v2\/product\/29978\/revisions"}],"predecessor-version":[{"id":29979,"href":"https:\/\/greekbloom.com\/index.php\/wp-json\/wp\/v2\/product\/29978\/revisions\/29979"}],"wp:featuredmedia":[{"embeddable":true,"href":"https:\/\/greekbloom.com\/index.php\/wp-json\/wp\/v2\/media\/29927"}],"wp:attachment":[{"href":"https:\/\/greekbloom.com\/index.php\/wp-json\/wp\/v2\/media?parent=29978"}],"wp:term":[{"taxonomy":"product_brand","embeddable":true,"href":"https:\/\/greekbloom.com\/index.php\/wp-json\/wp\/v2\/product_brand?post=29978"},{"taxonomy":"product_cat","embeddable":true,"href":"https:\/\/greekbloom.com\/index.php\/wp-json\/wp\/v2\/product_cat?post=29978"},{"taxonomy":"product_tag","embeddable":true,"href":"https:\/\/greekbloom.com\/index.php\/wp-json\/wp\/v2\/product_tag?post=29978"}],"curies":[{"name":"wp","href":"https:\/\/api.w.org\/{rel}","templated":true}]}}