{"id":29971,"date":"2026-04-07T21:38:18","date_gmt":"2026-04-07T20:38:18","guid":{"rendered":"https:\/\/greekbloom.com\/?post_type=product&#038;p=29971"},"modified":"2026-04-07T21:38:18","modified_gmt":"2026-04-07T20:38:18","slug":"jumbo-creamy-croissant-med-kakaofyll","status":"publish","type":"product","link":"https:\/\/greekbloom.com\/index.php\/product\/jumbo-creamy-croissant-med-kakaofyll\/","title":{"rendered":"Jumbo Creamy croissant med kakaofyll"},"content":{"rendered":"<p><img loading=\"lazy\" decoding=\"async\" class=\"alignnone size-medium wp-image-29916\" src=\"https:\/\/greekbloom.com\/wp-content\/uploads\/2026\/04\/Photoroom_20260407_130019-225x300.jpeg\" alt=\"\" width=\"225\" height=\"300\" srcset=\"https:\/\/greekbloom.com\/wp-content\/uploads\/2026\/04\/Photoroom_20260407_130019-225x300.jpeg 225w, https:\/\/greekbloom.com\/wp-content\/uploads\/2026\/04\/Photoroom_20260407_130019-600x800.jpeg 600w, https:\/\/greekbloom.com\/wp-content\/uploads\/2026\/04\/Photoroom_20260407_130019-768x1024.jpeg 768w, https:\/\/greekbloom.com\/wp-content\/uploads\/2026\/04\/Photoroom_20260407_130019-1152x1536.jpeg 1152w, https:\/\/greekbloom.com\/wp-content\/uploads\/2026\/04\/Photoroom_20260407_130019-150x200.jpeg 150w, https:\/\/greekbloom.com\/wp-content\/uploads\/2026\/04\/Photoroom_20260407_130019.jpeg 1512w\" sizes=\"auto, (max-width: 225px) 100vw, 225px\" \/><\/p>\n","protected":false},"excerpt":{"rendered":"<p data-start=\"102\" data-end=\"294\">Nyt en myk og smakfull snack med <strong data-start=\"135\" data-end=\"175\">Jumbo Creamy croissant med kakaofyll<\/strong>. Denne luftige croissanten er fylt med en rik og kremet kakaofylling som gir en perfekt balanse mellom s\u00f8dme og fylde.<\/p>\n<p data-start=\"296\" data-end=\"465\">Ideell som en rask snack, til frokost eller som en liten s\u00f8t pause i l\u00f8pet av dagen. Den myke teksturen og deilige fyllet gj\u00f8r den til en favoritt for b\u00e5de store og sm\u00e5.<\/p>\n<p data-start=\"467\" data-end=\"531\">Perfekt \u00e5 ta med p\u00e5 farten eller nyte sammen med kaffe eller te.<\/p>\n<p data-start=\"533\" data-end=\"552\"><strong data-start=\"533\" data-end=\"552\">N\u00f8kkelfordeler:<\/strong><\/p>\n<ul data-start=\"553\" data-end=\"720\">\n<li data-section-id=\"z6serr\" data-start=\"553\" data-end=\"591\">Myk croissant med kremet kakaofyll<\/li>\n<li data-section-id=\"1q686l\" data-start=\"592\" data-end=\"631\">Perfekt som snack eller til frokost<\/li>\n<li data-section-id=\"6zz5g2\" data-start=\"632\" data-end=\"654\">S\u00f8t og fyldig smak<\/li>\n<li data-section-id=\"iwwid4\" data-start=\"655\" data-end=\"685\">Praktisk og enkel \u00e5 ta med<\/li>\n<li data-section-id=\"rnjctq\" data-start=\"686\" data-end=\"720\">Passer for b\u00e5de barn og voksne<\/li>\n<\/ul>\n<p data-start=\"722\" data-end=\"808\">Unn deg noe godt med <strong data-start=\"743\" data-end=\"769\">Jumbo Creamy croissant<\/strong> \u2013 en enkel og deilig hverdagsfavoritt.<\/p>\n","protected":false},"featured_media":29916,"comment_status":"open","ping_status":"closed","template":"","meta":[],"product_brand":[],"product_cat":[79],"product_tag":[],"class_list":{"0":"post-29971","1":"product","2":"type-product","3":"status-publish","4":"has-post-thumbnail","6":"product_cat-kjeks-eller-snacks","8":"first","9":"instock","10":"shipping-taxable","11":"purchasable","12":"product-type-simple"},"aioseo_notices":[],"_links":{"self":[{"href":"https:\/\/greekbloom.com\/index.php\/wp-json\/wp\/v2\/product\/29971","targetHints":{"allow":["GET"]}}],"collection":[{"href":"https:\/\/greekbloom.com\/index.php\/wp-json\/wp\/v2\/product"}],"about":[{"href":"https:\/\/greekbloom.com\/index.php\/wp-json\/wp\/v2\/types\/product"}],"replies":[{"embeddable":true,"href":"https:\/\/greekbloom.com\/index.php\/wp-json\/wp\/v2\/comments?post=29971"}],"version-history":[{"count":1,"href":"https:\/\/greekbloom.com\/index.php\/wp-json\/wp\/v2\/product\/29971\/revisions"}],"predecessor-version":[{"id":29972,"href":"https:\/\/greekbloom.com\/index.php\/wp-json\/wp\/v2\/product\/29971\/revisions\/29972"}],"wp:featuredmedia":[{"embeddable":true,"href":"https:\/\/greekbloom.com\/index.php\/wp-json\/wp\/v2\/media\/29916"}],"wp:attachment":[{"href":"https:\/\/greekbloom.com\/index.php\/wp-json\/wp\/v2\/media?parent=29971"}],"wp:term":[{"taxonomy":"product_brand","embeddable":true,"href":"https:\/\/greekbloom.com\/index.php\/wp-json\/wp\/v2\/product_brand?post=29971"},{"taxonomy":"product_cat","embeddable":true,"href":"https:\/\/greekbloom.com\/index.php\/wp-json\/wp\/v2\/product_cat?post=29971"},{"taxonomy":"product_tag","embeddable":true,"href":"https:\/\/greekbloom.com\/index.php\/wp-json\/wp\/v2\/product_tag?post=29971"}],"curies":[{"name":"wp","href":"https:\/\/api.w.org\/{rel}","templated":true}]}}