{"id":29968,"date":"2026-04-07T21:32:08","date_gmt":"2026-04-07T20:32:08","guid":{"rendered":"https:\/\/greekbloom.com\/?post_type=product&#038;p=29968"},"modified":"2026-04-07T21:32:08","modified_gmt":"2026-04-07T20:32:08","slug":"ef-zin-granateplemarmelade-230g","status":"publish","type":"product","link":"https:\/\/greekbloom.com\/index.php\/product\/ef-zin-granateplemarmelade-230g\/","title":{"rendered":"Ef Zin granateplemarmelade \u2013 230g"},"content":{"rendered":"<p><img loading=\"lazy\" decoding=\"async\" class=\"alignnone size-medium wp-image-29915\" src=\"https:\/\/greekbloom.com\/wp-content\/uploads\/2026\/04\/Photoroom_20260407_125719-225x300.jpeg\" alt=\"\" width=\"225\" height=\"300\" srcset=\"https:\/\/greekbloom.com\/wp-content\/uploads\/2026\/04\/Photoroom_20260407_125719-225x300.jpeg 225w, https:\/\/greekbloom.com\/wp-content\/uploads\/2026\/04\/Photoroom_20260407_125719-600x800.jpeg 600w, https:\/\/greekbloom.com\/wp-content\/uploads\/2026\/04\/Photoroom_20260407_125719-768x1024.jpeg 768w, https:\/\/greekbloom.com\/wp-content\/uploads\/2026\/04\/Photoroom_20260407_125719-1152x1536.jpeg 1152w, https:\/\/greekbloom.com\/wp-content\/uploads\/2026\/04\/Photoroom_20260407_125719-150x200.jpeg 150w, https:\/\/greekbloom.com\/wp-content\/uploads\/2026\/04\/Photoroom_20260407_125719.jpeg 1512w\" sizes=\"auto, (max-width: 225px) 100vw, 225px\" \/><\/p>\n","protected":false},"excerpt":{"rendered":"<p data-start=\"92\" data-end=\"338\">Oppdag en frisk og eksotisk smak med <strong data-start=\"129\" data-end=\"159\">Ef Zin granateplemarmelade<\/strong>, laget av n\u00f8ye utvalgte granatepler fra Hellas. Denne marmeladen kombinerer en naturlig s\u00f8dme med en lett syrlig og fruktig smak, som gir en balansert og forfriskende opplevelse.<\/p>\n<p data-start=\"340\" data-end=\"596\">Perfekt p\u00e5 br\u00f8d og bakverk, som topping p\u00e5 yoghurt og desserter, eller sammen med <strong data-start=\"422\" data-end=\"429\">ost<\/strong>, hvor den friske smaken gir en spennende kontrast. Den passer ogs\u00e5 godt <strong data-start=\"502\" data-end=\"518\">i sandwicher<\/strong>, og tilf\u00f8rer en unik og fruktig twist til b\u00e5de enkle og mer avanserte retter.<\/p>\n<p data-start=\"598\" data-end=\"689\">Granateple er kjent som en naturlig <strong data-start=\"634\" data-end=\"647\">superfood<\/strong>, rik p\u00e5 antioksidanter og n\u00e6ringsstoffer.<\/p>\n<p data-start=\"691\" data-end=\"710\"><strong data-start=\"691\" data-end=\"710\">N\u00f8kkelfordeler:<\/strong><\/p>\n<ul data-start=\"711\" data-end=\"918\">\n<li data-section-id=\"1c4h1qf\" data-start=\"711\" data-end=\"751\">Laget av granatepler av h\u00f8y kvalitet<\/li>\n<li data-section-id=\"hdrrxt\" data-start=\"752\" data-end=\"786\">Frisk, s\u00f8t og lett syrlig smak<\/li>\n<li data-section-id=\"11jw39x\" data-start=\"787\" data-end=\"840\">Perfekt til frokost, desserter, ost og sandwicher<\/li>\n<li data-section-id=\"f1em0n\" data-start=\"841\" data-end=\"875\">Naturlig rik p\u00e5 antioksidanter<\/li>\n<li data-section-id=\"1e06qhk\" data-start=\"876\" data-end=\"918\">Inspirert av tradisjonelle oppskrifter<\/li>\n<\/ul>\n<p data-start=\"920\" data-end=\"987\">Nyt en spennende smak av Hellas med <strong data-start=\"956\" data-end=\"986\">Ef Zin granateplemarmelade<\/strong>.<\/p>\n","protected":false},"featured_media":29915,"comment_status":"open","ping_status":"closed","template":"","meta":[],"product_brand":[],"product_cat":[97],"product_tag":[],"class_list":{"0":"post-29968","1":"product","2":"type-product","3":"status-publish","4":"has-post-thumbnail","6":"product_cat-syltetoy-og-marmelade","8":"first","9":"instock","10":"shipping-taxable","11":"purchasable","12":"product-type-simple"},"aioseo_notices":[],"_links":{"self":[{"href":"https:\/\/greekbloom.com\/index.php\/wp-json\/wp\/v2\/product\/29968","targetHints":{"allow":["GET"]}}],"collection":[{"href":"https:\/\/greekbloom.com\/index.php\/wp-json\/wp\/v2\/product"}],"about":[{"href":"https:\/\/greekbloom.com\/index.php\/wp-json\/wp\/v2\/types\/product"}],"replies":[{"embeddable":true,"href":"https:\/\/greekbloom.com\/index.php\/wp-json\/wp\/v2\/comments?post=29968"}],"version-history":[{"count":1,"href":"https:\/\/greekbloom.com\/index.php\/wp-json\/wp\/v2\/product\/29968\/revisions"}],"predecessor-version":[{"id":29969,"href":"https:\/\/greekbloom.com\/index.php\/wp-json\/wp\/v2\/product\/29968\/revisions\/29969"}],"wp:featuredmedia":[{"embeddable":true,"href":"https:\/\/greekbloom.com\/index.php\/wp-json\/wp\/v2\/media\/29915"}],"wp:attachment":[{"href":"https:\/\/greekbloom.com\/index.php\/wp-json\/wp\/v2\/media?parent=29968"}],"wp:term":[{"taxonomy":"product_brand","embeddable":true,"href":"https:\/\/greekbloom.com\/index.php\/wp-json\/wp\/v2\/product_brand?post=29968"},{"taxonomy":"product_cat","embeddable":true,"href":"https:\/\/greekbloom.com\/index.php\/wp-json\/wp\/v2\/product_cat?post=29968"},{"taxonomy":"product_tag","embeddable":true,"href":"https:\/\/greekbloom.com\/index.php\/wp-json\/wp\/v2\/product_tag?post=29968"}],"curies":[{"name":"wp","href":"https:\/\/api.w.org\/{rel}","templated":true}]}}