{"id":29962,"date":"2026-04-07T21:19:22","date_gmt":"2026-04-07T20:19:22","guid":{"rendered":"https:\/\/greekbloom.com\/?post_type=product&#038;p=29962"},"modified":"2026-04-07T21:19:22","modified_gmt":"2026-04-07T20:19:22","slug":"goldino-ekte-gresk-honning-250g","status":"publish","type":"product","link":"https:\/\/greekbloom.com\/index.php\/product\/goldino-ekte-gresk-honning-250g\/","title":{"rendered":"Goldino ekte gresk honning \u2013 250g"},"content":{"rendered":"<p><img loading=\"lazy\" decoding=\"async\" class=\"alignnone size-medium wp-image-29911\" src=\"https:\/\/greekbloom.com\/wp-content\/uploads\/2026\/04\/Photoroom_20260407_125155-225x300.jpeg\" alt=\"\" width=\"225\" height=\"300\" srcset=\"https:\/\/greekbloom.com\/wp-content\/uploads\/2026\/04\/Photoroom_20260407_125155-225x300.jpeg 225w, https:\/\/greekbloom.com\/wp-content\/uploads\/2026\/04\/Photoroom_20260407_125155-600x800.jpeg 600w, https:\/\/greekbloom.com\/wp-content\/uploads\/2026\/04\/Photoroom_20260407_125155-768x1024.jpeg 768w, https:\/\/greekbloom.com\/wp-content\/uploads\/2026\/04\/Photoroom_20260407_125155-1152x1536.jpeg 1152w, https:\/\/greekbloom.com\/wp-content\/uploads\/2026\/04\/Photoroom_20260407_125155-150x200.jpeg 150w, https:\/\/greekbloom.com\/wp-content\/uploads\/2026\/04\/Photoroom_20260407_125155.jpeg 1512w\" sizes=\"auto, (max-width: 225px) 100vw, 225px\" \/><\/p>\n","protected":false},"excerpt":{"rendered":"<p data-start=\"93\" data-end=\"303\">Opplev ren og naturlig s\u00f8dme med <strong data-start=\"126\" data-end=\"156\">Goldino ekte gresk honning<\/strong>, produsert fra nektar samlet i de solrike landskapene i Hellas. Denne honningen kjennetegnes av sin fyldige smak, gyldne farge og naturlige aroma.<\/p>\n<p data-start=\"305\" data-end=\"502\">Laget med respekt for tradisjon og natur, gir den en autentisk opplevelse av gresk kvalitet. Perfekt som s\u00f8tning i te, over yoghurt, p\u00e5 br\u00f8d, eller som en naturlig ingrediens i matlaging og baking.<\/p>\n<p data-start=\"504\" data-end=\"620\">Honning er et naturlig produkt rikt p\u00e5 antioksidanter og brukes ofte som et sunnere alternativ til raffinert sukker.<\/p>\n<p data-start=\"622\" data-end=\"641\"><strong data-start=\"622\" data-end=\"641\">N\u00f8kkelfordeler:<\/strong><\/p>\n<ul data-start=\"642\" data-end=\"827\">\n<li data-section-id=\"bdfjyy\" data-start=\"642\" data-end=\"680\">Ekte gresk honning av h\u00f8y kvalitet<\/li>\n<li data-section-id=\"ccowpr\" data-start=\"681\" data-end=\"718\">Naturlig s\u00f8t smak og gylden farge<\/li>\n<li data-section-id=\"hlq3zd\" data-start=\"719\" data-end=\"744\">Rik p\u00e5 antioksidanter<\/li>\n<li data-section-id=\"1ti3rkc\" data-start=\"745\" data-end=\"792\">Perfekt til te, yoghurt, bakst og matlaging<\/li>\n<li data-section-id=\"ouefcs\" data-start=\"793\" data-end=\"827\">Naturlig alternativ til sukker<\/li>\n<\/ul>\n<p data-start=\"829\" data-end=\"885\">Nyt smaken av Hellas med <strong data-start=\"854\" data-end=\"884\">Goldino ekte gresk honning<\/strong>.<\/p>\n","protected":false},"featured_media":29911,"comment_status":"open","ping_status":"closed","template":"","meta":[],"product_brand":[],"product_cat":[89],"product_tag":[],"class_list":{"0":"post-29962","1":"product","2":"type-product","3":"status-publish","4":"has-post-thumbnail","6":"product_cat-honning","8":"first","9":"instock","10":"shipping-taxable","11":"purchasable","12":"product-type-simple"},"aioseo_notices":[],"_links":{"self":[{"href":"https:\/\/greekbloom.com\/index.php\/wp-json\/wp\/v2\/product\/29962","targetHints":{"allow":["GET"]}}],"collection":[{"href":"https:\/\/greekbloom.com\/index.php\/wp-json\/wp\/v2\/product"}],"about":[{"href":"https:\/\/greekbloom.com\/index.php\/wp-json\/wp\/v2\/types\/product"}],"replies":[{"embeddable":true,"href":"https:\/\/greekbloom.com\/index.php\/wp-json\/wp\/v2\/comments?post=29962"}],"version-history":[{"count":1,"href":"https:\/\/greekbloom.com\/index.php\/wp-json\/wp\/v2\/product\/29962\/revisions"}],"predecessor-version":[{"id":29963,"href":"https:\/\/greekbloom.com\/index.php\/wp-json\/wp\/v2\/product\/29962\/revisions\/29963"}],"wp:featuredmedia":[{"embeddable":true,"href":"https:\/\/greekbloom.com\/index.php\/wp-json\/wp\/v2\/media\/29911"}],"wp:attachment":[{"href":"https:\/\/greekbloom.com\/index.php\/wp-json\/wp\/v2\/media?parent=29962"}],"wp:term":[{"taxonomy":"product_brand","embeddable":true,"href":"https:\/\/greekbloom.com\/index.php\/wp-json\/wp\/v2\/product_brand?post=29962"},{"taxonomy":"product_cat","embeddable":true,"href":"https:\/\/greekbloom.com\/index.php\/wp-json\/wp\/v2\/product_cat?post=29962"},{"taxonomy":"product_tag","embeddable":true,"href":"https:\/\/greekbloom.com\/index.php\/wp-json\/wp\/v2\/product_tag?post=29962"}],"curies":[{"name":"wp","href":"https:\/\/api.w.org\/{rel}","templated":true}]}}