{"id":29960,"date":"2026-04-07T21:15:26","date_gmt":"2026-04-07T20:15:26","guid":{"rendered":"https:\/\/greekbloom.com\/?post_type=product&#038;p=29960"},"modified":"2026-04-07T21:15:26","modified_gmt":"2026-04-07T20:15:26","slug":"ziria-autentisk-gresk-fetaost-150g","status":"publish","type":"product","link":"https:\/\/greekbloom.com\/index.php\/product\/ziria-autentisk-gresk-fetaost-150g\/","title":{"rendered":"Ziria autentisk gresk fetaost \u2013 150g"},"content":{"rendered":"<p><img loading=\"lazy\" decoding=\"async\" class=\"alignnone size-medium wp-image-29909\" src=\"https:\/\/greekbloom.com\/wp-content\/uploads\/2026\/04\/Photoroom_20260407_125016-225x300.jpeg\" alt=\"\" width=\"225\" height=\"300\" srcset=\"https:\/\/greekbloom.com\/wp-content\/uploads\/2026\/04\/Photoroom_20260407_125016-225x300.jpeg 225w, https:\/\/greekbloom.com\/wp-content\/uploads\/2026\/04\/Photoroom_20260407_125016-600x800.jpeg 600w, https:\/\/greekbloom.com\/wp-content\/uploads\/2026\/04\/Photoroom_20260407_125016-768x1024.jpeg 768w, https:\/\/greekbloom.com\/wp-content\/uploads\/2026\/04\/Photoroom_20260407_125016-1152x1536.jpeg 1152w, https:\/\/greekbloom.com\/wp-content\/uploads\/2026\/04\/Photoroom_20260407_125016-150x200.jpeg 150w, https:\/\/greekbloom.com\/wp-content\/uploads\/2026\/04\/Photoroom_20260407_125016.jpeg 1512w\" sizes=\"auto, (max-width: 225px) 100vw, 225px\" \/><\/p>\n","protected":false},"excerpt":{"rendered":"<p data-start=\"113\" data-end=\"367\">Opplev ekte gresk kvalitet med <strong data-start=\"144\" data-end=\"161\">Ziria fetaost<\/strong>, produsert av sm\u00e5, lokale produsenter i de greske fjellene. Denne fetaosten lages etter tradisjonelle metoder som har blitt videref\u00f8rt gjennom generasjoner, noe som gir en autentisk og karakteristisk smak.<\/p>\n<p data-start=\"369\" data-end=\"556\">Med sin fyldige, lett salte og kremete konsistens har den en <strong data-start=\"430\" data-end=\"465\">klassisk, tradisjonell fetasmak<\/strong> som skiller seg ut. Perfekt i salater, til varme retter, eller som en del av et tapasbord.<\/p>\n<p data-start=\"558\" data-end=\"675\">Den h\u00f8ye kvaliteten p\u00e5 melk fra fjellomr\u00e5dene gir en ren og naturlig smak som gjenspeiler det ekte greske h\u00e5ndverket.<\/p>\n<p data-start=\"677\" data-end=\"696\"><strong data-start=\"677\" data-end=\"696\">N\u00f8kkelfordeler:<\/strong><\/p>\n<ul data-start=\"697\" data-end=\"899\">\n<li data-section-id=\"g2lk28\" data-start=\"697\" data-end=\"724\">Autentisk gresk fetaost<\/li>\n<li data-section-id=\"1ii62nk\" data-start=\"725\" data-end=\"771\">Produsert av sm\u00e5 fjellprodusenter i Hellas<\/li>\n<li data-section-id=\"1jvh84g\" data-start=\"772\" data-end=\"814\">Tradisjonelle metoder og ekte h\u00e5ndverk<\/li>\n<li data-section-id=\"ego66a\" data-start=\"815\" data-end=\"851\">Fyldig, kremet og lett salt smak<\/li>\n<li data-section-id=\"15hdobx\" data-start=\"852\" data-end=\"899\">Perfekt til salater, matlaging og servering<\/li>\n<\/ul>\n<p data-start=\"901\" data-end=\"984\">Nyt en ekte smak av Hellas med <strong data-start=\"932\" data-end=\"949\">Ziria fetaost<\/strong> \u2013 laget med stolthet og tradisjon.<\/p>\n","protected":false},"featured_media":29909,"comment_status":"open","ping_status":"closed","template":"","meta":[],"product_brand":[],"product_cat":[87],"product_tag":[],"class_list":{"0":"post-29960","1":"product","2":"type-product","3":"status-publish","4":"has-post-thumbnail","6":"product_cat-ost","8":"first","9":"instock","10":"shipping-taxable","11":"purchasable","12":"product-type-simple"},"aioseo_notices":[],"_links":{"self":[{"href":"https:\/\/greekbloom.com\/index.php\/wp-json\/wp\/v2\/product\/29960","targetHints":{"allow":["GET"]}}],"collection":[{"href":"https:\/\/greekbloom.com\/index.php\/wp-json\/wp\/v2\/product"}],"about":[{"href":"https:\/\/greekbloom.com\/index.php\/wp-json\/wp\/v2\/types\/product"}],"replies":[{"embeddable":true,"href":"https:\/\/greekbloom.com\/index.php\/wp-json\/wp\/v2\/comments?post=29960"}],"version-history":[{"count":1,"href":"https:\/\/greekbloom.com\/index.php\/wp-json\/wp\/v2\/product\/29960\/revisions"}],"predecessor-version":[{"id":29961,"href":"https:\/\/greekbloom.com\/index.php\/wp-json\/wp\/v2\/product\/29960\/revisions\/29961"}],"wp:featuredmedia":[{"embeddable":true,"href":"https:\/\/greekbloom.com\/index.php\/wp-json\/wp\/v2\/media\/29909"}],"wp:attachment":[{"href":"https:\/\/greekbloom.com\/index.php\/wp-json\/wp\/v2\/media?parent=29960"}],"wp:term":[{"taxonomy":"product_brand","embeddable":true,"href":"https:\/\/greekbloom.com\/index.php\/wp-json\/wp\/v2\/product_brand?post=29960"},{"taxonomy":"product_cat","embeddable":true,"href":"https:\/\/greekbloom.com\/index.php\/wp-json\/wp\/v2\/product_cat?post=29960"},{"taxonomy":"product_tag","embeddable":true,"href":"https:\/\/greekbloom.com\/index.php\/wp-json\/wp\/v2\/product_tag?post=29960"}],"curies":[{"name":"wp","href":"https:\/\/api.w.org\/{rel}","templated":true}]}}