{"id":29954,"date":"2026-04-07T21:00:35","date_gmt":"2026-04-07T20:00:35","guid":{"rendered":"https:\/\/greekbloom.com\/?post_type=product&#038;p=29954"},"modified":"2026-04-07T21:00:35","modified_gmt":"2026-04-07T20:00:35","slug":"famiglia-spinatpai-med-fetaost-1kg","status":"publish","type":"product","link":"https:\/\/greekbloom.com\/index.php\/product\/famiglia-spinatpai-med-fetaost-1kg\/","title":{"rendered":"Famiglia spinatpai med fetaost \u2013 1kg"},"content":{"rendered":"<p><img loading=\"lazy\" decoding=\"async\" class=\"alignnone size-medium wp-image-29907\" src=\"https:\/\/greekbloom.com\/wp-content\/uploads\/2026\/04\/Photoroom_20260407_124638-225x300.jpeg\" alt=\"\" width=\"225\" height=\"300\" srcset=\"https:\/\/greekbloom.com\/wp-content\/uploads\/2026\/04\/Photoroom_20260407_124638-225x300.jpeg 225w, https:\/\/greekbloom.com\/wp-content\/uploads\/2026\/04\/Photoroom_20260407_124638-600x800.jpeg 600w, https:\/\/greekbloom.com\/wp-content\/uploads\/2026\/04\/Photoroom_20260407_124638-768x1024.jpeg 768w, https:\/\/greekbloom.com\/wp-content\/uploads\/2026\/04\/Photoroom_20260407_124638-1152x1536.jpeg 1152w, https:\/\/greekbloom.com\/wp-content\/uploads\/2026\/04\/Photoroom_20260407_124638-150x200.jpeg 150w, https:\/\/greekbloom.com\/wp-content\/uploads\/2026\/04\/Photoroom_20260407_124638.jpeg 1512w\" sizes=\"auto, (max-width: 225px) 100vw, 225px\" \/><\/p>\n","protected":false},"excerpt":{"rendered":"<p data-start=\"99\" data-end=\"352\">Opplev en klassisk smak fra Middelhavet med <strong data-start=\"143\" data-end=\"177\">Famiglia spinatpai med fetaost<\/strong>, laget med spr\u00f8 butterdeig og et smakfullt fyll av spinat og kremet fetaost. Denne tradisjonelle paien kombinerer en gyllen, flakete skorpe med en saftig og aromatisk kjerne.<\/p>\n<p data-start=\"354\" data-end=\"489\">Perfekt som et lett m\u00e5ltid til lunsj eller middag, og ideell \u00e5 servere b\u00e5de varm og kald. Enkel \u00e5 tilberede i ovn, og klar p\u00e5 kort tid.<\/p>\n<p data-start=\"491\" data-end=\"598\">Kombinasjonen av spinat og feta gir en balansert og fyldig smak, inspirert av klassiske greske oppskrifter.<\/p>\n<p data-start=\"600\" data-end=\"619\"><strong data-start=\"600\" data-end=\"619\">N\u00f8kkelfordeler:<\/strong><\/p>\n<ul data-start=\"620\" data-end=\"801\">\n<li data-section-id=\"1i6mh39\" data-start=\"620\" data-end=\"661\">Spr\u00f8 butterdeig med spinat og fetaost<\/li>\n<li data-section-id=\"1yl46kq\" data-start=\"662\" data-end=\"689\">Klassisk middelhavssmak<\/li>\n<li data-section-id=\"1t6gcph\" data-start=\"690\" data-end=\"735\">Perfekt til lunsj, middag eller servering<\/li>\n<li data-section-id=\"hn93ah\" data-start=\"736\" data-end=\"766\">Enkel og rask tilberedning<\/li>\n<li data-section-id=\"1ln6dgb\" data-start=\"767\" data-end=\"801\">Kan serveres b\u00e5de varm og kald<\/li>\n<\/ul>\n<p data-start=\"803\" data-end=\"869\">Nyt en ekte gresk favoritt med <strong data-start=\"834\" data-end=\"868\">Famiglia spinatpai med fetaost<\/strong>.<\/p>\n","protected":false},"featured_media":29907,"comment_status":"open","ping_status":"closed","template":"","meta":[],"product_brand":[],"product_cat":[90],"product_tag":[],"class_list":{"0":"post-29954","1":"product","2":"type-product","3":"status-publish","4":"has-post-thumbnail","6":"product_cat-autentiske-greske-pitaer-frosne","8":"first","9":"instock","10":"shipping-taxable","11":"purchasable","12":"product-type-simple"},"aioseo_notices":[],"_links":{"self":[{"href":"https:\/\/greekbloom.com\/index.php\/wp-json\/wp\/v2\/product\/29954","targetHints":{"allow":["GET"]}}],"collection":[{"href":"https:\/\/greekbloom.com\/index.php\/wp-json\/wp\/v2\/product"}],"about":[{"href":"https:\/\/greekbloom.com\/index.php\/wp-json\/wp\/v2\/types\/product"}],"replies":[{"embeddable":true,"href":"https:\/\/greekbloom.com\/index.php\/wp-json\/wp\/v2\/comments?post=29954"}],"version-history":[{"count":1,"href":"https:\/\/greekbloom.com\/index.php\/wp-json\/wp\/v2\/product\/29954\/revisions"}],"predecessor-version":[{"id":29955,"href":"https:\/\/greekbloom.com\/index.php\/wp-json\/wp\/v2\/product\/29954\/revisions\/29955"}],"wp:featuredmedia":[{"embeddable":true,"href":"https:\/\/greekbloom.com\/index.php\/wp-json\/wp\/v2\/media\/29907"}],"wp:attachment":[{"href":"https:\/\/greekbloom.com\/index.php\/wp-json\/wp\/v2\/media?parent=29954"}],"wp:term":[{"taxonomy":"product_brand","embeddable":true,"href":"https:\/\/greekbloom.com\/index.php\/wp-json\/wp\/v2\/product_brand?post=29954"},{"taxonomy":"product_cat","embeddable":true,"href":"https:\/\/greekbloom.com\/index.php\/wp-json\/wp\/v2\/product_cat?post=29954"},{"taxonomy":"product_tag","embeddable":true,"href":"https:\/\/greekbloom.com\/index.php\/wp-json\/wp\/v2\/product_tag?post=29954"}],"curies":[{"name":"wp","href":"https:\/\/api.w.org\/{rel}","templated":true}]}}