{"id":29950,"date":"2026-04-07T20:52:38","date_gmt":"2026-04-07T19:52:38","guid":{"rendered":"https:\/\/greekbloom.com\/?post_type=product&#038;p=29950"},"modified":"2026-04-07T20:52:38","modified_gmt":"2026-04-07T19:52:38","slug":"famiglia-mini-rolls-med-spinat-og-fetaost-450g","status":"publish","type":"product","link":"https:\/\/greekbloom.com\/index.php\/product\/famiglia-mini-rolls-med-spinat-og-fetaost-450g\/","title":{"rendered":"Famiglia Mini Rolls med spinat og fetaost \u2013 450g"},"content":{"rendered":"<p><img loading=\"lazy\" decoding=\"async\" class=\"alignnone size-medium wp-image-29906\" src=\"https:\/\/greekbloom.com\/wp-content\/uploads\/2026\/04\/Photoroom_20260407_124441-225x300.jpeg\" alt=\"\" width=\"225\" height=\"300\" srcset=\"https:\/\/greekbloom.com\/wp-content\/uploads\/2026\/04\/Photoroom_20260407_124441-225x300.jpeg 225w, https:\/\/greekbloom.com\/wp-content\/uploads\/2026\/04\/Photoroom_20260407_124441-600x800.jpeg 600w, https:\/\/greekbloom.com\/wp-content\/uploads\/2026\/04\/Photoroom_20260407_124441-768x1024.jpeg 768w, https:\/\/greekbloom.com\/wp-content\/uploads\/2026\/04\/Photoroom_20260407_124441-1152x1536.jpeg 1152w, https:\/\/greekbloom.com\/wp-content\/uploads\/2026\/04\/Photoroom_20260407_124441-150x200.jpeg 150w, https:\/\/greekbloom.com\/wp-content\/uploads\/2026\/04\/Photoroom_20260407_124441.jpeg 1512w\" sizes=\"auto, (max-width: 225px) 100vw, 225px\" \/><\/p>\n","protected":false},"excerpt":{"rendered":"<p data-start=\"112\" data-end=\"295\">Nyt en spr\u00f8 og smakfull snack med <strong data-start=\"146\" data-end=\"191\">Famiglia Mini Rolls med spinat og fetaost<\/strong> \u2013 sm\u00e5, gyldne butterdeigsruller fylt med en klassisk middelhavskombinasjon av spinat og kremet fetaost.<\/p>\n<p data-start=\"297\" data-end=\"477\">Disse minirollene har en lett og flakete konsistens med et rikt og smakfullt fyll, perfekt b\u00e5de til hverdags og n\u00e5r du f\u00e5r gjester. Enkle \u00e5 tilberede i ovn og klare p\u00e5 f\u00e5 minutter.<\/p>\n<p data-start=\"479\" data-end=\"570\">Perfekte som fingermat, til tapasbordet, i lunsjbokser eller som en rask og mettende snack.<\/p>\n<p data-start=\"572\" data-end=\"591\"><strong data-start=\"572\" data-end=\"591\">N\u00f8kkelfordeler:<\/strong><\/p>\n<ul data-start=\"592\" data-end=\"774\">\n<li data-section-id=\"1h4guxx\" data-start=\"592\" data-end=\"645\">Spr\u00f8 mini butterdeigsruller med spinat og fetaost<\/li>\n<li data-section-id=\"1yl46kq\" data-start=\"646\" data-end=\"673\">Klassisk middelhavssmak<\/li>\n<li data-section-id=\"j4cnoz\" data-start=\"674\" data-end=\"716\">Perfekt til snacks, tapas og servering<\/li>\n<li data-section-id=\"arynnt\" data-start=\"717\" data-end=\"747\">Rask og enkel tilberedning<\/li>\n<li data-section-id=\"vv2ubr\" data-start=\"748\" data-end=\"774\">Praktisk 450 g pakning<\/li>\n<\/ul>\n<p data-start=\"776\" data-end=\"852\">Nyt smaken av Middelhavet med <strong data-start=\"806\" data-end=\"851\">Famiglia Mini Rolls med spinat og fetaost<\/strong>.<\/p>\n","protected":false},"featured_media":29906,"comment_status":"open","ping_status":"closed","template":"","meta":[],"product_brand":[],"product_cat":[90],"product_tag":[],"class_list":{"0":"post-29950","1":"product","2":"type-product","3":"status-publish","4":"has-post-thumbnail","6":"product_cat-autentiske-greske-pitaer-frosne","8":"first","9":"instock","10":"shipping-taxable","11":"purchasable","12":"product-type-simple"},"aioseo_notices":[],"_links":{"self":[{"href":"https:\/\/greekbloom.com\/index.php\/wp-json\/wp\/v2\/product\/29950","targetHints":{"allow":["GET"]}}],"collection":[{"href":"https:\/\/greekbloom.com\/index.php\/wp-json\/wp\/v2\/product"}],"about":[{"href":"https:\/\/greekbloom.com\/index.php\/wp-json\/wp\/v2\/types\/product"}],"replies":[{"embeddable":true,"href":"https:\/\/greekbloom.com\/index.php\/wp-json\/wp\/v2\/comments?post=29950"}],"version-history":[{"count":1,"href":"https:\/\/greekbloom.com\/index.php\/wp-json\/wp\/v2\/product\/29950\/revisions"}],"predecessor-version":[{"id":29951,"href":"https:\/\/greekbloom.com\/index.php\/wp-json\/wp\/v2\/product\/29950\/revisions\/29951"}],"wp:featuredmedia":[{"embeddable":true,"href":"https:\/\/greekbloom.com\/index.php\/wp-json\/wp\/v2\/media\/29906"}],"wp:attachment":[{"href":"https:\/\/greekbloom.com\/index.php\/wp-json\/wp\/v2\/media?parent=29950"}],"wp:term":[{"taxonomy":"product_brand","embeddable":true,"href":"https:\/\/greekbloom.com\/index.php\/wp-json\/wp\/v2\/product_brand?post=29950"},{"taxonomy":"product_cat","embeddable":true,"href":"https:\/\/greekbloom.com\/index.php\/wp-json\/wp\/v2\/product_cat?post=29950"},{"taxonomy":"product_tag","embeddable":true,"href":"https:\/\/greekbloom.com\/index.php\/wp-json\/wp\/v2\/product_tag?post=29950"}],"curies":[{"name":"wp","href":"https:\/\/api.w.org\/{rel}","templated":true}]}}