{"id":29898,"date":"2026-04-07T11:36:33","date_gmt":"2026-04-07T10:36:33","guid":{"rendered":"https:\/\/greekbloom.com\/?post_type=product&#038;p=29898"},"modified":"2026-04-07T11:36:33","modified_gmt":"2026-04-07T10:36:33","slug":"the-manna-hvetesnacks-med-olivenolje","status":"publish","type":"product","link":"https:\/\/greekbloom.com\/index.php\/product\/the-manna-hvetesnacks-med-olivenolje\/","title":{"rendered":"The Manna hvetesnacks med olivenolje"},"content":{"rendered":"<p><img loading=\"lazy\" decoding=\"async\" class=\"alignnone size-medium wp-image-29856\" src=\"https:\/\/greekbloom.com\/wp-content\/uploads\/2026\/03\/Photoroom_20260324_183814-225x300.jpeg\" alt=\"\" width=\"225\" height=\"300\" srcset=\"https:\/\/greekbloom.com\/wp-content\/uploads\/2026\/03\/Photoroom_20260324_183814-225x300.jpeg 225w, https:\/\/greekbloom.com\/wp-content\/uploads\/2026\/03\/Photoroom_20260324_183814-150x200.jpeg 150w, https:\/\/greekbloom.com\/wp-content\/uploads\/2026\/03\/Photoroom_20260324_183814-600x800.jpeg 600w, https:\/\/greekbloom.com\/wp-content\/uploads\/2026\/03\/Photoroom_20260324_183814-768x1024.jpeg 768w, https:\/\/greekbloom.com\/wp-content\/uploads\/2026\/03\/Photoroom_20260324_183814-1152x1536.jpeg 1152w, https:\/\/greekbloom.com\/wp-content\/uploads\/2026\/03\/Photoroom_20260324_183814.jpeg 1512w\" sizes=\"auto, (max-width: 225px) 100vw, 225px\" \/><\/p>\n","protected":false},"excerpt":{"rendered":"<p data-start=\"102\" data-end=\"332\">Oppdag en spr\u00f8 og smakfull snack med <strong data-start=\"139\" data-end=\"179\">The Manna hvetesnacks med olivenolje<\/strong>, laget etter tradisjonelle greske oppskrifter. Disse lette og crispy snacksene er bakt med olivenolje, som gir en rik smak og en ekstra spr\u00f8 konsistens.<\/p>\n<p data-start=\"334\" data-end=\"517\">Perfekte som en sunnere snack i hverdagen, til tapas, eller som tilbeh\u00f8r til salater og supper. Den milde smaken av olivenolje gj\u00f8r dem enkle \u00e5 kombinere med ost, dipper eller p\u00e5legg.<\/p>\n<p data-start=\"519\" data-end=\"654\">Olivenolje er kjent for sitt innhold av sunne fettsyrer og antioksidanter, noe som gj\u00f8r dette til et smakfullt og balansert alternativ.<\/p>\n<p data-start=\"656\" data-end=\"675\"><strong data-start=\"656\" data-end=\"675\">N\u00f8kkelfordeler:<\/strong><\/p>\n<ul data-start=\"676\" data-end=\"883\">\n<li data-section-id=\"161ykxz\" data-start=\"676\" data-end=\"716\">Spr\u00f8 hvetesnacks bakt med olivenolje<\/li>\n<li data-section-id=\"1g4nv4g\" data-start=\"717\" data-end=\"746\">Autentisk gresk oppskrift<\/li>\n<li data-section-id=\"1pblme2\" data-start=\"747\" data-end=\"794\">Perfekt som snack, til tapas eller tilbeh\u00f8r<\/li>\n<li data-section-id=\"19eu8vx\" data-start=\"795\" data-end=\"840\">Inneholder sunne fettsyrer fra olivenolje<\/li>\n<li data-section-id=\"1jik3o2\" data-start=\"841\" data-end=\"883\">Praktisk og ferskhetsbevarende pakning<\/li>\n<\/ul>\n<p data-start=\"885\" data-end=\"961\">Nyt en enkel og smakfull snack med <strong data-start=\"920\" data-end=\"960\">The Manna hvetesnacks med olivenolje<\/strong>.<\/p>\n","protected":false},"featured_media":29856,"comment_status":"open","ping_status":"closed","template":"","meta":[],"product_brand":[],"product_cat":[79],"product_tag":[],"class_list":{"0":"post-29898","1":"product","2":"type-product","3":"status-publish","4":"has-post-thumbnail","6":"product_cat-kjeks-eller-snacks","8":"first","9":"outofstock","10":"shipping-taxable","11":"purchasable","12":"product-type-simple"},"aioseo_notices":[],"_links":{"self":[{"href":"https:\/\/greekbloom.com\/index.php\/wp-json\/wp\/v2\/product\/29898","targetHints":{"allow":["GET"]}}],"collection":[{"href":"https:\/\/greekbloom.com\/index.php\/wp-json\/wp\/v2\/product"}],"about":[{"href":"https:\/\/greekbloom.com\/index.php\/wp-json\/wp\/v2\/types\/product"}],"replies":[{"embeddable":true,"href":"https:\/\/greekbloom.com\/index.php\/wp-json\/wp\/v2\/comments?post=29898"}],"version-history":[{"count":1,"href":"https:\/\/greekbloom.com\/index.php\/wp-json\/wp\/v2\/product\/29898\/revisions"}],"predecessor-version":[{"id":29899,"href":"https:\/\/greekbloom.com\/index.php\/wp-json\/wp\/v2\/product\/29898\/revisions\/29899"}],"wp:featuredmedia":[{"embeddable":true,"href":"https:\/\/greekbloom.com\/index.php\/wp-json\/wp\/v2\/media\/29856"}],"wp:attachment":[{"href":"https:\/\/greekbloom.com\/index.php\/wp-json\/wp\/v2\/media?parent=29898"}],"wp:term":[{"taxonomy":"product_brand","embeddable":true,"href":"https:\/\/greekbloom.com\/index.php\/wp-json\/wp\/v2\/product_brand?post=29898"},{"taxonomy":"product_cat","embeddable":true,"href":"https:\/\/greekbloom.com\/index.php\/wp-json\/wp\/v2\/product_cat?post=29898"},{"taxonomy":"product_tag","embeddable":true,"href":"https:\/\/greekbloom.com\/index.php\/wp-json\/wp\/v2\/product_tag?post=29898"}],"curies":[{"name":"wp","href":"https:\/\/api.w.org\/{rel}","templated":true}]}}