{"id":29887,"date":"2026-04-07T10:54:17","date_gmt":"2026-04-07T09:54:17","guid":{"rendered":"https:\/\/greekbloom.com\/?post_type=product&#038;p=29887"},"modified":"2026-04-07T10:54:17","modified_gmt":"2026-04-07T09:54:17","slug":"olivelia-artisjokksalat","status":"publish","type":"product","link":"https:\/\/greekbloom.com\/index.php\/product\/olivelia-artisjokksalat\/","title":{"rendered":"Olivelia artisjokksalat"},"content":{"rendered":"<p><img loading=\"lazy\" decoding=\"async\" class=\"alignnone size-medium wp-image-29847\" src=\"https:\/\/greekbloom.com\/wp-content\/uploads\/2026\/03\/Photoroom_20260324_182925-225x300.jpeg\" alt=\"\" width=\"225\" height=\"300\" srcset=\"https:\/\/greekbloom.com\/wp-content\/uploads\/2026\/03\/Photoroom_20260324_182925-225x300.jpeg 225w, https:\/\/greekbloom.com\/wp-content\/uploads\/2026\/03\/Photoroom_20260324_182925-150x200.jpeg 150w, https:\/\/greekbloom.com\/wp-content\/uploads\/2026\/03\/Photoroom_20260324_182925-600x800.jpeg 600w, https:\/\/greekbloom.com\/wp-content\/uploads\/2026\/03\/Photoroom_20260324_182925-768x1024.jpeg 768w, https:\/\/greekbloom.com\/wp-content\/uploads\/2026\/03\/Photoroom_20260324_182925-1152x1536.jpeg 1152w, https:\/\/greekbloom.com\/wp-content\/uploads\/2026\/03\/Photoroom_20260324_182925.jpeg 1512w\" sizes=\"auto, (max-width: 225px) 100vw, 225px\" \/><\/p>\n","protected":false},"excerpt":{"rendered":"<p data-start=\"110\" data-end=\"348\">Oppdag en smakfull og n\u00e6ringsrik delikatesse med <strong data-start=\"159\" data-end=\"187\">Olivelia artisjokksalat<\/strong>, laget av n\u00f8ye utvalgte artisjokker og kvalitetsingredienser fra Hellas. Denne delikate salaten kombinerer autentisk middelhavssmak med naturlige helsefordeler.<\/p>\n<p data-start=\"350\" data-end=\"589\">Artisjokk er kjent som en ekte <strong data-start=\"381\" data-end=\"394\">superfood<\/strong>, rik p\u00e5 antioksidanter, fiber og viktige n\u00e6ringsstoffer som st\u00f8tter ford\u00f8yelsen og bidrar til en sunn livsstil. Sammen med f\u00f8rsteklasses olivenolje gir dette en balansert og smakfull opplevelse.<\/p>\n<p data-start=\"591\" data-end=\"774\">Perfekt som tilbeh\u00f8r, i salater, p\u00e5 tapasbordet eller som en sunn snack. Den friske og lette smaken gj\u00f8r den til et naturlig valg for deg som \u00f8nsker b\u00e5de nytelse og helse i hverdagen.<\/p>\n<p data-start=\"776\" data-end=\"795\"><strong data-start=\"776\" data-end=\"795\">N\u00f8kkelfordeler:<\/strong><\/p>\n<ul data-start=\"796\" data-end=\"1033\">\n<li data-section-id=\"xrwyni\" data-start=\"796\" data-end=\"840\">Laget av kvalitetsartisjokker fra Hellas<\/li>\n<li data-section-id=\"18ldgue\" data-start=\"841\" data-end=\"894\">Naturlig superfood rik p\u00e5 antioksidanter og fiber<\/li>\n<li data-section-id=\"1l1zk1j\" data-start=\"895\" data-end=\"936\">St\u00f8tter en sunn og balansert livsstil<\/li>\n<li data-section-id=\"17n4lmw\" data-start=\"937\" data-end=\"983\">Delikat, frisk og autentisk middelhavssmak<\/li>\n<li data-section-id=\"ldei7m\" data-start=\"984\" data-end=\"1033\">Perfekt til tapas, salater eller som tilbeh\u00f8r<\/li>\n<\/ul>\n<p data-start=\"1035\" data-end=\"1114\">Gi kroppen noe godt \u2013 og nyt smaken av Hellas med <strong data-start=\"1085\" data-end=\"1113\">Olivelia artisjokksalat<\/strong>.<\/p>\n","protected":false},"featured_media":29847,"comment_status":"open","ping_status":"closed","template":"","meta":[],"product_brand":[],"product_cat":[82],"product_tag":[],"class_list":{"0":"post-29887","1":"product","2":"type-product","3":"status-publish","4":"has-post-thumbnail","6":"product_cat-syltede-gronnsaker","8":"first","9":"instock","10":"shipping-taxable","11":"purchasable","12":"product-type-simple"},"aioseo_notices":[],"_links":{"self":[{"href":"https:\/\/greekbloom.com\/index.php\/wp-json\/wp\/v2\/product\/29887","targetHints":{"allow":["GET"]}}],"collection":[{"href":"https:\/\/greekbloom.com\/index.php\/wp-json\/wp\/v2\/product"}],"about":[{"href":"https:\/\/greekbloom.com\/index.php\/wp-json\/wp\/v2\/types\/product"}],"replies":[{"embeddable":true,"href":"https:\/\/greekbloom.com\/index.php\/wp-json\/wp\/v2\/comments?post=29887"}],"version-history":[{"count":1,"href":"https:\/\/greekbloom.com\/index.php\/wp-json\/wp\/v2\/product\/29887\/revisions"}],"predecessor-version":[{"id":29888,"href":"https:\/\/greekbloom.com\/index.php\/wp-json\/wp\/v2\/product\/29887\/revisions\/29888"}],"wp:featuredmedia":[{"embeddable":true,"href":"https:\/\/greekbloom.com\/index.php\/wp-json\/wp\/v2\/media\/29847"}],"wp:attachment":[{"href":"https:\/\/greekbloom.com\/index.php\/wp-json\/wp\/v2\/media?parent=29887"}],"wp:term":[{"taxonomy":"product_brand","embeddable":true,"href":"https:\/\/greekbloom.com\/index.php\/wp-json\/wp\/v2\/product_brand?post=29887"},{"taxonomy":"product_cat","embeddable":true,"href":"https:\/\/greekbloom.com\/index.php\/wp-json\/wp\/v2\/product_cat?post=29887"},{"taxonomy":"product_tag","embeddable":true,"href":"https:\/\/greekbloom.com\/index.php\/wp-json\/wp\/v2\/product_tag?post=29887"}],"curies":[{"name":"wp","href":"https:\/\/api.w.org\/{rel}","templated":true}]}}