{"id":29885,"date":"2026-04-07T10:46:07","date_gmt":"2026-04-07T09:46:07","guid":{"rendered":"https:\/\/greekbloom.com\/?post_type=product&#038;p=29885"},"modified":"2026-04-07T10:46:07","modified_gmt":"2026-04-07T09:46:07","slug":"argo-extra-virgin-olivenolje-5-liter","status":"publish","type":"product","link":"https:\/\/greekbloom.com\/index.php\/product\/argo-extra-virgin-olivenolje-5-liter\/","title":{"rendered":"Argo extra virgin olivenolje \u2013 5 liter"},"content":{"rendered":"<p><img loading=\"lazy\" decoding=\"async\" class=\"alignnone size-medium wp-image-29844\" src=\"https:\/\/greekbloom.com\/wp-content\/uploads\/2026\/03\/Photoroom_20260324_182555-225x300.jpeg\" alt=\"\" width=\"225\" height=\"300\" srcset=\"https:\/\/greekbloom.com\/wp-content\/uploads\/2026\/03\/Photoroom_20260324_182555-225x300.jpeg 225w, https:\/\/greekbloom.com\/wp-content\/uploads\/2026\/03\/Photoroom_20260324_182555-150x200.jpeg 150w, https:\/\/greekbloom.com\/wp-content\/uploads\/2026\/03\/Photoroom_20260324_182555-600x800.jpeg 600w, https:\/\/greekbloom.com\/wp-content\/uploads\/2026\/03\/Photoroom_20260324_182555-768x1024.jpeg 768w, https:\/\/greekbloom.com\/wp-content\/uploads\/2026\/03\/Photoroom_20260324_182555-1152x1536.jpeg 1152w, https:\/\/greekbloom.com\/wp-content\/uploads\/2026\/03\/Photoroom_20260324_182555.jpeg 1512w\" sizes=\"auto, (max-width: 225px) 100vw, 225px\" \/><\/p>\n","protected":false},"excerpt":{"rendered":"<p data-start=\"109\" data-end=\"305\">Opplev ekte gresk kvalitet med <strong data-start=\"140\" data-end=\"148\">Argo<\/strong> extra virgin olivenolje i en elegant 5 liters kanne. Denne olivenoljen er laget av n\u00f8ye utvalgte oliven og produsert med fokus p\u00e5 tradisjon, renhet og smak.<\/p>\n<p data-start=\"307\" data-end=\"565\">Kaldpresset for \u00e5 bevare sine naturlige egenskaper, gir Argo en balansert og fyldig smak med en mild fruktighet og en behagelig avslutning. Den passer perfekt til b\u00e5de daglig matlaging og som en smakfull finishing oil over salater, gr\u00f8nnsaker, fisk og kj\u00f8tt.<\/p>\n<p data-start=\"567\" data-end=\"718\">Med sin h\u00f8ye kvalitet og autentiske opprinnelse fra Hellas, er dette et ideelt valg for deg som \u00f8nsker en p\u00e5litelig og smakfull olivenolje i hverdagen.<\/p>\n<p data-start=\"720\" data-end=\"821\">Rik p\u00e5 antioksidanter og sunne fettsyrer, bidrar denne olivenoljen til en sunn og balansert livsstil.<\/p>\n<p data-start=\"823\" data-end=\"842\"><strong data-start=\"823\" data-end=\"842\">N\u00f8kkelfordeler:<\/strong><\/p>\n<ul data-start=\"843\" data-end=\"1081\">\n<li data-section-id=\"1wdxwre\" data-start=\"843\" data-end=\"887\">100 % extra virgin olivenolje fra Hellas<\/li>\n<li data-section-id=\"1jyrbjt\" data-start=\"888\" data-end=\"924\">Kaldpresset for optimal kvalitet<\/li>\n<li data-section-id=\"1jmuz4k\" data-start=\"925\" data-end=\"973\">Fyldig og balansert smak med mild fruktighet<\/li>\n<li data-section-id=\"1l9vj3l\" data-start=\"974\" data-end=\"1039\">Praktisk 5 liters kanne \u2013 perfekt for familier og hyppig bruk<\/li>\n<li data-section-id=\"1pyxtst\" data-start=\"1040\" data-end=\"1081\">Egnet til b\u00e5de matlaging og servering<\/li>\n<\/ul>\n<p data-start=\"1083\" data-end=\"1133\">Ta smaken av Hellas inn p\u00e5 kj\u00f8kkenet med <strong data-start=\"1124\" data-end=\"1132\">Argo<\/strong>.<\/p>\n","protected":false},"featured_media":29844,"comment_status":"open","ping_status":"closed","template":"","meta":[],"product_brand":[],"product_cat":[77],"product_tag":[],"class_list":{"0":"post-29885","1":"product","2":"type-product","3":"status-publish","4":"has-post-thumbnail","6":"product_cat-olivenolje-og-eddik","8":"first","9":"instock","10":"shipping-taxable","11":"purchasable","12":"product-type-simple"},"aioseo_notices":[],"_links":{"self":[{"href":"https:\/\/greekbloom.com\/index.php\/wp-json\/wp\/v2\/product\/29885","targetHints":{"allow":["GET"]}}],"collection":[{"href":"https:\/\/greekbloom.com\/index.php\/wp-json\/wp\/v2\/product"}],"about":[{"href":"https:\/\/greekbloom.com\/index.php\/wp-json\/wp\/v2\/types\/product"}],"replies":[{"embeddable":true,"href":"https:\/\/greekbloom.com\/index.php\/wp-json\/wp\/v2\/comments?post=29885"}],"version-history":[{"count":1,"href":"https:\/\/greekbloom.com\/index.php\/wp-json\/wp\/v2\/product\/29885\/revisions"}],"predecessor-version":[{"id":29886,"href":"https:\/\/greekbloom.com\/index.php\/wp-json\/wp\/v2\/product\/29885\/revisions\/29886"}],"wp:featuredmedia":[{"embeddable":true,"href":"https:\/\/greekbloom.com\/index.php\/wp-json\/wp\/v2\/media\/29844"}],"wp:attachment":[{"href":"https:\/\/greekbloom.com\/index.php\/wp-json\/wp\/v2\/media?parent=29885"}],"wp:term":[{"taxonomy":"product_brand","embeddable":true,"href":"https:\/\/greekbloom.com\/index.php\/wp-json\/wp\/v2\/product_brand?post=29885"},{"taxonomy":"product_cat","embeddable":true,"href":"https:\/\/greekbloom.com\/index.php\/wp-json\/wp\/v2\/product_cat?post=29885"},{"taxonomy":"product_tag","embeddable":true,"href":"https:\/\/greekbloom.com\/index.php\/wp-json\/wp\/v2\/product_tag?post=29885"}],"curies":[{"name":"wp","href":"https:\/\/api.w.org\/{rel}","templated":true}]}}