{"id":29883,"date":"2026-04-07T10:43:32","date_gmt":"2026-04-07T09:43:32","guid":{"rendered":"https:\/\/greekbloom.com\/?post_type=product&#038;p=29883"},"modified":"2026-04-07T10:43:32","modified_gmt":"2026-04-07T09:43:32","slug":"olivellia-golden-kalamata-extra-virgin-olivenolje-5-liter","status":"publish","type":"product","link":"https:\/\/greekbloom.com\/index.php\/product\/olivellia-golden-kalamata-extra-virgin-olivenolje-5-liter\/","title":{"rendered":"Olivellia Golden Kalamata extra virgin olivenolje \u2013 5 liter"},"content":{"rendered":"<p><img loading=\"lazy\" decoding=\"async\" class=\"alignnone size-medium wp-image-29841\" src=\"https:\/\/greekbloom.com\/wp-content\/uploads\/2026\/03\/Photoroom_20260324_182336-225x300.jpeg\" alt=\"\" width=\"225\" height=\"300\" srcset=\"https:\/\/greekbloom.com\/wp-content\/uploads\/2026\/03\/Photoroom_20260324_182336-225x300.jpeg 225w, https:\/\/greekbloom.com\/wp-content\/uploads\/2026\/03\/Photoroom_20260324_182336-150x200.jpeg 150w, https:\/\/greekbloom.com\/wp-content\/uploads\/2026\/03\/Photoroom_20260324_182336-600x800.jpeg 600w, https:\/\/greekbloom.com\/wp-content\/uploads\/2026\/03\/Photoroom_20260324_182336-768x1024.jpeg 768w, https:\/\/greekbloom.com\/wp-content\/uploads\/2026\/03\/Photoroom_20260324_182336-1152x1536.jpeg 1152w, https:\/\/greekbloom.com\/wp-content\/uploads\/2026\/03\/Photoroom_20260324_182336.jpeg 1512w\" sizes=\"auto, (max-width: 225px) 100vw, 225px\" \/><\/p>\n","protected":false},"excerpt":{"rendered":"<p data-start=\"125\" data-end=\"366\">Opplev en autentisk smak av Hellas med <strong data-start=\"164\" data-end=\"193\">Olivellia Golden Kalamata<\/strong> extra virgin olivenolje i en praktisk 5 liters kanne. Laget av n\u00f8ye utvalgte Kalamata-oliven, er dette en f\u00f8rsteklasses olivenolje kjent for sin rike smak og h\u00f8ye kvalitet.<\/p>\n<p data-start=\"368\" data-end=\"553\">Som en av de f\u00f8rste olivenoljene av sitt slag introdusert p\u00e5 det norske markedet, har Olivellia opparbeidet seg et sterkt rykte for autentisitet, stabil kvalitet og ekte middelhavssmak.<\/p>\n<p data-start=\"555\" data-end=\"790\">Kaldpresset for \u00e5 bevare naturlige n\u00e6ringsstoffer og aroma, gir denne olivenoljen en fyldig og fruktig smak med en lett pepperaktig avslutning. Perfekt til daglig bruk \u2013 den passer utmerket til salater, gr\u00f8nnsaker, fisk og kj\u00f8ttretter.<\/p>\n<p data-start=\"792\" data-end=\"918\">Naturlig rik p\u00e5 antioksidanter og sunne fettsyrer, er dette et godt valg for deg som \u00f8nsker b\u00e5de smak og kvalitet i hverdagen.<\/p>\n<p data-start=\"920\" data-end=\"939\"><strong data-start=\"920\" data-end=\"939\">N\u00f8kkelfordeler:<\/strong><\/p>\n<ul data-start=\"940\" data-end=\"1253\">\n<li data-section-id=\"1wdxwre\" data-start=\"940\" data-end=\"984\">100 % extra virgin olivenolje fra Hellas<\/li>\n<li data-section-id=\"nmhcf6\" data-start=\"985\" data-end=\"1029\">Laget av Kalamata-oliven av h\u00f8y kvalitet<\/li>\n<li data-section-id=\"jzmqws\" data-start=\"1030\" data-end=\"1082\">En av de f\u00f8rste olivenoljene introdusert i Norge<\/li>\n<li data-section-id=\"1p3tdb0\" data-start=\"1083\" data-end=\"1131\">Kaldpresset for optimal smak og n\u00e6ringsverdi<\/li>\n<li data-section-id=\"19fbdpl\" data-start=\"1132\" data-end=\"1188\">Fyldig, fruktig smak med lett pepperaktig avslutning<\/li>\n<li data-section-id=\"romlyf\" data-start=\"1189\" data-end=\"1253\">Praktisk 5 liters kanne \u2013 ideell for familier og hyppig bruk<\/li>\n<\/ul>\n<p data-start=\"1255\" data-end=\"1333\">Ta med deg en bit av gresk tradisjon hjem \u2013 med <strong data-start=\"1303\" data-end=\"1332\">Olivellia Golden Kalamata<\/strong>.<\/p>\n","protected":false},"featured_media":29841,"comment_status":"open","ping_status":"closed","template":"","meta":[],"product_brand":[],"product_cat":[77],"product_tag":[],"class_list":{"0":"post-29883","1":"product","2":"type-product","3":"status-publish","4":"has-post-thumbnail","6":"product_cat-olivenolje-og-eddik","8":"first","9":"instock","10":"shipping-taxable","11":"purchasable","12":"product-type-simple"},"aioseo_notices":[],"_links":{"self":[{"href":"https:\/\/greekbloom.com\/index.php\/wp-json\/wp\/v2\/product\/29883","targetHints":{"allow":["GET"]}}],"collection":[{"href":"https:\/\/greekbloom.com\/index.php\/wp-json\/wp\/v2\/product"}],"about":[{"href":"https:\/\/greekbloom.com\/index.php\/wp-json\/wp\/v2\/types\/product"}],"replies":[{"embeddable":true,"href":"https:\/\/greekbloom.com\/index.php\/wp-json\/wp\/v2\/comments?post=29883"}],"version-history":[{"count":1,"href":"https:\/\/greekbloom.com\/index.php\/wp-json\/wp\/v2\/product\/29883\/revisions"}],"predecessor-version":[{"id":29884,"href":"https:\/\/greekbloom.com\/index.php\/wp-json\/wp\/v2\/product\/29883\/revisions\/29884"}],"wp:featuredmedia":[{"embeddable":true,"href":"https:\/\/greekbloom.com\/index.php\/wp-json\/wp\/v2\/media\/29841"}],"wp:attachment":[{"href":"https:\/\/greekbloom.com\/index.php\/wp-json\/wp\/v2\/media?parent=29883"}],"wp:term":[{"taxonomy":"product_brand","embeddable":true,"href":"https:\/\/greekbloom.com\/index.php\/wp-json\/wp\/v2\/product_brand?post=29883"},{"taxonomy":"product_cat","embeddable":true,"href":"https:\/\/greekbloom.com\/index.php\/wp-json\/wp\/v2\/product_cat?post=29883"},{"taxonomy":"product_tag","embeddable":true,"href":"https:\/\/greekbloom.com\/index.php\/wp-json\/wp\/v2\/product_tag?post=29883"}],"curies":[{"name":"wp","href":"https:\/\/api.w.org\/{rel}","templated":true}]}}