{"id":29881,"date":"2026-04-07T10:36:03","date_gmt":"2026-04-07T09:36:03","guid":{"rendered":"https:\/\/greekbloom.com\/?post_type=product&#038;p=29881"},"modified":"2026-04-07T10:36:03","modified_gmt":"2026-04-07T09:36:03","slug":"olivellia-golden-kalamata-extra-virgin-olivenolje-3-liter","status":"publish","type":"product","link":"https:\/\/greekbloom.com\/index.php\/product\/olivellia-golden-kalamata-extra-virgin-olivenolje-3-liter\/","title":{"rendered":"Olivellia Golden Kalamata extra virgin olivenolje \u2013 3 liter"},"content":{"rendered":"<p><img loading=\"lazy\" decoding=\"async\" class=\"alignnone size-medium wp-image-29836\" src=\"https:\/\/greekbloom.com\/wp-content\/uploads\/2026\/03\/Photoroom_20260324_181817-225x300.jpeg\" alt=\"\" width=\"225\" height=\"300\" srcset=\"https:\/\/greekbloom.com\/wp-content\/uploads\/2026\/03\/Photoroom_20260324_181817-225x300.jpeg 225w, https:\/\/greekbloom.com\/wp-content\/uploads\/2026\/03\/Photoroom_20260324_181817-150x200.jpeg 150w, https:\/\/greekbloom.com\/wp-content\/uploads\/2026\/03\/Photoroom_20260324_181817-600x800.jpeg 600w, https:\/\/greekbloom.com\/wp-content\/uploads\/2026\/03\/Photoroom_20260324_181817-768x1024.jpeg 768w, https:\/\/greekbloom.com\/wp-content\/uploads\/2026\/03\/Photoroom_20260324_181817-1152x1536.jpeg 1152w, https:\/\/greekbloom.com\/wp-content\/uploads\/2026\/03\/Photoroom_20260324_181817.jpeg 1512w\" sizes=\"auto, (max-width: 225px) 100vw, 225px\" \/><\/p>\n","protected":false},"excerpt":{"rendered":"<p data-start=\"183\" data-end=\"413\">Opplev en ekte klassiker fra Hellas med <strong data-start=\"223\" data-end=\"252\">Olivellia Golden Kalamata<\/strong> extra virgin olivenolje i 3 liters kanne. Dette er en f\u00f8rsteklasses olivenolje laget av n\u00f8ye utvalgte Kalamata-oliven, kjent for sin rike smak og h\u00f8ye kvalitet.<\/p>\n<p data-start=\"415\" data-end=\"596\">Som en av de f\u00f8rste olivenoljene av sitt slag introdusert p\u00e5 det norske markedet, har Olivellia opparbeidet seg et rykte for autentisitet, p\u00e5litelig kvalitet og ekte middelhavssmak.<\/p>\n<p data-start=\"598\" data-end=\"828\">Kaldpresset for \u00e5 bevare naturlige n\u00e6ringsstoffer og aroma, gir denne olivenoljen en fyldig, fruktig smak med en lett pepperaktig avslutning. Perfekt til b\u00e5de matlaging og som smaksetter i salater, gr\u00f8nnsaker, fisk og kj\u00f8ttretter.<\/p>\n<p data-start=\"830\" data-end=\"951\">Rik p\u00e5 antioksidanter og sunne fettsyrer, er dette et naturlig valg for deg som \u00f8nsker b\u00e5de smak og kvalitet i hverdagen.<\/p>\n<p data-start=\"953\" data-end=\"972\"><strong data-start=\"953\" data-end=\"972\">N\u00f8kkelfordeler:<\/strong><\/p>\n<ul data-start=\"973\" data-end=\"1249\">\n<li data-section-id=\"1wdxwre\" data-start=\"973\" data-end=\"1017\">100 % extra virgin olivenolje fra Hellas<\/li>\n<li data-section-id=\"nmhcf6\" data-start=\"1018\" data-end=\"1062\">Laget av Kalamata-oliven av h\u00f8y kvalitet<\/li>\n<li data-section-id=\"jzmqws\" data-start=\"1063\" data-end=\"1115\">En av de f\u00f8rste olivenoljene introdusert i Norge<\/li>\n<li data-section-id=\"1p3tdb0\" data-start=\"1116\" data-end=\"1164\">Kaldpresset for optimal smak og n\u00e6ringsverdi<\/li>\n<li data-section-id=\"19fbdpl\" data-start=\"1165\" data-end=\"1221\">Fyldig, fruktig smak med lett pepperaktig avslutning<\/li>\n<li data-section-id=\"1amkmdo\" data-start=\"1222\" data-end=\"1249\">Praktisk 3 liters kanne<\/li>\n<\/ul>\n<p data-start=\"1251\" data-end=\"1329\">Ta med deg en bit av gresk tradisjon hjem \u2013 med <strong data-start=\"1299\" data-end=\"1328\">Olivellia Golden Kalamata<\/strong>.<\/p>\n","protected":false},"featured_media":29836,"comment_status":"open","ping_status":"closed","template":"","meta":[],"product_brand":[],"product_cat":[77],"product_tag":[],"class_list":{"0":"post-29881","1":"product","2":"type-product","3":"status-publish","4":"has-post-thumbnail","6":"product_cat-olivenolje-og-eddik","8":"first","9":"instock","10":"shipping-taxable","11":"purchasable","12":"product-type-simple"},"aioseo_notices":[],"_links":{"self":[{"href":"https:\/\/greekbloom.com\/index.php\/wp-json\/wp\/v2\/product\/29881","targetHints":{"allow":["GET"]}}],"collection":[{"href":"https:\/\/greekbloom.com\/index.php\/wp-json\/wp\/v2\/product"}],"about":[{"href":"https:\/\/greekbloom.com\/index.php\/wp-json\/wp\/v2\/types\/product"}],"replies":[{"embeddable":true,"href":"https:\/\/greekbloom.com\/index.php\/wp-json\/wp\/v2\/comments?post=29881"}],"version-history":[{"count":1,"href":"https:\/\/greekbloom.com\/index.php\/wp-json\/wp\/v2\/product\/29881\/revisions"}],"predecessor-version":[{"id":29882,"href":"https:\/\/greekbloom.com\/index.php\/wp-json\/wp\/v2\/product\/29881\/revisions\/29882"}],"wp:featuredmedia":[{"embeddable":true,"href":"https:\/\/greekbloom.com\/index.php\/wp-json\/wp\/v2\/media\/29836"}],"wp:attachment":[{"href":"https:\/\/greekbloom.com\/index.php\/wp-json\/wp\/v2\/media?parent=29881"}],"wp:term":[{"taxonomy":"product_brand","embeddable":true,"href":"https:\/\/greekbloom.com\/index.php\/wp-json\/wp\/v2\/product_brand?post=29881"},{"taxonomy":"product_cat","embeddable":true,"href":"https:\/\/greekbloom.com\/index.php\/wp-json\/wp\/v2\/product_cat?post=29881"},{"taxonomy":"product_tag","embeddable":true,"href":"https:\/\/greekbloom.com\/index.php\/wp-json\/wp\/v2\/product_tag?post=29881"}],"curies":[{"name":"wp","href":"https:\/\/api.w.org\/{rel}","templated":true}]}}