{"id":29879,"date":"2026-04-07T10:23:22","date_gmt":"2026-04-07T09:23:22","guid":{"rendered":"https:\/\/greekbloom.com\/?post_type=product&#038;p=29879"},"modified":"2026-04-07T10:23:22","modified_gmt":"2026-04-07T09:23:22","slug":"argolis-premium-gresk-extra-virgin-olivenolje-5-liter","status":"publish","type":"product","link":"https:\/\/greekbloom.com\/index.php\/product\/argolis-premium-gresk-extra-virgin-olivenolje-5-liter\/","title":{"rendered":"Argolis Premium gresk extra virgin olivenolje \u2013 5 liter"},"content":{"rendered":"<p><img loading=\"lazy\" decoding=\"async\" class=\"alignnone size-medium wp-image-29833\" src=\"https:\/\/greekbloom.com\/wp-content\/uploads\/2026\/03\/Photoroom_20260324_181554-225x300.jpeg\" alt=\"\" width=\"225\" height=\"300\" srcset=\"https:\/\/greekbloom.com\/wp-content\/uploads\/2026\/03\/Photoroom_20260324_181554-225x300.jpeg 225w, https:\/\/greekbloom.com\/wp-content\/uploads\/2026\/03\/Photoroom_20260324_181554-150x200.jpeg 150w, https:\/\/greekbloom.com\/wp-content\/uploads\/2026\/03\/Photoroom_20260324_181554-600x800.jpeg 600w, https:\/\/greekbloom.com\/wp-content\/uploads\/2026\/03\/Photoroom_20260324_181554-768x1024.jpeg 768w, https:\/\/greekbloom.com\/wp-content\/uploads\/2026\/03\/Photoroom_20260324_181554-1152x1536.jpeg 1152w, https:\/\/greekbloom.com\/wp-content\/uploads\/2026\/03\/Photoroom_20260324_181554.jpeg 1512w\" sizes=\"auto, (max-width: 225px) 100vw, 225px\" \/><\/p>\n","protected":false},"excerpt":{"rendered":"<p data-start=\"160\" data-end=\"423\">Opplev den ekte smaken av Hellas med <strong data-start=\"197\" data-end=\"208\">Argolis<\/strong> extra virgin olivenolje i praktisk 5 liters kanne. Denne olivenoljen er laget av n\u00f8ye utvalgte oliven dyrket under den varme middelhavssolen, og kaldpresset for \u00e5 bevare naturlige n\u00e6ringsstoffer og den rike smaken.<\/p>\n<p data-start=\"425\" data-end=\"610\">Argolis gir en myk og balansert smak med en lett fruktig aroma, perfekt til daglig bruk. Den passer utmerket til salater, grillede gr\u00f8nnsaker, fisk, kj\u00f8tt og klassiske middelhavsretter.<\/p>\n<p data-start=\"612\" data-end=\"744\">Med sin rene kvalitet og h\u00f8ye standard er dette et naturlig valg for deg som \u00f8nsker b\u00e5de god smak og sunne ingredienser i hverdagen.<\/p>\n<p data-start=\"746\" data-end=\"839\">Rik p\u00e5 antioksidanter og sunne fettsyrer, bidrar denne olivenoljen til en balansert livsstil.<\/p>\n<p data-start=\"841\" data-end=\"860\"><strong data-start=\"841\" data-end=\"860\">N\u00f8kkelfordeler:<\/strong><\/p>\n<ul data-start=\"861\" data-end=\"1130\">\n<li data-section-id=\"1wdxwre\" data-start=\"861\" data-end=\"905\">100 % extra virgin olivenolje fra Hellas<\/li>\n<li data-section-id=\"12jhzyq\" data-start=\"906\" data-end=\"938\">Kaldpresset for h\u00f8y kvalitet<\/li>\n<li data-section-id=\"romlyf\" data-start=\"939\" data-end=\"1003\">Praktisk 5 liters kanne \u2013 ideell for familier og hyppig bruk<\/li>\n<li data-section-id=\"f1em0n\" data-start=\"1004\" data-end=\"1038\">Naturlig rik p\u00e5 antioksidanter<\/li>\n<li data-section-id=\"1oo9pa0\" data-start=\"1039\" data-end=\"1080\">Myk, fruktig smak med mild avslutning<\/li>\n<li data-section-id=\"7j54ci\" data-start=\"1081\" data-end=\"1130\">Perfekt til matlaging, salater og som topping<\/li>\n<\/ul>\n<p data-start=\"1132\" data-end=\"1208\">Ta med deg smaken av Hellas inn p\u00e5 kj\u00f8kkenet \u2013 med <strong data-start=\"1183\" data-end=\"1194\">Argolis<\/strong> i hver dr\u00e5pe.<\/p>\n","protected":false},"featured_media":29833,"comment_status":"open","ping_status":"closed","template":"","meta":[],"product_brand":[],"product_cat":[77],"product_tag":[],"class_list":{"0":"post-29879","1":"product","2":"type-product","3":"status-publish","4":"has-post-thumbnail","6":"product_cat-olivenolje-og-eddik","8":"first","9":"instock","10":"shipping-taxable","11":"purchasable","12":"product-type-simple"},"aioseo_notices":[],"_links":{"self":[{"href":"https:\/\/greekbloom.com\/index.php\/wp-json\/wp\/v2\/product\/29879","targetHints":{"allow":["GET"]}}],"collection":[{"href":"https:\/\/greekbloom.com\/index.php\/wp-json\/wp\/v2\/product"}],"about":[{"href":"https:\/\/greekbloom.com\/index.php\/wp-json\/wp\/v2\/types\/product"}],"replies":[{"embeddable":true,"href":"https:\/\/greekbloom.com\/index.php\/wp-json\/wp\/v2\/comments?post=29879"}],"version-history":[{"count":1,"href":"https:\/\/greekbloom.com\/index.php\/wp-json\/wp\/v2\/product\/29879\/revisions"}],"predecessor-version":[{"id":29880,"href":"https:\/\/greekbloom.com\/index.php\/wp-json\/wp\/v2\/product\/29879\/revisions\/29880"}],"wp:featuredmedia":[{"embeddable":true,"href":"https:\/\/greekbloom.com\/index.php\/wp-json\/wp\/v2\/media\/29833"}],"wp:attachment":[{"href":"https:\/\/greekbloom.com\/index.php\/wp-json\/wp\/v2\/media?parent=29879"}],"wp:term":[{"taxonomy":"product_brand","embeddable":true,"href":"https:\/\/greekbloom.com\/index.php\/wp-json\/wp\/v2\/product_brand?post=29879"},{"taxonomy":"product_cat","embeddable":true,"href":"https:\/\/greekbloom.com\/index.php\/wp-json\/wp\/v2\/product_cat?post=29879"},{"taxonomy":"product_tag","embeddable":true,"href":"https:\/\/greekbloom.com\/index.php\/wp-json\/wp\/v2\/product_tag?post=29879"}],"curies":[{"name":"wp","href":"https:\/\/api.w.org\/{rel}","templated":true}]}}