{"id":29717,"date":"2026-03-23T13:16:49","date_gmt":"2026-03-23T13:16:49","guid":{"rendered":"https:\/\/greekbloom.mano-serveris.eu\/?post_type=product&#038;p=29717"},"modified":"2026-03-23T19:55:22","modified_gmt":"2026-03-23T19:55:22","slug":"manaki-okologiske-gronne-oliven-friske-milde-og-lett-sotere-smak","status":"publish","type":"product","link":"https:\/\/greekbloom.com\/index.php\/product\/manaki-okologiske-gronne-oliven-friske-milde-og-lett-sotere-smak\/","title":{"rendered":"Manaki \u00f8kologiske gr\u00f8nne oliven \u2013 Friske, milde og lett s\u00f8tere smak"},"content":{"rendered":"<p><img loading=\"lazy\" decoding=\"async\" class=\"alignnone size-medium wp-image-29694\" src=\"https:\/\/greekbloom.mano-serveris.eu\/wp-content\/uploads\/2026\/03\/Photoroom_20260323_131030-225x300.jpeg\" alt=\"\" width=\"225\" height=\"300\" srcset=\"https:\/\/greekbloom.com\/wp-content\/uploads\/2026\/03\/Photoroom_20260323_131030-225x300.jpeg 225w, https:\/\/greekbloom.com\/wp-content\/uploads\/2026\/03\/Photoroom_20260323_131030-150x200.jpeg 150w, https:\/\/greekbloom.com\/wp-content\/uploads\/2026\/03\/Photoroom_20260323_131030-600x800.jpeg 600w, https:\/\/greekbloom.com\/wp-content\/uploads\/2026\/03\/Photoroom_20260323_131030-768x1024.jpeg 768w, https:\/\/greekbloom.com\/wp-content\/uploads\/2026\/03\/Photoroom_20260323_131030-1152x1536.jpeg 1152w, https:\/\/greekbloom.com\/wp-content\/uploads\/2026\/03\/Photoroom_20260323_131030.jpeg 1512w\" sizes=\"auto, (max-width: 225px) 100vw, 225px\" \/><\/p>\n","protected":false},"excerpt":{"rendered":"<p data-start=\"161\" data-end=\"411\">Opplev den friske og naturlige smaken av Manaki \u00f8kologiske gr\u00f8nne oliven. Disse saftige olivenene er n\u00f8ye utvalgt fra \u00f8kologisk dyrking og har en mild, balansert smak med en lett syrlighet \u2013 og en litt s\u00f8tere karakter enn tradisjonelle gr\u00f8nne oliven.<\/p>\n<p data-start=\"413\" data-end=\"525\">Den faste og saftige konsistensen gj\u00f8r dem perfekte b\u00e5de som snack og som en del av middelhavsinspirerte retter.<\/p>\n<p data-start=\"527\" data-end=\"561\"><strong data-start=\"527\" data-end=\"561\">Hvorfor velge disse olivenene?<\/strong><\/p>\n<ul data-start=\"562\" data-end=\"681\">\n<li data-section-id=\"11uim2c\" data-start=\"562\" data-end=\"582\">\u00d8kologisk dyrket<\/li>\n<li data-section-id=\"12cwiaw\" data-start=\"583\" data-end=\"609\">Mild og balansert smak<\/li>\n<li data-section-id=\"1k09btw\" data-start=\"610\" data-end=\"651\">Litt s\u00f8tere enn vanlige gr\u00f8nne oliven<\/li>\n<li data-section-id=\"1snbo0x\" data-start=\"652\" data-end=\"681\">Fast og saftig konsistens<\/li>\n<\/ul>\n<p data-start=\"683\" data-end=\"699\"><strong data-start=\"683\" data-end=\"699\">Perfekt til:<\/strong><\/p>\n<ul data-start=\"700\" data-end=\"830\">\n<li data-section-id=\"19gdwuu\" data-start=\"700\" data-end=\"744\">Salater \u2013 gir friskhet og naturlig s\u00f8dme<\/li>\n<li data-section-id=\"1j3b777\" data-start=\"745\" data-end=\"796\">Tapas og meze \u2013 et delikat og smakfullt innslag<\/li>\n<li data-section-id=\"1w5hnci\" data-start=\"797\" data-end=\"830\">Snacks \u2013 enkelt og godt alene<\/li>\n<\/ul>\n<p data-start=\"832\" data-end=\"934\">Nyt en ekte smak av Hellas med Manaki \u00f8kologiske gr\u00f8nne oliven \u2013 friske, milde og naturlig balanserte.<\/p>\n","protected":false},"featured_media":29694,"comment_status":"open","ping_status":"closed","template":"","meta":[],"product_brand":[],"product_cat":[98,75],"product_tag":[],"class_list":{"0":"post-29717","1":"product","2":"type-product","3":"status-publish","4":"has-post-thumbnail","6":"product_cat-henting-i-butikken","7":"product_cat-oliven","9":"first","10":"instock","11":"shipping-taxable","12":"purchasable","13":"product-type-simple"},"aioseo_notices":[],"_links":{"self":[{"href":"https:\/\/greekbloom.com\/index.php\/wp-json\/wp\/v2\/product\/29717","targetHints":{"allow":["GET"]}}],"collection":[{"href":"https:\/\/greekbloom.com\/index.php\/wp-json\/wp\/v2\/product"}],"about":[{"href":"https:\/\/greekbloom.com\/index.php\/wp-json\/wp\/v2\/types\/product"}],"replies":[{"embeddable":true,"href":"https:\/\/greekbloom.com\/index.php\/wp-json\/wp\/v2\/comments?post=29717"}],"version-history":[{"count":1,"href":"https:\/\/greekbloom.com\/index.php\/wp-json\/wp\/v2\/product\/29717\/revisions"}],"predecessor-version":[{"id":29718,"href":"https:\/\/greekbloom.com\/index.php\/wp-json\/wp\/v2\/product\/29717\/revisions\/29718"}],"wp:featuredmedia":[{"embeddable":true,"href":"https:\/\/greekbloom.com\/index.php\/wp-json\/wp\/v2\/media\/29694"}],"wp:attachment":[{"href":"https:\/\/greekbloom.com\/index.php\/wp-json\/wp\/v2\/media?parent=29717"}],"wp:term":[{"taxonomy":"product_brand","embeddable":true,"href":"https:\/\/greekbloom.com\/index.php\/wp-json\/wp\/v2\/product_brand?post=29717"},{"taxonomy":"product_cat","embeddable":true,"href":"https:\/\/greekbloom.com\/index.php\/wp-json\/wp\/v2\/product_cat?post=29717"},{"taxonomy":"product_tag","embeddable":true,"href":"https:\/\/greekbloom.com\/index.php\/wp-json\/wp\/v2\/product_tag?post=29717"}],"curies":[{"name":"wp","href":"https:\/\/api.w.org\/{rel}","templated":true}]}}