{"id":29715,"date":"2026-03-23T13:12:03","date_gmt":"2026-03-23T13:12:03","guid":{"rendered":"https:\/\/greekbloom.mano-serveris.eu\/?post_type=product&#038;p=29715"},"modified":"2026-03-23T13:12:03","modified_gmt":"2026-03-23T13:12:03","slug":"okologiske-kalamata-oliven-rik-og-autentisk-smak","status":"publish","type":"product","link":"https:\/\/greekbloom.com\/index.php\/product\/okologiske-kalamata-oliven-rik-og-autentisk-smak\/","title":{"rendered":"\u00d8kologiske Kalamata-oliven \u2013 Rik og autentisk smak"},"content":{"rendered":"<p><img loading=\"lazy\" decoding=\"async\" class=\"alignnone size-medium wp-image-29699\" src=\"https:\/\/greekbloom.mano-serveris.eu\/wp-content\/uploads\/2026\/03\/Photoroom_20260323_130820-225x300.jpeg\" alt=\"\" width=\"225\" height=\"300\" srcset=\"https:\/\/greekbloom.com\/wp-content\/uploads\/2026\/03\/Photoroom_20260323_130820-225x300.jpeg 225w, https:\/\/greekbloom.com\/wp-content\/uploads\/2026\/03\/Photoroom_20260323_130820-150x200.jpeg 150w, https:\/\/greekbloom.com\/wp-content\/uploads\/2026\/03\/Photoroom_20260323_130820-600x800.jpeg 600w, https:\/\/greekbloom.com\/wp-content\/uploads\/2026\/03\/Photoroom_20260323_130820-768x1024.jpeg 768w, https:\/\/greekbloom.com\/wp-content\/uploads\/2026\/03\/Photoroom_20260323_130820-1152x1536.jpeg 1152w, https:\/\/greekbloom.com\/wp-content\/uploads\/2026\/03\/Photoroom_20260323_130820.jpeg 1512w\" sizes=\"auto, (max-width: 225px) 100vw, 225px\" \/><\/p>\n","protected":false},"excerpt":{"rendered":"<p data-start=\"134\" data-end=\"337\">Opplev den klassiske smaken av Hellas med \u00f8kologiske Kalamata-oliven. Disse m\u00f8rke, kj\u00f8ttfulle olivenene er kjent for sin rike, fruktige smak og faste konsistens, og er n\u00f8ye utvalgt fra \u00f8kologisk dyrking.<\/p>\n<p data-start=\"339\" data-end=\"443\">Perfekt som en del av meze, i salater eller som en smakfull snack \u2013 et ekte middelhavsinspirert produkt.<\/p>\n<p data-start=\"445\" data-end=\"479\"><strong data-start=\"445\" data-end=\"479\">Hvorfor velge disse olivenene?<\/strong><\/p>\n<ul data-start=\"480\" data-end=\"593\">\n<li data-section-id=\"11uim2c\" data-start=\"480\" data-end=\"500\">\u00d8kologisk dyrket<\/li>\n<li data-section-id=\"vjw5gn\" data-start=\"501\" data-end=\"531\">Autentiske Kalamata-oliven<\/li>\n<li data-section-id=\"10lgrkx\" data-start=\"532\" data-end=\"563\">Rik, fruktig og fyldig smak<\/li>\n<li data-section-id=\"1snbo0x\" data-start=\"564\" data-end=\"593\">Fast og saftig konsistens<\/li>\n<\/ul>\n<p data-start=\"595\" data-end=\"611\"><strong data-start=\"595\" data-end=\"611\">Perfekt til:<\/strong><\/p>\n<ul data-start=\"612\" data-end=\"722\">\n<li data-section-id=\"1pd2yjd\" data-start=\"612\" data-end=\"643\">Salater \u2013 gir dybde og smak<\/li>\n<li data-section-id=\"6zk2v9\" data-start=\"644\" data-end=\"683\">Tapas og meze \u2013 et klassisk innslag<\/li>\n<li data-section-id=\"1h25mgp\" data-start=\"684\" data-end=\"722\">Snacks \u2013 enkelt og smakfullt alene<\/li>\n<\/ul>\n<p data-start=\"724\" data-end=\"818\">Nyt ekte middelhavssmak med \u00f8kologiske Kalamata-oliven \u2013 naturlig, fyldig og full av kvalitet.<\/p>\n","protected":false},"featured_media":29699,"comment_status":"open","ping_status":"closed","template":"","meta":[],"product_brand":[],"product_cat":[75],"product_tag":[],"class_list":{"0":"post-29715","1":"product","2":"type-product","3":"status-publish","4":"has-post-thumbnail","6":"product_cat-oliven","8":"first","9":"instock","10":"shipping-taxable","11":"product-type-simple"},"aioseo_notices":[],"_links":{"self":[{"href":"https:\/\/greekbloom.com\/index.php\/wp-json\/wp\/v2\/product\/29715","targetHints":{"allow":["GET"]}}],"collection":[{"href":"https:\/\/greekbloom.com\/index.php\/wp-json\/wp\/v2\/product"}],"about":[{"href":"https:\/\/greekbloom.com\/index.php\/wp-json\/wp\/v2\/types\/product"}],"replies":[{"embeddable":true,"href":"https:\/\/greekbloom.com\/index.php\/wp-json\/wp\/v2\/comments?post=29715"}],"version-history":[{"count":1,"href":"https:\/\/greekbloom.com\/index.php\/wp-json\/wp\/v2\/product\/29715\/revisions"}],"predecessor-version":[{"id":29716,"href":"https:\/\/greekbloom.com\/index.php\/wp-json\/wp\/v2\/product\/29715\/revisions\/29716"}],"wp:featuredmedia":[{"embeddable":true,"href":"https:\/\/greekbloom.com\/index.php\/wp-json\/wp\/v2\/media\/29699"}],"wp:attachment":[{"href":"https:\/\/greekbloom.com\/index.php\/wp-json\/wp\/v2\/media?parent=29715"}],"wp:term":[{"taxonomy":"product_brand","embeddable":true,"href":"https:\/\/greekbloom.com\/index.php\/wp-json\/wp\/v2\/product_brand?post=29715"},{"taxonomy":"product_cat","embeddable":true,"href":"https:\/\/greekbloom.com\/index.php\/wp-json\/wp\/v2\/product_cat?post=29715"},{"taxonomy":"product_tag","embeddable":true,"href":"https:\/\/greekbloom.com\/index.php\/wp-json\/wp\/v2\/product_tag?post=29715"}],"curies":[{"name":"wp","href":"https:\/\/api.w.org\/{rel}","templated":true}]}}