{"id":29711,"date":"2026-03-23T13:02:25","date_gmt":"2026-03-23T13:02:25","guid":{"rendered":"https:\/\/greekbloom.mano-serveris.eu\/?post_type=product&#038;p=29711"},"modified":"2026-03-23T13:02:25","modified_gmt":"2026-03-23T13:02:25","slug":"sote-chilipepper-fylt-med-ost-fyldig-og-delikat-smak","status":"publish","type":"product","link":"https:\/\/greekbloom.com\/index.php\/product\/sote-chilipepper-fylt-med-ost-fyldig-og-delikat-smak\/","title":{"rendered":"S\u00f8te chilipepper fylt med ost \u2013 Fyldig og delikat smak"},"content":{"rendered":"<p><img loading=\"lazy\" decoding=\"async\" class=\"alignnone size-medium wp-image-29705\" src=\"https:\/\/greekbloom.mano-serveris.eu\/wp-content\/uploads\/2026\/03\/Photoroom_20260323_130654-225x300.jpeg\" alt=\"\" width=\"225\" height=\"300\" srcset=\"https:\/\/greekbloom.com\/wp-content\/uploads\/2026\/03\/Photoroom_20260323_130654-225x300.jpeg 225w, https:\/\/greekbloom.com\/wp-content\/uploads\/2026\/03\/Photoroom_20260323_130654-150x200.jpeg 150w, https:\/\/greekbloom.com\/wp-content\/uploads\/2026\/03\/Photoroom_20260323_130654-600x800.jpeg 600w, https:\/\/greekbloom.com\/wp-content\/uploads\/2026\/03\/Photoroom_20260323_130654-768x1024.jpeg 768w, https:\/\/greekbloom.com\/wp-content\/uploads\/2026\/03\/Photoroom_20260323_130654-1152x1536.jpeg 1152w, https:\/\/greekbloom.com\/wp-content\/uploads\/2026\/03\/Photoroom_20260323_130654.jpeg 1512w\" sizes=\"auto, (max-width: 225px) 100vw, 225px\" \/><\/p>\n","protected":false},"excerpt":{"rendered":"<p data-start=\"138\" data-end=\"338\">Opplev en perfekt balanse mellom s\u00f8dme og fylde med s\u00f8te chilipepper fylt med ost. De sm\u00e5, milde pepperne er fylt med en kremet osteblanding, som gir en rik og harmonisk smak med et lett krydret preg.<\/p>\n<p data-start=\"340\" data-end=\"455\">Perfekt som en del av tapasbordet, som forrett eller som en smakfull snack \u2013 enkel \u00e5 servere og alltid imponerende.<\/p>\n<p data-start=\"457\" data-end=\"496\"><strong data-start=\"457\" data-end=\"496\">Hvorfor velge disse fylte pepperne?<\/strong><\/p>\n<ul data-start=\"497\" data-end=\"623\">\n<li data-section-id=\"192376e\" data-start=\"497\" data-end=\"524\">Mild og s\u00f8t chilipepper<\/li>\n<li data-section-id=\"1trz11g\" data-start=\"525\" data-end=\"560\">Fylt med kremet og smakfull ost<\/li>\n<li data-section-id=\"1jvgfwe\" data-start=\"561\" data-end=\"600\">Balansert smak med lett krydderpreg<\/li>\n<li data-section-id=\"13bs3m0\" data-start=\"601\" data-end=\"623\">Klar til servering<\/li>\n<\/ul>\n<p data-start=\"625\" data-end=\"641\"><strong data-start=\"625\" data-end=\"641\">Perfekt til:<\/strong><\/p>\n<ul data-start=\"642\" data-end=\"748\">\n<li data-section-id=\"p542yp\" data-start=\"642\" data-end=\"682\">Tapas og meze \u2013 et smakfullt innslag<\/li>\n<li data-section-id=\"13f50th\" data-start=\"683\" data-end=\"716\">Forretter \u2013 enkelt og elegant<\/li>\n<li data-section-id=\"17scva3\" data-start=\"717\" data-end=\"748\">Snacks \u2013 perfekt til deling<\/li>\n<\/ul>\n<p data-start=\"750\" data-end=\"834\">Nyt en smak av Middelhavet med fylte chilipepper \u2013 delikat, kremet og fullt av smak.<\/p>\n","protected":false},"featured_media":29705,"comment_status":"open","ping_status":"closed","template":"","meta":[],"product_brand":[],"product_cat":[82],"product_tag":[],"class_list":{"0":"post-29711","1":"product","2":"type-product","3":"status-publish","4":"has-post-thumbnail","6":"product_cat-syltede-gronnsaker","8":"first","9":"instock","10":"shipping-taxable","11":"purchasable","12":"product-type-simple"},"aioseo_notices":[],"_links":{"self":[{"href":"https:\/\/greekbloom.com\/index.php\/wp-json\/wp\/v2\/product\/29711","targetHints":{"allow":["GET"]}}],"collection":[{"href":"https:\/\/greekbloom.com\/index.php\/wp-json\/wp\/v2\/product"}],"about":[{"href":"https:\/\/greekbloom.com\/index.php\/wp-json\/wp\/v2\/types\/product"}],"replies":[{"embeddable":true,"href":"https:\/\/greekbloom.com\/index.php\/wp-json\/wp\/v2\/comments?post=29711"}],"version-history":[{"count":1,"href":"https:\/\/greekbloom.com\/index.php\/wp-json\/wp\/v2\/product\/29711\/revisions"}],"predecessor-version":[{"id":29712,"href":"https:\/\/greekbloom.com\/index.php\/wp-json\/wp\/v2\/product\/29711\/revisions\/29712"}],"wp:featuredmedia":[{"embeddable":true,"href":"https:\/\/greekbloom.com\/index.php\/wp-json\/wp\/v2\/media\/29705"}],"wp:attachment":[{"href":"https:\/\/greekbloom.com\/index.php\/wp-json\/wp\/v2\/media?parent=29711"}],"wp:term":[{"taxonomy":"product_brand","embeddable":true,"href":"https:\/\/greekbloom.com\/index.php\/wp-json\/wp\/v2\/product_brand?post=29711"},{"taxonomy":"product_cat","embeddable":true,"href":"https:\/\/greekbloom.com\/index.php\/wp-json\/wp\/v2\/product_cat?post=29711"},{"taxonomy":"product_tag","embeddable":true,"href":"https:\/\/greekbloom.com\/index.php\/wp-json\/wp\/v2\/product_tag?post=29711"}],"curies":[{"name":"wp","href":"https:\/\/api.w.org\/{rel}","templated":true}]}}