{"id":29682,"date":"2026-03-23T11:46:11","date_gmt":"2026-03-23T11:46:11","guid":{"rendered":"https:\/\/greekbloom.mano-serveris.eu\/?post_type=product&#038;p=29682"},"modified":"2026-03-23T11:48:35","modified_gmt":"2026-03-23T11:48:35","slug":"kontos-gigantbonner-i-tomatsaus-fyldig-og-tradisjonell-smak-400g","status":"publish","type":"product","link":"https:\/\/greekbloom.com\/index.php\/product\/kontos-gigantbonner-i-tomatsaus-fyldig-og-tradisjonell-smak-400g\/","title":{"rendered":"Kontos t\u00f8rkede fiken \u2013 Naturlig s\u00f8t og fyldig smak 400g"},"content":{"rendered":"<p><img loading=\"lazy\" decoding=\"async\" class=\"alignnone size-medium wp-image-29669\" src=\"https:\/\/greekbloom.mano-serveris.eu\/wp-content\/uploads\/2026\/03\/Photoroom_20260309_114125-225x300.jpeg\" alt=\"\" width=\"225\" height=\"300\" srcset=\"https:\/\/greekbloom.com\/wp-content\/uploads\/2026\/03\/Photoroom_20260309_114125-225x300.jpeg 225w, https:\/\/greekbloom.com\/wp-content\/uploads\/2026\/03\/Photoroom_20260309_114125-150x200.jpeg 150w, https:\/\/greekbloom.com\/wp-content\/uploads\/2026\/03\/Photoroom_20260309_114125-600x800.jpeg 600w, https:\/\/greekbloom.com\/wp-content\/uploads\/2026\/03\/Photoroom_20260309_114125-768x1024.jpeg 768w, https:\/\/greekbloom.com\/wp-content\/uploads\/2026\/03\/Photoroom_20260309_114125-1152x1536.jpeg 1152w, https:\/\/greekbloom.com\/wp-content\/uploads\/2026\/03\/Photoroom_20260309_114125.jpeg 1512w\" sizes=\"auto, (max-width: 225px) 100vw, 225px\" \/><\/p>\n","protected":false},"excerpt":{"rendered":"<p data-start=\"128\" data-end=\"328\">Oppdag den rike og naturlige smaken av Kontos t\u00f8rkede fiken. Laget av n\u00f8ye utvalgte fiken og sk\u00e5nsomt t\u00f8rket for \u00e5 bevare b\u00e5de smak og n\u00e6ringsstoffer, gir disse en myk konsistens og en naturlig s\u00f8dme.<\/p>\n<p data-start=\"330\" data-end=\"469\">Perfekt som et sunt mellomm\u00e5ltid eller som en del av b\u00e5de s\u00f8te og salte retter, er t\u00f8rkede fiken et klassisk innslag i middelhavskj\u00f8kkenet.<\/p>\n<p data-start=\"471\" data-end=\"504\"><strong data-start=\"471\" data-end=\"504\">Hvorfor velge disse fikenene?<\/strong><\/p>\n<ul data-start=\"505\" data-end=\"654\">\n<li data-section-id=\"116hz5z\" data-start=\"505\" data-end=\"544\">Naturlig s\u00f8te \u2013 uten tilsatt sukker<\/li>\n<li data-section-id=\"1yu8c15\" data-start=\"545\" data-end=\"573\">Myk og fyldig konsistens<\/li>\n<li data-section-id=\"13lboev\" data-start=\"574\" data-end=\"619\">Rike p\u00e5 fiber og naturlige n\u00e6ringsstoffer<\/li>\n<li data-section-id=\"ktzf0l\" data-start=\"620\" data-end=\"654\">Tradisjonelt middelhavsprodukt<\/li>\n<\/ul>\n<p data-start=\"656\" data-end=\"672\"><strong data-start=\"656\" data-end=\"672\">Perfekt til:<\/strong><\/p>\n<ul data-start=\"673\" data-end=\"818\">\n<li data-section-id=\"1bvmty0\" data-start=\"673\" data-end=\"720\">Snacks \u2013 et sunt og energirikt mellomm\u00e5ltid<\/li>\n<li data-section-id=\"3eph6d\" data-start=\"721\" data-end=\"767\">Ostefat \u2013 passer perfekt med ost og n\u00f8tter<\/li>\n<li data-section-id=\"5ngvsl\" data-start=\"768\" data-end=\"818\">Matlaging \u2013 i salater, bakverk eller desserter<\/li>\n<\/ul>\n<p data-start=\"820\" data-end=\"908\">Nyt ekte smak fra Hellas med Kontos t\u00f8rkede fiken \u2013 naturlig, s\u00f8tt og fullt av kvalitet.<\/p>\n","protected":false},"featured_media":29669,"comment_status":"open","ping_status":"closed","template":"","meta":[],"product_brand":[],"product_cat":[79],"product_tag":[],"class_list":{"0":"post-29682","1":"product","2":"type-product","3":"status-publish","4":"has-post-thumbnail","6":"product_cat-kjeks-eller-snacks","8":"first","9":"instock","10":"shipping-taxable","11":"purchasable","12":"product-type-simple"},"aioseo_notices":[],"_links":{"self":[{"href":"https:\/\/greekbloom.com\/index.php\/wp-json\/wp\/v2\/product\/29682","targetHints":{"allow":["GET"]}}],"collection":[{"href":"https:\/\/greekbloom.com\/index.php\/wp-json\/wp\/v2\/product"}],"about":[{"href":"https:\/\/greekbloom.com\/index.php\/wp-json\/wp\/v2\/types\/product"}],"replies":[{"embeddable":true,"href":"https:\/\/greekbloom.com\/index.php\/wp-json\/wp\/v2\/comments?post=29682"}],"version-history":[{"count":3,"href":"https:\/\/greekbloom.com\/index.php\/wp-json\/wp\/v2\/product\/29682\/revisions"}],"predecessor-version":[{"id":29685,"href":"https:\/\/greekbloom.com\/index.php\/wp-json\/wp\/v2\/product\/29682\/revisions\/29685"}],"wp:featuredmedia":[{"embeddable":true,"href":"https:\/\/greekbloom.com\/index.php\/wp-json\/wp\/v2\/media\/29669"}],"wp:attachment":[{"href":"https:\/\/greekbloom.com\/index.php\/wp-json\/wp\/v2\/media?parent=29682"}],"wp:term":[{"taxonomy":"product_brand","embeddable":true,"href":"https:\/\/greekbloom.com\/index.php\/wp-json\/wp\/v2\/product_brand?post=29682"},{"taxonomy":"product_cat","embeddable":true,"href":"https:\/\/greekbloom.com\/index.php\/wp-json\/wp\/v2\/product_cat?post=29682"},{"taxonomy":"product_tag","embeddable":true,"href":"https:\/\/greekbloom.com\/index.php\/wp-json\/wp\/v2\/product_tag?post=29682"}],"curies":[{"name":"wp","href":"https:\/\/api.w.org\/{rel}","templated":true}]}}