{"id":29675,"date":"2026-03-23T11:37:46","date_gmt":"2026-03-23T11:37:46","guid":{"rendered":"https:\/\/greekbloom.mano-serveris.eu\/?post_type=product&#038;p=29675"},"modified":"2026-03-23T11:37:46","modified_gmt":"2026-03-23T11:37:46","slug":"peanottsmor-uten-tilsatt-sukker-naturlig-og-fyldig-smak","status":"publish","type":"product","link":"https:\/\/greekbloom.com\/index.php\/product\/peanottsmor-uten-tilsatt-sukker-naturlig-og-fyldig-smak\/","title":{"rendered":"Pean\u00f8ttsm\u00f8r uten tilsatt sukker \u2013 Naturlig og fyldig smak"},"content":{"rendered":"<p><img loading=\"lazy\" decoding=\"async\" class=\"alignnone size-medium wp-image-29676\" src=\"https:\/\/greekbloom.mano-serveris.eu\/wp-content\/uploads\/2026\/03\/Photoroom_20260309_114301-1-225x300.jpeg\" alt=\"\" width=\"225\" height=\"300\" srcset=\"https:\/\/greekbloom.com\/wp-content\/uploads\/2026\/03\/Photoroom_20260309_114301-1-225x300.jpeg 225w, https:\/\/greekbloom.com\/wp-content\/uploads\/2026\/03\/Photoroom_20260309_114301-1-150x200.jpeg 150w, https:\/\/greekbloom.com\/wp-content\/uploads\/2026\/03\/Photoroom_20260309_114301-1-600x800.jpeg 600w, https:\/\/greekbloom.com\/wp-content\/uploads\/2026\/03\/Photoroom_20260309_114301-1-768x1024.jpeg 768w, https:\/\/greekbloom.com\/wp-content\/uploads\/2026\/03\/Photoroom_20260309_114301-1-1152x1536.jpeg 1152w, https:\/\/greekbloom.com\/wp-content\/uploads\/2026\/03\/Photoroom_20260309_114301-1.jpeg 1512w\" sizes=\"auto, (max-width: 225px) 100vw, 225px\" \/><\/p>\n","protected":false},"excerpt":{"rendered":"<p data-start=\"137\" data-end=\"353\">Oppdag den rene og autentiske smaken av pean\u00f8ttsm\u00f8r laget uten tilsatt sukker. Dette naturlige pean\u00f8ttsm\u00f8ret er laget av n\u00f8ye utvalgte pean\u00f8tter, og gir en rik, kremet konsistens med en fyldig og balansert n\u00f8ttesmak.<\/p>\n<p data-start=\"355\" data-end=\"525\">Perfekt for deg som \u00f8nsker et sunnere alternativ uten un\u00f8dvendige tilsetninger, samtidig som du f\u00e5r en smakfull opplevelse \u2013 enten til frokost, mellomm\u00e5ltid eller baking.<\/p>\n<p data-start=\"527\" data-end=\"565\"><strong data-start=\"527\" data-end=\"565\">Hvorfor velge dette pean\u00f8ttsm\u00f8ret?<\/strong><\/p>\n<ul data-start=\"566\" data-end=\"681\">\n<li data-section-id=\"1gx91ps\" data-start=\"566\" data-end=\"589\">Uten tilsatt sukker<\/li>\n<li data-section-id=\"2yzicm\" data-start=\"590\" data-end=\"616\">Naturlige ingredienser<\/li>\n<li data-section-id=\"xz12uu\" data-start=\"617\" data-end=\"648\">Fyldig og kremet konsistens<\/li>\n<li data-section-id=\"1hlqgnc\" data-start=\"649\" data-end=\"681\">Rik og autentisk pean\u00f8ttsmak<\/li>\n<\/ul>\n<p data-start=\"683\" data-end=\"699\"><strong data-start=\"683\" data-end=\"699\">Perfekt til:<\/strong><\/p>\n<ul data-start=\"700\" data-end=\"836\">\n<li data-section-id=\"1v96iy2\" data-start=\"700\" data-end=\"750\">Frokost \u2013 p\u00e5 br\u00f8d, knekkebr\u00f8d eller i smoothie<\/li>\n<li data-section-id=\"pcnnjf\" data-start=\"751\" data-end=\"793\">Baking \u2013 gir en rik og n\u00f8tteaktig smak<\/li>\n<li data-section-id=\"10ff52b\" data-start=\"794\" data-end=\"836\">Mellomm\u00e5ltider \u2013 enkelt og n\u00e6ringsrikt<\/li>\n<\/ul>\n<p data-start=\"838\" data-end=\"926\">Nyt ekte smak med pean\u00f8ttsm\u00f8r uten tilsatt sukker \u2013 naturlig, enkelt og fullt av energi.<\/p>\n","protected":false},"featured_media":29676,"comment_status":"open","ping_status":"closed","template":"","meta":[],"product_brand":[],"product_cat":[78,79],"product_tag":[],"class_list":{"0":"post-29675","1":"product","2":"type-product","3":"status-publish","4":"has-post-thumbnail","6":"product_cat-annet","7":"product_cat-kjeks-eller-snacks","9":"first","10":"instock","11":"shipping-taxable","12":"purchasable","13":"product-type-simple"},"aioseo_notices":[],"_links":{"self":[{"href":"https:\/\/greekbloom.com\/index.php\/wp-json\/wp\/v2\/product\/29675","targetHints":{"allow":["GET"]}}],"collection":[{"href":"https:\/\/greekbloom.com\/index.php\/wp-json\/wp\/v2\/product"}],"about":[{"href":"https:\/\/greekbloom.com\/index.php\/wp-json\/wp\/v2\/types\/product"}],"replies":[{"embeddable":true,"href":"https:\/\/greekbloom.com\/index.php\/wp-json\/wp\/v2\/comments?post=29675"}],"version-history":[{"count":1,"href":"https:\/\/greekbloom.com\/index.php\/wp-json\/wp\/v2\/product\/29675\/revisions"}],"predecessor-version":[{"id":29677,"href":"https:\/\/greekbloom.com\/index.php\/wp-json\/wp\/v2\/product\/29675\/revisions\/29677"}],"wp:featuredmedia":[{"embeddable":true,"href":"https:\/\/greekbloom.com\/index.php\/wp-json\/wp\/v2\/media\/29676"}],"wp:attachment":[{"href":"https:\/\/greekbloom.com\/index.php\/wp-json\/wp\/v2\/media?parent=29675"}],"wp:term":[{"taxonomy":"product_brand","embeddable":true,"href":"https:\/\/greekbloom.com\/index.php\/wp-json\/wp\/v2\/product_brand?post=29675"},{"taxonomy":"product_cat","embeddable":true,"href":"https:\/\/greekbloom.com\/index.php\/wp-json\/wp\/v2\/product_cat?post=29675"},{"taxonomy":"product_tag","embeddable":true,"href":"https:\/\/greekbloom.com\/index.php\/wp-json\/wp\/v2\/product_tag?post=29675"}],"curies":[{"name":"wp","href":"https:\/\/api.w.org\/{rel}","templated":true}]}}