{"id":29661,"date":"2026-03-23T11:27:11","date_gmt":"2026-03-23T11:27:11","guid":{"rendered":"https:\/\/greekbloom.mano-serveris.eu\/?post_type=product&#038;p=29661"},"modified":"2026-03-23T11:27:11","modified_gmt":"2026-03-23T11:27:11","slug":"agrino-greek-gourmet-risotto-med-safran-delikat-og-aromatisk-smak","status":"publish","type":"product","link":"https:\/\/greekbloom.com\/index.php\/product\/agrino-greek-gourmet-risotto-med-safran-delikat-og-aromatisk-smak\/","title":{"rendered":"Agrino Greek Gourmet Risotto med safran \u2013 Delikat og aromatisk smak"},"content":{"rendered":"<p><img loading=\"lazy\" decoding=\"async\" class=\"alignnone size-medium wp-image-29562\" src=\"https:\/\/greekbloom.mano-serveris.eu\/wp-content\/uploads\/2026\/03\/Photoroom_20260309_113324-225x300.jpeg\" alt=\"\" width=\"225\" height=\"300\" srcset=\"https:\/\/greekbloom.com\/wp-content\/uploads\/2026\/03\/Photoroom_20260309_113324-225x300.jpeg 225w, https:\/\/greekbloom.com\/wp-content\/uploads\/2026\/03\/Photoroom_20260309_113324-150x200.jpeg 150w, https:\/\/greekbloom.com\/wp-content\/uploads\/2026\/03\/Photoroom_20260309_113324-600x800.jpeg 600w, https:\/\/greekbloom.com\/wp-content\/uploads\/2026\/03\/Photoroom_20260309_113324-768x1024.jpeg 768w, https:\/\/greekbloom.com\/wp-content\/uploads\/2026\/03\/Photoroom_20260309_113324-1152x1536.jpeg 1152w, https:\/\/greekbloom.com\/wp-content\/uploads\/2026\/03\/Photoroom_20260309_113324.jpeg 1512w\" sizes=\"auto, (max-width: 225px) 100vw, 225px\" \/><\/p>\n","protected":false},"excerpt":{"rendered":"<p data-start=\"171\" data-end=\"401\">Opplev en sofistikert smaksopplevelse med Agrino Greek Gourmet Risotto med safran. Laget av n\u00f8ye utvalgt ris og tilsatt den eksklusive, aromatiske smaken av safran, gir denne risottoen en gyllen farge og en rik, kremet konsistens.<\/p>\n<p data-start=\"403\" data-end=\"592\">Utviklet for enkel tilberedning uten \u00e5 g\u00e5 p\u00e5 kompromiss med kvalitet, gj\u00f8r den det mulig \u00e5 lage et elegant m\u00e5ltid hjemme p\u00e5 f\u00e5 minutter \u2013 perfekt b\u00e5de til hverdags og spesielle anledninger.<\/p>\n<p data-start=\"594\" data-end=\"628\"><strong data-start=\"594\" data-end=\"628\">Hvorfor velge denne risottoen?<\/strong><\/p>\n<ul data-start=\"629\" data-end=\"777\">\n<li data-section-id=\"rjwqtu\" data-start=\"629\" data-end=\"664\">Delikat og aromatisk safransmak<\/li>\n<li data-section-id=\"xz12uu\" data-start=\"665\" data-end=\"696\">Fyldig og kremet konsistens<\/li>\n<li data-section-id=\"1i6exbx\" data-start=\"697\" data-end=\"740\">Enkel \u00e5 tilberede \u2013 klar p\u00e5 f\u00e5 minutter<\/li>\n<li data-section-id=\"xwgkh\" data-start=\"741\" data-end=\"777\">Inspirert av middelhavskj\u00f8kkenet<\/li>\n<\/ul>\n<p data-start=\"779\" data-end=\"795\"><strong data-start=\"779\" data-end=\"795\">Perfekt til:<\/strong><\/p>\n<ul data-start=\"796\" data-end=\"960\">\n<li data-section-id=\"67m7ki\" data-start=\"796\" data-end=\"851\">Middager med det lille ekstra \u2013 elegant og smakfull<\/li>\n<li data-section-id=\"1wek91e\" data-start=\"852\" data-end=\"909\">Tilbeh\u00f8r \u2013 passer godt til fisk, sj\u00f8mat eller kylling<\/li>\n<li data-section-id=\"1pvl2rp\" data-start=\"910\" data-end=\"960\">Vegetarretter \u2013 rik og tilfredsstillende alene<\/li>\n<\/ul>\n<p data-start=\"962\" data-end=\"1060\">L\u00f8ft m\u00e5ltidet ditt med Agrino Greek Gourmet Risotto med safran \u2013 enkelt, elegant og fullt av smak.<\/p>\n","protected":false},"featured_media":29562,"comment_status":"open","ping_status":"closed","template":"","meta":[],"product_brand":[],"product_cat":[80],"product_tag":[],"class_list":{"0":"post-29661","1":"product","2":"type-product","3":"status-publish","4":"has-post-thumbnail","6":"product_cat-pasta-og-ris","8":"first","9":"instock","10":"shipping-taxable","11":"purchasable","12":"product-type-simple"},"aioseo_notices":[],"_links":{"self":[{"href":"https:\/\/greekbloom.com\/index.php\/wp-json\/wp\/v2\/product\/29661","targetHints":{"allow":["GET"]}}],"collection":[{"href":"https:\/\/greekbloom.com\/index.php\/wp-json\/wp\/v2\/product"}],"about":[{"href":"https:\/\/greekbloom.com\/index.php\/wp-json\/wp\/v2\/types\/product"}],"replies":[{"embeddable":true,"href":"https:\/\/greekbloom.com\/index.php\/wp-json\/wp\/v2\/comments?post=29661"}],"version-history":[{"count":1,"href":"https:\/\/greekbloom.com\/index.php\/wp-json\/wp\/v2\/product\/29661\/revisions"}],"predecessor-version":[{"id":29662,"href":"https:\/\/greekbloom.com\/index.php\/wp-json\/wp\/v2\/product\/29661\/revisions\/29662"}],"wp:featuredmedia":[{"embeddable":true,"href":"https:\/\/greekbloom.com\/index.php\/wp-json\/wp\/v2\/media\/29562"}],"wp:attachment":[{"href":"https:\/\/greekbloom.com\/index.php\/wp-json\/wp\/v2\/media?parent=29661"}],"wp:term":[{"taxonomy":"product_brand","embeddable":true,"href":"https:\/\/greekbloom.com\/index.php\/wp-json\/wp\/v2\/product_brand?post=29661"},{"taxonomy":"product_cat","embeddable":true,"href":"https:\/\/greekbloom.com\/index.php\/wp-json\/wp\/v2\/product_cat?post=29661"},{"taxonomy":"product_tag","embeddable":true,"href":"https:\/\/greekbloom.com\/index.php\/wp-json\/wp\/v2\/product_tag?post=29661"}],"curies":[{"name":"wp","href":"https:\/\/api.w.org\/{rel}","templated":true}]}}