{"id":29659,"date":"2026-03-23T11:25:00","date_gmt":"2026-03-23T11:25:00","guid":{"rendered":"https:\/\/greekbloom.mano-serveris.eu\/?post_type=product&#038;p=29659"},"modified":"2026-03-23T11:25:00","modified_gmt":"2026-03-23T11:25:00","slug":"agrino-greek-gourmet-risotto-med-sitron-frisk-og-balansert-smak","status":"publish","type":"product","link":"https:\/\/greekbloom.com\/index.php\/product\/agrino-greek-gourmet-risotto-med-sitron-frisk-og-balansert-smak\/","title":{"rendered":"Agrino Greek Gourmet Risotto med sitron \u2013 Frisk og balansert smak"},"content":{"rendered":"<p><img loading=\"lazy\" decoding=\"async\" class=\"alignnone size-medium wp-image-29560\" src=\"https:\/\/greekbloom.mano-serveris.eu\/wp-content\/uploads\/2026\/03\/Photoroom_20260309_113202-225x300.jpeg\" alt=\"\" width=\"225\" height=\"300\" srcset=\"https:\/\/greekbloom.com\/wp-content\/uploads\/2026\/03\/Photoroom_20260309_113202-225x300.jpeg 225w, https:\/\/greekbloom.com\/wp-content\/uploads\/2026\/03\/Photoroom_20260309_113202-150x200.jpeg 150w, https:\/\/greekbloom.com\/wp-content\/uploads\/2026\/03\/Photoroom_20260309_113202-600x800.jpeg 600w, https:\/\/greekbloom.com\/wp-content\/uploads\/2026\/03\/Photoroom_20260309_113202-768x1024.jpeg 768w, https:\/\/greekbloom.com\/wp-content\/uploads\/2026\/03\/Photoroom_20260309_113202-1152x1536.jpeg 1152w, https:\/\/greekbloom.com\/wp-content\/uploads\/2026\/03\/Photoroom_20260309_113202.jpeg 1512w\" sizes=\"auto, (max-width: 225px) 100vw, 225px\" \/><\/p>\n","protected":false},"excerpt":{"rendered":"<p data-start=\"165\" data-end=\"405\">Opplev en lett og forfriskende smaksopplevelse med Agrino Greek Gourmet Risotto med sitron. Laget av n\u00f8ye utvalgt ris og tilsatt den naturlige, friske smaken av sitron, gir denne risottoen en kremet konsistens med en delikat syrlig balanse.<\/p>\n<p data-start=\"407\" data-end=\"607\">Utviklet for enkel tilberedning uten \u00e5 g\u00e5 p\u00e5 kompromiss med kvalitet, gj\u00f8r den det enkelt \u00e5 lage et smakfullt m\u00e5ltid hjemme p\u00e5 f\u00e5 minutter \u2013 perfekt b\u00e5de til hverdags og n\u00e5r du \u00f8nsker noe litt ekstra.<\/p>\n<p data-start=\"609\" data-end=\"643\"><strong data-start=\"609\" data-end=\"643\">Hvorfor velge denne risottoen?<\/strong><\/p>\n<ul data-start=\"644\" data-end=\"787\">\n<li data-section-id=\"awlbo2\" data-start=\"644\" data-end=\"676\">Frisk og naturlig sitronsmak<\/li>\n<li data-section-id=\"7dt9xi\" data-start=\"677\" data-end=\"706\">Lett og kremet konsistens<\/li>\n<li data-section-id=\"1i6exbx\" data-start=\"707\" data-end=\"750\">Enkel \u00e5 tilberede \u2013 klar p\u00e5 f\u00e5 minutter<\/li>\n<li data-section-id=\"xwgkh\" data-start=\"751\" data-end=\"787\">Inspirert av middelhavskj\u00f8kkenet<\/li>\n<\/ul>\n<p data-start=\"789\" data-end=\"805\"><strong data-start=\"789\" data-end=\"805\">Perfekt til:<\/strong><\/p>\n<ul data-start=\"806\" data-end=\"958\">\n<li data-section-id=\"1qm9m4h\" data-start=\"806\" data-end=\"848\">Lette middager \u2013 frisk og delikat smak<\/li>\n<li data-section-id=\"qvp9vf\" data-start=\"849\" data-end=\"910\">Tilbeh\u00f8r \u2013 passer utmerket til fisk, sj\u00f8mat eller kylling<\/li>\n<li data-section-id=\"1qvm8k1\" data-start=\"911\" data-end=\"958\">Vegetarretter \u2013 balansert og smakfull alene<\/li>\n<\/ul>\n<p data-start=\"960\" data-end=\"1068\">Gi m\u00e5ltidet ditt et friskt l\u00f8ft med Agrino Greek Gourmet Risotto med sitron \u2013 enkelt, lett og fullt av smak.<\/p>\n","protected":false},"featured_media":29560,"comment_status":"open","ping_status":"closed","template":"","meta":[],"product_brand":[],"product_cat":[80],"product_tag":[],"class_list":{"0":"post-29659","1":"product","2":"type-product","3":"status-publish","4":"has-post-thumbnail","6":"product_cat-pasta-og-ris","8":"first","9":"instock","10":"shipping-taxable","11":"purchasable","12":"product-type-simple"},"aioseo_notices":[],"_links":{"self":[{"href":"https:\/\/greekbloom.com\/index.php\/wp-json\/wp\/v2\/product\/29659","targetHints":{"allow":["GET"]}}],"collection":[{"href":"https:\/\/greekbloom.com\/index.php\/wp-json\/wp\/v2\/product"}],"about":[{"href":"https:\/\/greekbloom.com\/index.php\/wp-json\/wp\/v2\/types\/product"}],"replies":[{"embeddable":true,"href":"https:\/\/greekbloom.com\/index.php\/wp-json\/wp\/v2\/comments?post=29659"}],"version-history":[{"count":1,"href":"https:\/\/greekbloom.com\/index.php\/wp-json\/wp\/v2\/product\/29659\/revisions"}],"predecessor-version":[{"id":29660,"href":"https:\/\/greekbloom.com\/index.php\/wp-json\/wp\/v2\/product\/29659\/revisions\/29660"}],"wp:featuredmedia":[{"embeddable":true,"href":"https:\/\/greekbloom.com\/index.php\/wp-json\/wp\/v2\/media\/29560"}],"wp:attachment":[{"href":"https:\/\/greekbloom.com\/index.php\/wp-json\/wp\/v2\/media?parent=29659"}],"wp:term":[{"taxonomy":"product_brand","embeddable":true,"href":"https:\/\/greekbloom.com\/index.php\/wp-json\/wp\/v2\/product_brand?post=29659"},{"taxonomy":"product_cat","embeddable":true,"href":"https:\/\/greekbloom.com\/index.php\/wp-json\/wp\/v2\/product_cat?post=29659"},{"taxonomy":"product_tag","embeddable":true,"href":"https:\/\/greekbloom.com\/index.php\/wp-json\/wp\/v2\/product_tag?post=29659"}],"curies":[{"name":"wp","href":"https:\/\/api.w.org\/{rel}","templated":true}]}}