{"id":29654,"date":"2026-03-23T11:17:58","date_gmt":"2026-03-23T11:17:58","guid":{"rendered":"https:\/\/greekbloom.mano-serveris.eu\/?post_type=product&#038;p=29654"},"modified":"2026-03-23T11:17:59","modified_gmt":"2026-03-23T11:17:59","slug":"agrino-greek-gourmet-risotto-med-troffel-elegant-og-fyldig-smak","status":"publish","type":"product","link":"https:\/\/greekbloom.com\/index.php\/product\/agrino-greek-gourmet-risotto-med-troffel-elegant-og-fyldig-smak\/","title":{"rendered":"Agrino Greek Gourmet Risotto med tr\u00f8ffel \u2013 Elegant og fyldig smak"},"content":{"rendered":"<p><img loading=\"lazy\" decoding=\"async\" class=\"alignnone size-medium wp-image-29558\" src=\"https:\/\/greekbloom.mano-serveris.eu\/wp-content\/uploads\/2026\/03\/Photoroom_20260309_112733-225x300.jpeg\" alt=\"\" width=\"225\" height=\"300\" srcset=\"https:\/\/greekbloom.com\/wp-content\/uploads\/2026\/03\/Photoroom_20260309_112733-225x300.jpeg 225w, https:\/\/greekbloom.com\/wp-content\/uploads\/2026\/03\/Photoroom_20260309_112733-150x200.jpeg 150w, https:\/\/greekbloom.com\/wp-content\/uploads\/2026\/03\/Photoroom_20260309_112733-600x800.jpeg 600w, https:\/\/greekbloom.com\/wp-content\/uploads\/2026\/03\/Photoroom_20260309_112733-768x1024.jpeg 768w, https:\/\/greekbloom.com\/wp-content\/uploads\/2026\/03\/Photoroom_20260309_112733-1152x1536.jpeg 1152w, https:\/\/greekbloom.com\/wp-content\/uploads\/2026\/03\/Photoroom_20260309_112733.jpeg 1512w\" sizes=\"auto, (max-width: 225px) 100vw, 225px\" \/><\/p>\n","protected":false},"excerpt":{"rendered":"<p data-start=\"1226\" data-end=\"1455\">Opplev en eksklusiv smaksopplevelse med <strong data-start=\"1266\" data-end=\"1310\">Agrino Greek Gourmet Risotto med tr\u00f8ffel<\/strong>. Laget med n\u00f8ye utvalgt ris og tilsatt den karakteristiske, aromatiske smaken av tr\u00f8ffel, gir denne risottoen en kremet og luksuri\u00f8s konsistens.<\/p>\n<p data-start=\"1457\" data-end=\"1651\">Utviklet for enkel tilberedning uten \u00e5 g\u00e5 p\u00e5 kompromiss med kvalitet, gj\u00f8r den det mulig \u00e5 lage et gourmetm\u00e5ltid hjemme p\u00e5 f\u00e5 minutter \u2013 perfekt b\u00e5de til hverdagsluksus og spesielle anledninger.<\/p>\n<p data-start=\"1653\" data-end=\"1687\"><strong data-start=\"1653\" data-end=\"1687\">Hvorfor velge denne risottoen?<\/strong><\/p>\n<ul data-start=\"1688\" data-end=\"1837\">\n<li data-section-id=\"1k3yhws\" data-start=\"1688\" data-end=\"1724\">Delikat og aromatisk tr\u00f8ffelsmak<\/li>\n<li data-section-id=\"xz12uu\" data-start=\"1725\" data-end=\"1756\">Fyldig og kremet konsistens<\/li>\n<li data-section-id=\"1i6exbx\" data-start=\"1757\" data-end=\"1800\">Enkel \u00e5 tilberede \u2013 klar p\u00e5 f\u00e5 minutter<\/li>\n<li data-section-id=\"xwgkh\" data-start=\"1801\" data-end=\"1837\">Inspirert av middelhavskj\u00f8kkenet<\/li>\n<\/ul>\n<p data-start=\"1839\" data-end=\"1855\"><strong data-start=\"1839\" data-end=\"1855\">Perfekt til:<\/strong><\/p>\n<ul data-start=\"1856\" data-end=\"2026\">\n<li data-section-id=\"185niq\" data-start=\"1856\" data-end=\"1913\"><strong data-start=\"1858\" data-end=\"1891\">Middager med det lille ekstra<\/strong> \u2013 Enkelt \u00e5 imponere<\/li>\n<li data-section-id=\"lhu76w\" data-start=\"1914\" data-end=\"1971\"><strong data-start=\"1916\" data-end=\"1928\">Tilbeh\u00f8r<\/strong> \u2013 Passer godt til kj\u00f8tt eller gr\u00f8nnsaker<\/li>\n<li data-section-id=\"o8e1wl\" data-start=\"1972\" data-end=\"2026\"><strong data-start=\"1974\" data-end=\"1991\">Vegetarretter<\/strong> \u2013 Rik og tilfredsstillende alene<\/li>\n<\/ul>\n<p data-start=\"2028\" data-end=\"2131\">L\u00f8ft m\u00e5ltidet ditt med <strong data-start=\"2051\" data-end=\"2095\">Agrino Greek Gourmet Risotto med tr\u00f8ffel<\/strong> \u2013 enkelt, elegant og fullt av smak.<\/p>\n","protected":false},"featured_media":29558,"comment_status":"open","ping_status":"closed","template":"","meta":[],"product_brand":[],"product_cat":[80],"product_tag":[],"class_list":{"0":"post-29654","1":"product","2":"type-product","3":"status-publish","4":"has-post-thumbnail","6":"product_cat-pasta-og-ris","8":"first","9":"instock","10":"shipping-taxable","11":"purchasable","12":"product-type-simple"},"aioseo_notices":[],"_links":{"self":[{"href":"https:\/\/greekbloom.com\/index.php\/wp-json\/wp\/v2\/product\/29654","targetHints":{"allow":["GET"]}}],"collection":[{"href":"https:\/\/greekbloom.com\/index.php\/wp-json\/wp\/v2\/product"}],"about":[{"href":"https:\/\/greekbloom.com\/index.php\/wp-json\/wp\/v2\/types\/product"}],"replies":[{"embeddable":true,"href":"https:\/\/greekbloom.com\/index.php\/wp-json\/wp\/v2\/comments?post=29654"}],"version-history":[{"count":2,"href":"https:\/\/greekbloom.com\/index.php\/wp-json\/wp\/v2\/product\/29654\/revisions"}],"predecessor-version":[{"id":29657,"href":"https:\/\/greekbloom.com\/index.php\/wp-json\/wp\/v2\/product\/29654\/revisions\/29657"}],"wp:featuredmedia":[{"embeddable":true,"href":"https:\/\/greekbloom.com\/index.php\/wp-json\/wp\/v2\/media\/29558"}],"wp:attachment":[{"href":"https:\/\/greekbloom.com\/index.php\/wp-json\/wp\/v2\/media?parent=29654"}],"wp:term":[{"taxonomy":"product_brand","embeddable":true,"href":"https:\/\/greekbloom.com\/index.php\/wp-json\/wp\/v2\/product_brand?post=29654"},{"taxonomy":"product_cat","embeddable":true,"href":"https:\/\/greekbloom.com\/index.php\/wp-json\/wp\/v2\/product_cat?post=29654"},{"taxonomy":"product_tag","embeddable":true,"href":"https:\/\/greekbloom.com\/index.php\/wp-json\/wp\/v2\/product_tag?post=29654"}],"curies":[{"name":"wp","href":"https:\/\/api.w.org\/{rel}","templated":true}]}}