{"id":29652,"date":"2026-03-23T11:15:58","date_gmt":"2026-03-23T11:15:58","guid":{"rendered":"https:\/\/greekbloom.mano-serveris.eu\/?post_type=product&#038;p=29652"},"modified":"2026-03-23T11:15:58","modified_gmt":"2026-03-23T11:15:58","slug":"agrino-greek-gourmet-risotto-med-steinsopp-fyldig-og-smakfull-opplevelse","status":"publish","type":"product","link":"https:\/\/greekbloom.com\/index.php\/product\/agrino-greek-gourmet-risotto-med-steinsopp-fyldig-og-smakfull-opplevelse\/","title":{"rendered":"Agrino Greek Gourmet Risotto med steinsopp \u2013 Fyldig og smakfull opplevelse"},"content":{"rendered":"<p><img loading=\"lazy\" decoding=\"async\" class=\"alignnone size-medium wp-image-29556\" src=\"https:\/\/greekbloom.mano-serveris.eu\/wp-content\/uploads\/2026\/03\/Photoroom_20260309_112601-225x300.jpeg\" alt=\"\" width=\"225\" height=\"300\" srcset=\"https:\/\/greekbloom.com\/wp-content\/uploads\/2026\/03\/Photoroom_20260309_112601-225x300.jpeg 225w, https:\/\/greekbloom.com\/wp-content\/uploads\/2026\/03\/Photoroom_20260309_112601-150x200.jpeg 150w, https:\/\/greekbloom.com\/wp-content\/uploads\/2026\/03\/Photoroom_20260309_112601-600x800.jpeg 600w, https:\/\/greekbloom.com\/wp-content\/uploads\/2026\/03\/Photoroom_20260309_112601-768x1024.jpeg 768w, https:\/\/greekbloom.com\/wp-content\/uploads\/2026\/03\/Photoroom_20260309_112601-1152x1536.jpeg 1152w, https:\/\/greekbloom.com\/wp-content\/uploads\/2026\/03\/Photoroom_20260309_112601.jpeg 1512w\" sizes=\"auto, (max-width: 225px) 100vw, 225px\" \/><\/p>\n","protected":false},"excerpt":{"rendered":"<p data-start=\"1252\" data-end=\"1458\">Nyt en kremet og smakfull rett med <strong data-start=\"1287\" data-end=\"1333\">Agrino Greek Gourmet Risotto med steinsopp<\/strong>. Laget med n\u00f8ye utvalgt ris og aromatisk steinsopp, gir denne risottoen en dyp og balansert smak med en silkemyk konsistens.<\/p>\n<p data-start=\"1460\" data-end=\"1630\">Inspirert av middelhavskj\u00f8kkenet og utviklet for enkel tilberedning, gj\u00f8r den det lett \u00e5 lage et gourmetm\u00e5ltid hjemme \u2013 perfekt b\u00e5de til hverdag og spesielle anledninger.<\/p>\n<p data-start=\"1632\" data-end=\"1666\"><strong data-start=\"1632\" data-end=\"1666\">Hvorfor velge denne risottoen?<\/strong><\/p>\n<ul data-start=\"1667\" data-end=\"1832\">\n<li data-section-id=\"2tfjd5\" data-start=\"1667\" data-end=\"1706\">Laget med kvalitetsris og steinsopp<\/li>\n<li data-section-id=\"xz12uu\" data-start=\"1707\" data-end=\"1738\">Fyldig og kremet konsistens<\/li>\n<li data-section-id=\"1i6exbx\" data-start=\"1739\" data-end=\"1782\">Enkel \u00e5 tilberede \u2013 klar p\u00e5 f\u00e5 minutter<\/li>\n<li data-section-id=\"a6ktly\" data-start=\"1783\" data-end=\"1832\">Inspirert av gresk og middelhavsinspirert mat<\/li>\n<\/ul>\n<p data-start=\"1834\" data-end=\"1850\"><strong data-start=\"1834\" data-end=\"1850\">Perfekt til:<\/strong><\/p>\n<ul data-start=\"1851\" data-end=\"2003\">\n<li data-section-id=\"i4js4p\" data-start=\"1851\" data-end=\"1895\"><strong data-start=\"1853\" data-end=\"1871\">Raske middager<\/strong> \u2013 Gourmet uten stress<\/li>\n<li data-section-id=\"1e9zm2b\" data-start=\"1896\" data-end=\"1959\"><strong data-start=\"1898\" data-end=\"1910\">Tilbeh\u00f8r<\/strong> \u2013 Passer godt til kj\u00f8tt, fisk eller gr\u00f8nnsaker<\/li>\n<li data-section-id=\"1vz0brb\" data-start=\"1960\" data-end=\"2003\"><strong data-start=\"1962\" data-end=\"1979\">Vegetarretter<\/strong> \u2013 Smaksrik ogs\u00e5 alene<\/li>\n<\/ul>\n<p data-start=\"2005\" data-end=\"2096\">L\u00f8ft m\u00e5ltidet ditt med <strong data-start=\"2028\" data-end=\"2060\">Agrino Greek Gourmet Risotto<\/strong> \u2013 enkelt, elegant og fullt av smak.<\/p>\n","protected":false},"featured_media":29556,"comment_status":"open","ping_status":"closed","template":"","meta":[],"product_brand":[],"product_cat":[80],"product_tag":[],"class_list":{"0":"post-29652","1":"product","2":"type-product","3":"status-publish","4":"has-post-thumbnail","6":"product_cat-pasta-og-ris","8":"first","9":"instock","10":"shipping-taxable","11":"purchasable","12":"product-type-simple"},"aioseo_notices":[],"_links":{"self":[{"href":"https:\/\/greekbloom.com\/index.php\/wp-json\/wp\/v2\/product\/29652","targetHints":{"allow":["GET"]}}],"collection":[{"href":"https:\/\/greekbloom.com\/index.php\/wp-json\/wp\/v2\/product"}],"about":[{"href":"https:\/\/greekbloom.com\/index.php\/wp-json\/wp\/v2\/types\/product"}],"replies":[{"embeddable":true,"href":"https:\/\/greekbloom.com\/index.php\/wp-json\/wp\/v2\/comments?post=29652"}],"version-history":[{"count":1,"href":"https:\/\/greekbloom.com\/index.php\/wp-json\/wp\/v2\/product\/29652\/revisions"}],"predecessor-version":[{"id":29653,"href":"https:\/\/greekbloom.com\/index.php\/wp-json\/wp\/v2\/product\/29652\/revisions\/29653"}],"wp:featuredmedia":[{"embeddable":true,"href":"https:\/\/greekbloom.com\/index.php\/wp-json\/wp\/v2\/media\/29556"}],"wp:attachment":[{"href":"https:\/\/greekbloom.com\/index.php\/wp-json\/wp\/v2\/media?parent=29652"}],"wp:term":[{"taxonomy":"product_brand","embeddable":true,"href":"https:\/\/greekbloom.com\/index.php\/wp-json\/wp\/v2\/product_brand?post=29652"},{"taxonomy":"product_cat","embeddable":true,"href":"https:\/\/greekbloom.com\/index.php\/wp-json\/wp\/v2\/product_cat?post=29652"},{"taxonomy":"product_tag","embeddable":true,"href":"https:\/\/greekbloom.com\/index.php\/wp-json\/wp\/v2\/product_tag?post=29652"}],"curies":[{"name":"wp","href":"https:\/\/api.w.org\/{rel}","templated":true}]}}