{"id":29650,"date":"2026-03-23T11:13:17","date_gmt":"2026-03-23T11:13:17","guid":{"rendered":"https:\/\/greekbloom.mano-serveris.eu\/?post_type=product&#038;p=29650"},"modified":"2026-03-23T11:13:17","modified_gmt":"2026-03-23T11:13:17","slug":"bokstavpasta-for-barn-lek-og-laering-ved-maltidet","status":"publish","type":"product","link":"https:\/\/greekbloom.com\/index.php\/product\/bokstavpasta-for-barn-lek-og-laering-ved-maltidet\/","title":{"rendered":"Bokstavpasta for barn \u2013 Lek og l\u00e6ring ved m\u00e5ltidet"},"content":{"rendered":"<p><img loading=\"lazy\" decoding=\"async\" class=\"alignnone size-medium wp-image-29555\" src=\"https:\/\/greekbloom.mano-serveris.eu\/wp-content\/uploads\/2026\/03\/Photoroom_20260309_112522-225x300.jpeg\" alt=\"\" width=\"225\" height=\"300\" srcset=\"https:\/\/greekbloom.com\/wp-content\/uploads\/2026\/03\/Photoroom_20260309_112522-225x300.jpeg 225w, https:\/\/greekbloom.com\/wp-content\/uploads\/2026\/03\/Photoroom_20260309_112522-150x200.jpeg 150w, https:\/\/greekbloom.com\/wp-content\/uploads\/2026\/03\/Photoroom_20260309_112522-600x800.jpeg 600w, https:\/\/greekbloom.com\/wp-content\/uploads\/2026\/03\/Photoroom_20260309_112522-768x1024.jpeg 768w, https:\/\/greekbloom.com\/wp-content\/uploads\/2026\/03\/Photoroom_20260309_112522-1152x1536.jpeg 1152w, https:\/\/greekbloom.com\/wp-content\/uploads\/2026\/03\/Photoroom_20260309_112522.jpeg 1512w\" sizes=\"auto, (max-width: 225px) 100vw, 225px\" \/><\/p>\n","protected":false},"excerpt":{"rendered":"<p data-start=\"1060\" data-end=\"1235\">Gj\u00f8r m\u00e5ltidene morsommere med denne fargerike <strong data-start=\"1106\" data-end=\"1133\">bokstavpastaen for barn<\/strong>. Med bokstaver og tall blir maten b\u00e5de leken og l\u00e6rerik \u2013 perfekt for \u00e5 engasjere barna rundt bordet.<\/p>\n<p data-start=\"1237\" data-end=\"1339\">Passer godt til supper, enkle retter og kreative m\u00e5ltider hvor barna kan utforske b\u00e5de smak og former.<\/p>\n<p data-start=\"1341\" data-end=\"1382\"><strong data-start=\"1341\" data-end=\"1382\">Hvorfor barn (og foreldre) liker den:<\/strong><\/p>\n<ul data-start=\"1383\" data-end=\"1540\">\n<li data-section-id=\"18evirq\" data-start=\"1383\" data-end=\"1418\">Morsomme bokstav- og tallformer<\/li>\n<li data-section-id=\"q0chj5\" data-start=\"1419\" data-end=\"1456\">Oppmuntrer til l\u00e6ring gjennom lek<\/li>\n<li data-section-id=\"n2qa1j\" data-start=\"1457\" data-end=\"1495\">Perfekt til supper og lette retter<\/li>\n<li data-section-id=\"1vtvrfx\" data-start=\"1496\" data-end=\"1540\">Passer til hverdagsmat for hele familien<\/li>\n<\/ul>\n<p data-start=\"1542\" data-end=\"1558\"><strong data-start=\"1542\" data-end=\"1558\">Perfekt til:<\/strong><\/p>\n<ul data-start=\"1559\" data-end=\"1708\">\n<li data-section-id=\"1xxxgvy\" data-start=\"1559\" data-end=\"1600\"><strong data-start=\"1561\" data-end=\"1571\">Supper<\/strong> \u2013 Klassisk og barnevennlig<\/li>\n<li data-section-id=\"mq4vgp\" data-start=\"1601\" data-end=\"1649\"><strong data-start=\"1603\" data-end=\"1620\">Barnem\u00e5ltider<\/strong> \u2013 Gj\u00f8r maten mer spennende<\/li>\n<li data-section-id=\"cai0l3\" data-start=\"1650\" data-end=\"1708\"><strong data-start=\"1652\" data-end=\"1671\">Kreative retter<\/strong> \u2013 La barna lage ord mens de spiser<\/li>\n<\/ul>\n<p data-start=\"1710\" data-end=\"1768\">Gj\u00f8r hverdagsm\u00e5ltider til en morsom og l\u00e6rerik opplevelse!<\/p>\n","protected":false},"featured_media":29555,"comment_status":"open","ping_status":"closed","template":"","meta":[],"product_brand":[],"product_cat":[80],"product_tag":[],"class_list":{"0":"post-29650","1":"product","2":"type-product","3":"status-publish","4":"has-post-thumbnail","6":"product_cat-pasta-og-ris","8":"first","9":"instock","10":"shipping-taxable","11":"purchasable","12":"product-type-simple"},"aioseo_notices":[],"_links":{"self":[{"href":"https:\/\/greekbloom.com\/index.php\/wp-json\/wp\/v2\/product\/29650","targetHints":{"allow":["GET"]}}],"collection":[{"href":"https:\/\/greekbloom.com\/index.php\/wp-json\/wp\/v2\/product"}],"about":[{"href":"https:\/\/greekbloom.com\/index.php\/wp-json\/wp\/v2\/types\/product"}],"replies":[{"embeddable":true,"href":"https:\/\/greekbloom.com\/index.php\/wp-json\/wp\/v2\/comments?post=29650"}],"version-history":[{"count":1,"href":"https:\/\/greekbloom.com\/index.php\/wp-json\/wp\/v2\/product\/29650\/revisions"}],"predecessor-version":[{"id":29651,"href":"https:\/\/greekbloom.com\/index.php\/wp-json\/wp\/v2\/product\/29650\/revisions\/29651"}],"wp:featuredmedia":[{"embeddable":true,"href":"https:\/\/greekbloom.com\/index.php\/wp-json\/wp\/v2\/media\/29555"}],"wp:attachment":[{"href":"https:\/\/greekbloom.com\/index.php\/wp-json\/wp\/v2\/media?parent=29650"}],"wp:term":[{"taxonomy":"product_brand","embeddable":true,"href":"https:\/\/greekbloom.com\/index.php\/wp-json\/wp\/v2\/product_brand?post=29650"},{"taxonomy":"product_cat","embeddable":true,"href":"https:\/\/greekbloom.com\/index.php\/wp-json\/wp\/v2\/product_cat?post=29650"},{"taxonomy":"product_tag","embeddable":true,"href":"https:\/\/greekbloom.com\/index.php\/wp-json\/wp\/v2\/product_tag?post=29650"}],"curies":[{"name":"wp","href":"https:\/\/api.w.org\/{rel}","templated":true}]}}