{"id":29648,"date":"2026-03-23T11:11:09","date_gmt":"2026-03-23T11:11:09","guid":{"rendered":"https:\/\/greekbloom.mano-serveris.eu\/?post_type=product&#038;p=29648"},"modified":"2026-03-23T11:11:09","modified_gmt":"2026-03-23T11:11:09","slug":"salt-odyssey-naturlig-havsalt-fra-messolonghi-rent-gresk-havsalt-1000g","status":"publish","type":"product","link":"https:\/\/greekbloom.com\/index.php\/product\/salt-odyssey-naturlig-havsalt-fra-messolonghi-rent-gresk-havsalt-1000g\/","title":{"rendered":"Salt Odyssey Naturlig Havsalt fra Messolonghi \u2013 Rent gresk havsalt 1000g"},"content":{"rendered":"<p><img loading=\"lazy\" decoding=\"async\" class=\"alignnone size-medium wp-image-29553\" src=\"https:\/\/greekbloom.mano-serveris.eu\/wp-content\/uploads\/2026\/03\/Photoroom_20260309_112357-225x300.jpeg\" alt=\"\" width=\"225\" height=\"300\" srcset=\"https:\/\/greekbloom.com\/wp-content\/uploads\/2026\/03\/Photoroom_20260309_112357-225x300.jpeg 225w, https:\/\/greekbloom.com\/wp-content\/uploads\/2026\/03\/Photoroom_20260309_112357-150x200.jpeg 150w, https:\/\/greekbloom.com\/wp-content\/uploads\/2026\/03\/Photoroom_20260309_112357-600x800.jpeg 600w, https:\/\/greekbloom.com\/wp-content\/uploads\/2026\/03\/Photoroom_20260309_112357-768x1024.jpeg 768w, https:\/\/greekbloom.com\/wp-content\/uploads\/2026\/03\/Photoroom_20260309_112357-1152x1536.jpeg 1152w, https:\/\/greekbloom.com\/wp-content\/uploads\/2026\/03\/Photoroom_20260309_112357.jpeg 1512w\" sizes=\"auto, (max-width: 225px) 100vw, 225px\" \/><\/p>\n","protected":false},"excerpt":{"rendered":"<p data-start=\"149\" data-end=\"401\">Opplev den ekte smaken av Hellas med <strong data-start=\"186\" data-end=\"219\">Salt Odyssey naturlig havsalt<\/strong>, h\u00f8stet fra de beskyttede lagunene i Messolonghi. Dette omr\u00e5det er kjent for sitt rene vann og tradisjonelle metoder for saltutvinning, noe som gir et havsalt av sv\u00e6rt h\u00f8y kvalitet.<\/p>\n<p data-start=\"403\" data-end=\"605\">Saltet er solt\u00f8rket og minimalt bearbeidet, slik at det beholder sine naturlige mineraler og sin fine krystallstruktur. Resultatet er en ren og balansert smak som fremhever r\u00e5varene uten \u00e5 overd\u00f8ve dem.<\/p>\n<p data-start=\"607\" data-end=\"638\"><strong data-start=\"607\" data-end=\"638\">Hvorfor velge Salt Odyssey?<\/strong><\/p>\n<ul data-start=\"639\" data-end=\"816\">\n<li data-section-id=\"xgdz20\" data-start=\"639\" data-end=\"671\">H\u00f8stet i Messolonghi, Hellas<\/li>\n<li data-section-id=\"1uu2c5c\" data-start=\"672\" data-end=\"702\">Naturlig rikt p\u00e5 mineraler<\/li>\n<li data-section-id=\"14wofcy\" data-start=\"703\" data-end=\"753\">Uten tilsetningsstoffer eller antiklumpemidler<\/li>\n<li data-section-id=\"1jzimip\" data-start=\"754\" data-end=\"774\">Ren og mild smak<\/li>\n<li data-section-id=\"18g5zf8\" data-start=\"775\" data-end=\"816\">Tradisjonelt og b\u00e6rekraftig produsert<\/li>\n<\/ul>\n<p data-start=\"818\" data-end=\"834\"><strong data-start=\"818\" data-end=\"834\">Perfekt til:<\/strong><\/p>\n<ul data-start=\"835\" data-end=\"1081\">\n<li data-section-id=\"12qkumc\" data-start=\"835\" data-end=\"898\"><strong data-start=\"837\" data-end=\"857\">Daglig matlaging<\/strong> \u2013 Ideelt til kj\u00f8tt, fisk og gr\u00f8nnsaker<\/li>\n<li data-section-id=\"lw0nim\" data-start=\"899\" data-end=\"975\"><strong data-start=\"901\" data-end=\"930\">Bordsalt \/ finishing salt<\/strong> \u2013 Gir ekstra smak og tekstur ved servering<\/li>\n<li data-section-id=\"18zvy5x\" data-start=\"976\" data-end=\"1021\"><strong data-start=\"978\" data-end=\"989\">Salater<\/strong> \u2013 Fremhever naturlig friskhet<\/li>\n<li data-section-id=\"1hvjlx7\" data-start=\"1022\" data-end=\"1081\"><strong data-start=\"1024\" data-end=\"1034\">Baking<\/strong> \u2013 Et p\u00e5litelig kvalitetsprodukt p\u00e5 kj\u00f8kkenet<\/li>\n<\/ul>\n<p data-start=\"1083\" data-end=\"1221\">Ta med deg enkelheten og kvaliteten fra det greske kj\u00f8kkenet hjem med <strong data-start=\"1153\" data-end=\"1186\">Salt Odyssey naturlig havsalt<\/strong> \u2013 rent, naturlig og fullt av smak.<\/p>\n","protected":false},"featured_media":29553,"comment_status":"open","ping_status":"closed","template":"","meta":[],"product_brand":[],"product_cat":[81],"product_tag":[],"class_list":{"0":"post-29648","1":"product","2":"type-product","3":"status-publish","4":"has-post-thumbnail","6":"product_cat-krydder","8":"first","9":"instock","10":"shipping-taxable","11":"purchasable","12":"product-type-simple"},"aioseo_notices":[],"_links":{"self":[{"href":"https:\/\/greekbloom.com\/index.php\/wp-json\/wp\/v2\/product\/29648","targetHints":{"allow":["GET"]}}],"collection":[{"href":"https:\/\/greekbloom.com\/index.php\/wp-json\/wp\/v2\/product"}],"about":[{"href":"https:\/\/greekbloom.com\/index.php\/wp-json\/wp\/v2\/types\/product"}],"replies":[{"embeddable":true,"href":"https:\/\/greekbloom.com\/index.php\/wp-json\/wp\/v2\/comments?post=29648"}],"version-history":[{"count":1,"href":"https:\/\/greekbloom.com\/index.php\/wp-json\/wp\/v2\/product\/29648\/revisions"}],"predecessor-version":[{"id":29649,"href":"https:\/\/greekbloom.com\/index.php\/wp-json\/wp\/v2\/product\/29648\/revisions\/29649"}],"wp:featuredmedia":[{"embeddable":true,"href":"https:\/\/greekbloom.com\/index.php\/wp-json\/wp\/v2\/media\/29553"}],"wp:attachment":[{"href":"https:\/\/greekbloom.com\/index.php\/wp-json\/wp\/v2\/media?parent=29648"}],"wp:term":[{"taxonomy":"product_brand","embeddable":true,"href":"https:\/\/greekbloom.com\/index.php\/wp-json\/wp\/v2\/product_brand?post=29648"},{"taxonomy":"product_cat","embeddable":true,"href":"https:\/\/greekbloom.com\/index.php\/wp-json\/wp\/v2\/product_cat?post=29648"},{"taxonomy":"product_tag","embeddable":true,"href":"https:\/\/greekbloom.com\/index.php\/wp-json\/wp\/v2\/product_tag?post=29648"}],"curies":[{"name":"wp","href":"https:\/\/api.w.org\/{rel}","templated":true}]}}