{"id":29646,"date":"2026-03-23T11:06:18","date_gmt":"2026-03-23T11:06:18","guid":{"rendered":"https:\/\/greekbloom.mano-serveris.eu\/?post_type=product&#038;p=29646"},"modified":"2026-03-23T12:39:59","modified_gmt":"2026-03-23T12:39:59","slug":"primo-gusto-pesto-mediterraneo-middelhavssmak-inspirert-av-hellas","status":"publish","type":"product","link":"https:\/\/greekbloom.com\/index.php\/product\/primo-gusto-pesto-mediterraneo-middelhavssmak-inspirert-av-hellas\/","title":{"rendered":"Primo Gusto Pesto Mediterraneo \u2013 Middelhavssmak inspirert av Hellas"},"content":{"rendered":"<p><img loading=\"lazy\" decoding=\"async\" class=\"alignnone size-medium wp-image-29552\" src=\"https:\/\/greekbloom.mano-serveris.eu\/wp-content\/uploads\/2026\/03\/Photoroom_20260309_112312-225x300.jpeg\" alt=\"\" width=\"225\" height=\"300\" srcset=\"https:\/\/greekbloom.com\/wp-content\/uploads\/2026\/03\/Photoroom_20260309_112312-225x300.jpeg 225w, https:\/\/greekbloom.com\/wp-content\/uploads\/2026\/03\/Photoroom_20260309_112312-150x200.jpeg 150w, https:\/\/greekbloom.com\/wp-content\/uploads\/2026\/03\/Photoroom_20260309_112312-600x800.jpeg 600w, https:\/\/greekbloom.com\/wp-content\/uploads\/2026\/03\/Photoroom_20260309_112312-768x1024.jpeg 768w, https:\/\/greekbloom.com\/wp-content\/uploads\/2026\/03\/Photoroom_20260309_112312-1152x1536.jpeg 1152w, https:\/\/greekbloom.com\/wp-content\/uploads\/2026\/03\/Photoroom_20260309_112312.jpeg 1512w\" sizes=\"auto, (max-width: 225px) 100vw, 225px\" \/><\/p>\n","protected":false},"excerpt":{"rendered":"<p data-start=\"228\" data-end=\"483\">Oppdag en fyldig og solrik smak med <strong data-start=\"264\" data-end=\"298\">Primo Gusto Pesto Mediterraneo<\/strong>, inspirert av de rike mattradisjonene fra Hellas og Middelhavet. Denne pestoen kombinerer modne tomater, aromatiske urter og smakfulle oster for en balansert og intens smaksopplevelse.<\/p>\n<p data-start=\"485\" data-end=\"654\">Med sin varme, gyldne farge og kremede konsistens er dette et perfekt alternativ til klassisk gr\u00f8nn pesto \u2013 ideell for deg som \u00f8nsker noe nytt og spennende p\u00e5 kj\u00f8kkenet.<\/p>\n<p data-start=\"656\" data-end=\"688\"><strong data-start=\"656\" data-end=\"688\">Hvorfor velge denne pestoen?<\/strong><\/p>\n<ul data-start=\"689\" data-end=\"894\">\n<li data-section-id=\"17633f6\" data-start=\"689\" data-end=\"740\">Inspirert av greske og middelhavsbaserte smaker<\/li>\n<li data-section-id=\"ngnlnr\" data-start=\"741\" data-end=\"778\">Fyldig, aromatisk og lett \u00e5 bruke<\/li>\n<li data-section-id=\"z50ztl\" data-start=\"779\" data-end=\"845\">Perfekt til b\u00e5de raske hverdagsretter og mer kreative m\u00e5ltider<\/li>\n<li data-section-id=\"rpqhf2\" data-start=\"846\" data-end=\"894\">Klar til bruk \u2013 ingen forberedelse n\u00f8dvendig<\/li>\n<\/ul>\n<p data-start=\"896\" data-end=\"912\"><strong data-start=\"896\" data-end=\"912\">Perfekt til:<\/strong><\/p>\n<ul data-start=\"913\" data-end=\"1202\">\n<li data-section-id=\"yvymi1\" data-start=\"913\" data-end=\"970\"><strong data-start=\"915\" data-end=\"924\">Pasta<\/strong> \u2013 Enkelt og smakfullt m\u00e5ltid p\u00e5 f\u00e5 minutter<\/li>\n<li data-section-id=\"gd3bw0\" data-start=\"971\" data-end=\"1029\"><strong data-start=\"973\" data-end=\"998\">Bruschetta &amp; sm\u00f8rbr\u00f8d<\/strong> \u2013 Gir en rik og solfylt smak<\/li>\n<li data-section-id=\"1ah3495\" data-start=\"1030\" data-end=\"1078\"><strong data-start=\"1032\" data-end=\"1042\">Dipper<\/strong> \u2013 Bland med yoghurt eller kremost<\/li>\n<li data-section-id=\"1iqkoyy\" data-start=\"1079\" data-end=\"1137\"><strong data-start=\"1081\" data-end=\"1112\">Kylling, fisk og gr\u00f8nnsaker<\/strong> \u2013 Perfekt som marinade<\/li>\n<li data-section-id=\"1vmjm5j\" data-start=\"1138\" data-end=\"1202\"><strong data-start=\"1140\" data-end=\"1161\">Pizza og flatbr\u00f8d<\/strong> \u2013 En spennende base med middelhavspreg<\/li>\n<\/ul>\n<p data-start=\"1204\" data-end=\"1315\">Gi rettene dine et l\u00f8ft med ekte middelhavssmak \u2013 inspirert av Hellas \u2013 med <strong data-start=\"1280\" data-end=\"1314\">Primo Gusto Pesto Mediterraneo<\/strong>.<\/p>\n","protected":false},"featured_media":29552,"comment_status":"open","ping_status":"closed","template":"","meta":[],"product_brand":[],"product_cat":[80,76],"product_tag":[],"class_list":{"0":"post-29646","1":"product","2":"type-product","3":"status-publish","4":"has-post-thumbnail","6":"product_cat-pasta-og-ris","7":"product_cat-sauser","9":"first","10":"instock","11":"shipping-taxable","12":"purchasable","13":"product-type-simple"},"aioseo_notices":[],"_links":{"self":[{"href":"https:\/\/greekbloom.com\/index.php\/wp-json\/wp\/v2\/product\/29646","targetHints":{"allow":["GET"]}}],"collection":[{"href":"https:\/\/greekbloom.com\/index.php\/wp-json\/wp\/v2\/product"}],"about":[{"href":"https:\/\/greekbloom.com\/index.php\/wp-json\/wp\/v2\/types\/product"}],"replies":[{"embeddable":true,"href":"https:\/\/greekbloom.com\/index.php\/wp-json\/wp\/v2\/comments?post=29646"}],"version-history":[{"count":1,"href":"https:\/\/greekbloom.com\/index.php\/wp-json\/wp\/v2\/product\/29646\/revisions"}],"predecessor-version":[{"id":29647,"href":"https:\/\/greekbloom.com\/index.php\/wp-json\/wp\/v2\/product\/29646\/revisions\/29647"}],"wp:featuredmedia":[{"embeddable":true,"href":"https:\/\/greekbloom.com\/index.php\/wp-json\/wp\/v2\/media\/29552"}],"wp:attachment":[{"href":"https:\/\/greekbloom.com\/index.php\/wp-json\/wp\/v2\/media?parent=29646"}],"wp:term":[{"taxonomy":"product_brand","embeddable":true,"href":"https:\/\/greekbloom.com\/index.php\/wp-json\/wp\/v2\/product_brand?post=29646"},{"taxonomy":"product_cat","embeddable":true,"href":"https:\/\/greekbloom.com\/index.php\/wp-json\/wp\/v2\/product_cat?post=29646"},{"taxonomy":"product_tag","embeddable":true,"href":"https:\/\/greekbloom.com\/index.php\/wp-json\/wp\/v2\/product_tag?post=29646"}],"curies":[{"name":"wp","href":"https:\/\/api.w.org\/{rel}","templated":true}]}}