{"id":29644,"date":"2026-03-23T11:02:03","date_gmt":"2026-03-23T11:02:03","guid":{"rendered":"https:\/\/greekbloom.mano-serveris.eu\/?post_type=product&#038;p=29644"},"modified":"2026-03-23T11:02:03","modified_gmt":"2026-03-23T11:02:03","slug":"primo-gusto-pesto-mediterraneo-en-smak-av-middelhavssol-i-hvert-glass","status":"publish","type":"product","link":"https:\/\/greekbloom.com\/index.php\/product\/primo-gusto-pesto-mediterraneo-en-smak-av-middelhavssol-i-hvert-glass\/","title":{"rendered":"Primo Gusto Pesto Mediterraneo: En smak av middelhavssol i hvert glass"},"content":{"rendered":"<p><img loading=\"lazy\" decoding=\"async\" class=\"alignnone size-medium wp-image-29551\" src=\"https:\/\/greekbloom.mano-serveris.eu\/wp-content\/uploads\/2026\/03\/Photoroom_20260309_112228-225x300.jpeg\" alt=\"\" width=\"225\" height=\"300\" srcset=\"https:\/\/greekbloom.com\/wp-content\/uploads\/2026\/03\/Photoroom_20260309_112228-225x300.jpeg 225w, https:\/\/greekbloom.com\/wp-content\/uploads\/2026\/03\/Photoroom_20260309_112228-150x200.jpeg 150w, https:\/\/greekbloom.com\/wp-content\/uploads\/2026\/03\/Photoroom_20260309_112228-600x800.jpeg 600w, https:\/\/greekbloom.com\/wp-content\/uploads\/2026\/03\/Photoroom_20260309_112228-768x1024.jpeg 768w, https:\/\/greekbloom.com\/wp-content\/uploads\/2026\/03\/Photoroom_20260309_112228-1152x1536.jpeg 1152w, https:\/\/greekbloom.com\/wp-content\/uploads\/2026\/03\/Photoroom_20260309_112228.jpeg 1512w\" sizes=\"auto, (max-width: 225px) 100vw, 225px\" \/><\/p>\n","protected":false},"excerpt":{"rendered":"<p data-start=\"136\" data-end=\"334\">Gi rettene dine et l\u00f8ft med <strong data-start=\"164\" data-end=\"198\">Primo Gusto Pesto Mediterraneo<\/strong>. Denne fyldige og aromatiske pestoen er inspirert av solrike middelhavsingredienser og gir en rik og balansert smak til ethvert m\u00e5ltid.<\/p>\n<p data-start=\"336\" data-end=\"597\">Laget med modne tomater, smakfulle oster og en n\u00f8ye utvalgt blanding av urter og krydder, er <strong data-start=\"429\" data-end=\"451\">Pesto Mediterraneo<\/strong> et spennende alternativ til klassisk gr\u00f8nn pesto. Den kraftige smaken og den vakre oransje fargen gj\u00f8r den til en allsidig favoritt p\u00e5 kj\u00f8kkenet.<\/p>\n<p data-start=\"599\" data-end=\"615\"><strong data-start=\"599\" data-end=\"615\">Perfekt til:<\/strong><\/p>\n<p data-start=\"617\" data-end=\"1030\"><strong data-start=\"617\" data-end=\"626\">Pasta<\/strong> \u2013 Vend inn i din favorittpasta for et raskt og smakfullt m\u00e5ltid.<br data-start=\"691\" data-end=\"694\" \/><strong data-start=\"694\" data-end=\"704\">P\u00e5legg<\/strong> \u2013 Bruk som en gourmetspread p\u00e5 bruschetta, sm\u00f8rbr\u00f8d eller panini.<br data-start=\"770\" data-end=\"773\" \/><strong data-start=\"773\" data-end=\"783\">Dipper<\/strong> \u2013 Bland med yoghurt eller kremost for en enkel og deilig dip.<br data-start=\"845\" data-end=\"848\" \/><strong data-start=\"848\" data-end=\"861\">Marinader<\/strong> \u2013 Gi ekstra smak til kylling, fisk eller gr\u00f8nnsaker f\u00f8r grilling eller steking.<br data-start=\"941\" data-end=\"944\" \/><strong data-start=\"944\" data-end=\"965\">Pizza og flatbr\u00f8d<\/strong> \u2013 Bruk som en smakfull base p\u00e5 hjemmelaget pizza eller flatbr\u00f8d.<\/p>\n<p data-start=\"1032\" data-end=\"1164\">Opplev den ekte smaken av Middelhavet med <strong data-start=\"1074\" data-end=\"1108\">Primo Gusto Pesto Mediterraneo<\/strong> \u2013 din hemmelige ingrediens for \u00e5 skape noe ekstra godt.<\/p>\n","protected":false},"featured_media":29551,"comment_status":"open","ping_status":"closed","template":"","meta":[],"product_brand":[],"product_cat":[80,76],"product_tag":[],"class_list":{"0":"post-29644","1":"product","2":"type-product","3":"status-publish","4":"has-post-thumbnail","6":"product_cat-pasta-og-ris","7":"product_cat-sauser","9":"first","10":"instock","11":"shipping-taxable","12":"purchasable","13":"product-type-simple"},"aioseo_notices":[],"_links":{"self":[{"href":"https:\/\/greekbloom.com\/index.php\/wp-json\/wp\/v2\/product\/29644","targetHints":{"allow":["GET"]}}],"collection":[{"href":"https:\/\/greekbloom.com\/index.php\/wp-json\/wp\/v2\/product"}],"about":[{"href":"https:\/\/greekbloom.com\/index.php\/wp-json\/wp\/v2\/types\/product"}],"replies":[{"embeddable":true,"href":"https:\/\/greekbloom.com\/index.php\/wp-json\/wp\/v2\/comments?post=29644"}],"version-history":[{"count":1,"href":"https:\/\/greekbloom.com\/index.php\/wp-json\/wp\/v2\/product\/29644\/revisions"}],"predecessor-version":[{"id":29645,"href":"https:\/\/greekbloom.com\/index.php\/wp-json\/wp\/v2\/product\/29644\/revisions\/29645"}],"wp:featuredmedia":[{"embeddable":true,"href":"https:\/\/greekbloom.com\/index.php\/wp-json\/wp\/v2\/media\/29551"}],"wp:attachment":[{"href":"https:\/\/greekbloom.com\/index.php\/wp-json\/wp\/v2\/media?parent=29644"}],"wp:term":[{"taxonomy":"product_brand","embeddable":true,"href":"https:\/\/greekbloom.com\/index.php\/wp-json\/wp\/v2\/product_brand?post=29644"},{"taxonomy":"product_cat","embeddable":true,"href":"https:\/\/greekbloom.com\/index.php\/wp-json\/wp\/v2\/product_cat?post=29644"},{"taxonomy":"product_tag","embeddable":true,"href":"https:\/\/greekbloom.com\/index.php\/wp-json\/wp\/v2\/product_tag?post=29644"}],"curies":[{"name":"wp","href":"https:\/\/api.w.org\/{rel}","templated":true}]}}