{"id":29535,"date":"2026-03-05T13:16:07","date_gmt":"2026-03-05T13:16:07","guid":{"rendered":"https:\/\/greekbloom.mano-serveris.eu\/?post_type=product&#038;p=29535"},"modified":"2026-03-23T10:20:50","modified_gmt":"2026-03-23T10:20:50","slug":"merenda-hasselnottpalegg-med-kakao","status":"publish","type":"product","link":"https:\/\/greekbloom.com\/index.php\/product\/merenda-hasselnottpalegg-med-kakao\/","title":{"rendered":"Merenda Hasseln\u00f8ttp\u00e5legg med Kakao"},"content":{"rendered":"<p><img loading=\"lazy\" decoding=\"async\" class=\"alignnone size-medium wp-image-29524\" src=\"https:\/\/greekbloom.mano-serveris.eu\/wp-content\/uploads\/2026\/03\/Photoroom_20260227_115705-225x300.jpeg\" alt=\"\" width=\"225\" height=\"300\" srcset=\"https:\/\/greekbloom.com\/wp-content\/uploads\/2026\/03\/Photoroom_20260227_115705-225x300.jpeg 225w, https:\/\/greekbloom.com\/wp-content\/uploads\/2026\/03\/Photoroom_20260227_115705-150x200.jpeg 150w, https:\/\/greekbloom.com\/wp-content\/uploads\/2026\/03\/Photoroom_20260227_115705-600x800.jpeg 600w, https:\/\/greekbloom.com\/wp-content\/uploads\/2026\/03\/Photoroom_20260227_115705-768x1024.jpeg 768w, https:\/\/greekbloom.com\/wp-content\/uploads\/2026\/03\/Photoroom_20260227_115705-1152x1536.jpeg 1152w, https:\/\/greekbloom.com\/wp-content\/uploads\/2026\/03\/Photoroom_20260227_115705.jpeg 1512w\" sizes=\"auto, (max-width: 225px) 100vw, 225px\" \/><\/p>\n","protected":false},"excerpt":{"rendered":"<div class=\"flex flex-col text-sm pb-25\">\n<article class=\"text-token-text-primary w-full focus:outline-none [--shadow-height:45px] has-data-writing-block:pointer-events-none has-data-writing-block:-mt-(--shadow-height) has-data-writing-block:pt-(--shadow-height) [&amp;:has([data-writing-block])&gt;*]:pointer-events-auto scroll-mt-[calc(var(--header-height)+min(200px,max(70px,20svh)))]\" dir=\"auto\" tabindex=\"-1\" data-turn-id=\"request-WEB:b5811433-8e97-4ab3-8d4d-2fed8835e245-9\" data-testid=\"conversation-turn-20\" data-scroll-anchor=\"true\" data-turn=\"assistant\">\n<div class=\"text-base my-auto mx-auto pb-10 [--thread-content-margin:--spacing(4)] @w-sm\/main:[--thread-content-margin:--spacing(6)] @w-lg\/main:[--thread-content-margin:--spacing(16)] px-(--thread-content-margin)\">\n<div class=\"[--thread-content-max-width:40rem] @w-lg\/main:[--thread-content-max-width:48rem] mx-auto max-w-(--thread-content-max-width) flex-1 group\/turn-messages focus-visible:outline-hidden relative flex w-full min-w-0 flex-col agent-turn\" tabindex=\"-1\">\n<div class=\"flex max-w-full flex-col grow\">\n<div class=\"min-h-8 text-message relative flex w-full flex-col items-end gap-2 text-start break-words whitespace-normal [.text-message+&amp;]:mt-1\" dir=\"auto\" data-message-author-role=\"assistant\" data-message-id=\"e0d180c4-5fea-4b54-81fb-018c12b11e86\" data-message-model-slug=\"gpt-5-3\">\n<div class=\"flex w-full flex-col gap-1 empty:hidden first:pt-[1px]\">\n<div class=\"markdown prose dark:prose-invert w-full wrap-break-word light markdown-new-styling\">\n<p data-start=\"40\" data-end=\"297\"><strong data-start=\"40\" data-end=\"51\">Merenda<\/strong> er et popul\u00e6rt og kremet hasseln\u00f8ttp\u00e5legg med kakao som har v\u00e6rt en favoritt i mange hjem. Den myke og rike konsistensen, kombinert med smaken av ristede hasseln\u00f8tter og kakao, gj\u00f8r dette p\u00e5legget perfekt for b\u00e5de frokost og s\u00f8te mellomm\u00e5ltider.<\/p>\n<p data-start=\"299\" data-end=\"442\">P\u00e5legget er lett \u00e5 sm\u00f8re og gir en deilig balanse mellom s\u00f8dme og n\u00f8ttesmak. Det kan nytes p\u00e5 br\u00f8d, toast eller som topping p\u00e5 ulike desserter.<\/p>\n<h3 data-start=\"444\" data-end=\"459\">Smaksprofil<\/h3>\n<ul data-start=\"460\" data-end=\"549\">\n<li data-start=\"460\" data-end=\"500\">\n<p data-start=\"462\" data-end=\"500\">Fyldig smak av kakao og hasseln\u00f8tter<\/p>\n<\/li>\n<li data-start=\"501\" data-end=\"531\">\n<p data-start=\"503\" data-end=\"531\">Kremet og glatt konsistens<\/p>\n<\/li>\n<li data-start=\"532\" data-end=\"549\">\n<p data-start=\"534\" data-end=\"549\">S\u00f8t og rik smak<\/p>\n<\/li>\n<\/ul>\n<h3 data-start=\"551\" data-end=\"566\">Perfekt til<\/h3>\n<ul data-start=\"567\" data-end=\"680\">\n<li data-start=\"567\" data-end=\"584\">\n<p data-start=\"569\" data-end=\"584\">Br\u00f8d og toast<\/p>\n<\/li>\n<li data-start=\"585\" data-end=\"609\">\n<p data-start=\"587\" data-end=\"609\">Pannekaker og vafler<\/p>\n<\/li>\n<li data-start=\"610\" data-end=\"651\">\n<p data-start=\"612\" data-end=\"651\">Som topping p\u00e5 iskrem eller desserter<\/p>\n<\/li>\n<li data-start=\"652\" data-end=\"680\">\n<p data-start=\"654\" data-end=\"680\">Baking og s\u00f8te oppskrifter<\/p>\n<\/li>\n<\/ul>\n<h3 data-start=\"682\" data-end=\"704\">Produktinformasjon<\/h3>\n<ul data-start=\"705\" data-end=\"816\">\n<li data-start=\"705\" data-end=\"745\">\n<p data-start=\"707\" data-end=\"745\"><strong data-start=\"707\" data-end=\"716\">Type:<\/strong> Hasseln\u00f8ttp\u00e5legg med kakao<\/p>\n<\/li>\n<li data-start=\"746\" data-end=\"773\">\n<p data-start=\"748\" data-end=\"773\"><strong data-start=\"748\" data-end=\"764\">Opprinnelse:<\/strong> Hellas<\/p>\n<\/li>\n<li data-start=\"774\" data-end=\"816\">\n<p data-start=\"776\" data-end=\"816\"><strong data-start=\"776\" data-end=\"791\">Konsistens:<\/strong> Kremet og lett \u00e5 sm\u00f8re<\/p>\n<\/li>\n<\/ul>\n<p data-start=\"818\" data-end=\"925\" data-is-last-node=\"\" data-is-only-node=\"\"><strong data-start=\"818\" data-end=\"829\">Merenda<\/strong> er et klassisk s\u00f8tt p\u00e5legg som gir en liten smak av gresk hverdagsglede til frokostbordet. \ud83c\udf6b\ud83c\udf30<\/p>\n<\/div>\n<\/div>\n<\/div>\n<\/div>\n<div class=\"z-0 flex min-h-[46px] justify-start\"><\/div>\n<div class=\"mt-3 w-full empty:hidden\">\n<div class=\"text-center\"><\/div>\n<\/div>\n<\/div>\n<\/div>\n<\/article>\n<\/div>\n<div class=\"pointer-events-none h-px w-px absolute bottom-0\" aria-hidden=\"true\" data-edge=\"true\"><\/div>\n","protected":false},"featured_media":29524,"comment_status":"open","ping_status":"closed","template":"","meta":[],"product_brand":[],"product_cat":[86,97],"product_tag":[],"class_list":{"0":"post-29535","1":"product","2":"type-product","3":"status-publish","4":"has-post-thumbnail","6":"product_cat-kjeks","7":"product_cat-syltetoy-og-marmelade","9":"first","10":"instock","11":"shipping-taxable","12":"purchasable","13":"product-type-simple"},"aioseo_notices":[],"_links":{"self":[{"href":"https:\/\/greekbloom.com\/index.php\/wp-json\/wp\/v2\/product\/29535","targetHints":{"allow":["GET"]}}],"collection":[{"href":"https:\/\/greekbloom.com\/index.php\/wp-json\/wp\/v2\/product"}],"about":[{"href":"https:\/\/greekbloom.com\/index.php\/wp-json\/wp\/v2\/types\/product"}],"replies":[{"embeddable":true,"href":"https:\/\/greekbloom.com\/index.php\/wp-json\/wp\/v2\/comments?post=29535"}],"version-history":[{"count":1,"href":"https:\/\/greekbloom.com\/index.php\/wp-json\/wp\/v2\/product\/29535\/revisions"}],"predecessor-version":[{"id":29536,"href":"https:\/\/greekbloom.com\/index.php\/wp-json\/wp\/v2\/product\/29535\/revisions\/29536"}],"wp:featuredmedia":[{"embeddable":true,"href":"https:\/\/greekbloom.com\/index.php\/wp-json\/wp\/v2\/media\/29524"}],"wp:attachment":[{"href":"https:\/\/greekbloom.com\/index.php\/wp-json\/wp\/v2\/media?parent=29535"}],"wp:term":[{"taxonomy":"product_brand","embeddable":true,"href":"https:\/\/greekbloom.com\/index.php\/wp-json\/wp\/v2\/product_brand?post=29535"},{"taxonomy":"product_cat","embeddable":true,"href":"https:\/\/greekbloom.com\/index.php\/wp-json\/wp\/v2\/product_cat?post=29535"},{"taxonomy":"product_tag","embeddable":true,"href":"https:\/\/greekbloom.com\/index.php\/wp-json\/wp\/v2\/product_tag?post=29535"}],"curies":[{"name":"wp","href":"https:\/\/api.w.org\/{rel}","templated":true}]}}