{"id":29533,"date":"2026-03-05T13:13:46","date_gmt":"2026-03-05T13:13:46","guid":{"rendered":"https:\/\/greekbloom.mano-serveris.eu\/?post_type=product&#038;p=29533"},"modified":"2026-03-23T10:21:54","modified_gmt":"2026-03-23T10:21:54","slug":"ef-zin-spoon-sweet-surkirsebaer","status":"publish","type":"product","link":"https:\/\/greekbloom.com\/index.php\/product\/ef-zin-spoon-sweet-surkirsebaer\/","title":{"rendered":"Ef Z\u00edn Spoon Sweet Surkirseb\u00e6r"},"content":{"rendered":"<p><img loading=\"lazy\" decoding=\"async\" class=\"alignnone size-medium wp-image-29513\" src=\"https:\/\/greekbloom.mano-serveris.eu\/wp-content\/uploads\/2026\/03\/Photoroom_20260305_132802-225x300.jpeg\" alt=\"\" width=\"225\" height=\"300\" srcset=\"https:\/\/greekbloom.com\/wp-content\/uploads\/2026\/03\/Photoroom_20260305_132802-225x300.jpeg 225w, https:\/\/greekbloom.com\/wp-content\/uploads\/2026\/03\/Photoroom_20260305_132802-150x200.jpeg 150w, https:\/\/greekbloom.com\/wp-content\/uploads\/2026\/03\/Photoroom_20260305_132802-600x800.jpeg 600w, https:\/\/greekbloom.com\/wp-content\/uploads\/2026\/03\/Photoroom_20260305_132802-768x1024.jpeg 768w, https:\/\/greekbloom.com\/wp-content\/uploads\/2026\/03\/Photoroom_20260305_132802-1152x1536.jpeg 1152w, https:\/\/greekbloom.com\/wp-content\/uploads\/2026\/03\/Photoroom_20260305_132802.jpeg 1512w\" sizes=\"auto, (max-width: 225px) 100vw, 225px\" \/><\/p>\n","protected":false},"excerpt":{"rendered":"<div class=\"flex flex-col text-sm pb-25\">\n<article class=\"text-token-text-primary w-full focus:outline-none [--shadow-height:45px] has-data-writing-block:pointer-events-none has-data-writing-block:-mt-(--shadow-height) has-data-writing-block:pt-(--shadow-height) [&amp;:has([data-writing-block])&gt;*]:pointer-events-auto scroll-mt-[calc(var(--header-height)+min(200px,max(70px,20svh)))]\" dir=\"auto\" tabindex=\"-1\" data-turn-id=\"request-WEB:b5811433-8e97-4ab3-8d4d-2fed8835e245-8\" data-testid=\"conversation-turn-18\" data-scroll-anchor=\"true\" data-turn=\"assistant\">\n<div class=\"text-base my-auto mx-auto pb-10 [--thread-content-margin:--spacing(4)] @w-sm\/main:[--thread-content-margin:--spacing(6)] @w-lg\/main:[--thread-content-margin:--spacing(16)] px-(--thread-content-margin)\">\n<div class=\"[--thread-content-max-width:40rem] @w-lg\/main:[--thread-content-max-width:48rem] mx-auto max-w-(--thread-content-max-width) flex-1 group\/turn-messages focus-visible:outline-hidden relative flex w-full min-w-0 flex-col agent-turn\" tabindex=\"-1\">\n<div class=\"flex max-w-full flex-col grow\">\n<div class=\"min-h-8 text-message relative flex w-full flex-col items-end gap-2 text-start break-words whitespace-normal [.text-message+&amp;]:mt-1\" dir=\"auto\" data-message-author-role=\"assistant\" data-message-id=\"06ed4e8f-bbd5-4be3-8faf-3129cacf4d11\" data-message-model-slug=\"gpt-5-3\">\n<div class=\"flex w-full flex-col gap-1 empty:hidden first:pt-[1px]\">\n<div class=\"markdown prose dark:prose-invert w-full wrap-break-word light markdown-new-styling\">\n<p data-start=\"36\" data-end=\"350\">Opplev en klassisk gresk delikatesse med <strong data-start=\"77\" data-end=\"111\">Ef Z\u00edn Spoon Sweet Surkirseb\u00e6r<\/strong>, laget av hele surkirseb\u00e6r kokt i en aromatisk sukkerlake. Denne tradisjonelle s\u00f8tsaken er en viktig del av gresk gjestfrihet og serveres ofte til gjester som en liten s\u00f8t godbit \u2013 vanligvis med et glass kaldt vann eller sammen med kaffe.<\/p>\n<p data-start=\"352\" data-end=\"554\">Surkirseb\u00e6rene gir en perfekt balanse mellom s\u00f8dme og frisk syrlighet. Den rike fruktsmaken kombinert med den delikate sirupen skaper en intens og aromatisk opplevelse som gj\u00f8r denne spesialiteten unik.<\/p>\n<h3 data-start=\"556\" data-end=\"575\">Smaksopplevelse<\/h3>\n<ul data-start=\"576\" data-end=\"690\">\n<li data-start=\"576\" data-end=\"606\">\n<p data-start=\"578\" data-end=\"606\">Fyldig smak av surkirseb\u00e6r<\/p>\n<\/li>\n<li data-start=\"607\" data-end=\"648\">\n<p data-start=\"609\" data-end=\"648\">Perfekt balanse mellom s\u00f8tt og syrlig<\/p>\n<\/li>\n<li data-start=\"649\" data-end=\"690\">\n<p data-start=\"651\" data-end=\"690\">Aromatisk sirup med rik fruktkarakter<\/p>\n<\/li>\n<\/ul>\n<h3 data-start=\"692\" data-end=\"716\">Slik kan du nyte den<\/h3>\n<ul data-start=\"717\" data-end=\"888\">\n<li data-start=\"717\" data-end=\"770\">\n<p data-start=\"719\" data-end=\"770\">Servert tradisjonelt p\u00e5 en liten skje som dessert<\/p>\n<\/li>\n<li data-start=\"771\" data-end=\"799\">\n<p data-start=\"773\" data-end=\"799\">Sammen med gresk yoghurt<\/p>\n<\/li>\n<li data-start=\"800\" data-end=\"850\">\n<p data-start=\"802\" data-end=\"850\">Som topping p\u00e5 iskrem, pannekaker eller vafler<\/p>\n<\/li>\n<li data-start=\"851\" data-end=\"888\">\n<p data-start=\"853\" data-end=\"888\">Perfekt til ostefat eller bakverk<\/p>\n<\/li>\n<\/ul>\n<h3 data-start=\"890\" data-end=\"912\">Produktinformasjon<\/h3>\n<ul data-start=\"913\" data-end=\"1050\">\n<li data-start=\"913\" data-end=\"971\">\n<p data-start=\"915\" data-end=\"971\"><strong data-start=\"915\" data-end=\"924\">Type:<\/strong> Tradisjonell gresk spoon sweet (frukts\u00f8tsak)<\/p>\n<\/li>\n<li data-start=\"972\" data-end=\"997\">\n<p data-start=\"974\" data-end=\"997\"><strong data-start=\"974\" data-end=\"983\">Smak:<\/strong> Surkirseb\u00e6r<\/p>\n<\/li>\n<li data-start=\"998\" data-end=\"1025\">\n<p data-start=\"1000\" data-end=\"1025\"><strong data-start=\"1000\" data-end=\"1016\">Opprinnelse:<\/strong> Hellas<\/p>\n<\/li>\n<li data-start=\"1026\" data-end=\"1050\">\n<p data-start=\"1028\" data-end=\"1050\"><strong data-start=\"1028\" data-end=\"1042\">Nettovekt:<\/strong> 250 g<\/p>\n<\/li>\n<\/ul>\n<p data-start=\"1052\" data-end=\"1191\" data-is-last-node=\"\" data-is-only-node=\"\">Navnet <strong data-start=\"1059\" data-end=\"1069\">Ef Z\u00edn<\/strong> betyr <em data-start=\"1076\" data-end=\"1092\">\u00abdet gode liv\u00bb<\/em>, og denne tradisjonelle s\u00f8tsaken bringer smaken av gresk kultur og gjestfrihet til bordet ditt. \ud83c\udf52<\/p>\n<\/div>\n<\/div>\n<\/div>\n<\/div>\n<div class=\"z-0 flex min-h-[46px] justify-start\"><\/div>\n<div class=\"mt-3 w-full empty:hidden\">\n<div class=\"text-center\"><\/div>\n<\/div>\n<\/div>\n<\/div>\n<\/article>\n<\/div>\n<div class=\"pointer-events-none h-px w-px absolute bottom-0\" aria-hidden=\"true\" data-edge=\"true\"><\/div>\n","protected":false},"featured_media":29513,"comment_status":"open","ping_status":"closed","template":"","meta":[],"product_brand":[],"product_cat":[97],"product_tag":[],"class_list":{"0":"post-29533","1":"product","2":"type-product","3":"status-publish","4":"has-post-thumbnail","6":"product_cat-syltetoy-og-marmelade","8":"first","9":"instock","10":"shipping-taxable","11":"purchasable","12":"product-type-simple"},"aioseo_notices":[],"_links":{"self":[{"href":"https:\/\/greekbloom.com\/index.php\/wp-json\/wp\/v2\/product\/29533","targetHints":{"allow":["GET"]}}],"collection":[{"href":"https:\/\/greekbloom.com\/index.php\/wp-json\/wp\/v2\/product"}],"about":[{"href":"https:\/\/greekbloom.com\/index.php\/wp-json\/wp\/v2\/types\/product"}],"replies":[{"embeddable":true,"href":"https:\/\/greekbloom.com\/index.php\/wp-json\/wp\/v2\/comments?post=29533"}],"version-history":[{"count":1,"href":"https:\/\/greekbloom.com\/index.php\/wp-json\/wp\/v2\/product\/29533\/revisions"}],"predecessor-version":[{"id":29534,"href":"https:\/\/greekbloom.com\/index.php\/wp-json\/wp\/v2\/product\/29533\/revisions\/29534"}],"wp:featuredmedia":[{"embeddable":true,"href":"https:\/\/greekbloom.com\/index.php\/wp-json\/wp\/v2\/media\/29513"}],"wp:attachment":[{"href":"https:\/\/greekbloom.com\/index.php\/wp-json\/wp\/v2\/media?parent=29533"}],"wp:term":[{"taxonomy":"product_brand","embeddable":true,"href":"https:\/\/greekbloom.com\/index.php\/wp-json\/wp\/v2\/product_brand?post=29533"},{"taxonomy":"product_cat","embeddable":true,"href":"https:\/\/greekbloom.com\/index.php\/wp-json\/wp\/v2\/product_cat?post=29533"},{"taxonomy":"product_tag","embeddable":true,"href":"https:\/\/greekbloom.com\/index.php\/wp-json\/wp\/v2\/product_tag?post=29533"}],"curies":[{"name":"wp","href":"https:\/\/api.w.org\/{rel}","templated":true}]}}