{"id":29531,"date":"2026-03-05T13:11:36","date_gmt":"2026-03-05T13:11:36","guid":{"rendered":"https:\/\/greekbloom.mano-serveris.eu\/?post_type=product&#038;p=29531"},"modified":"2026-03-23T10:22:24","modified_gmt":"2026-03-23T10:22:24","slug":"elasion-organic-extra-virgin-olivenolje-fra-kreta","status":"publish","type":"product","link":"https:\/\/greekbloom.com\/index.php\/product\/elasion-organic-extra-virgin-olivenolje-fra-kreta\/","title":{"rendered":"Elasion Organic Extra Virgin Olivenolje fra Kreta"},"content":{"rendered":"<p><img loading=\"lazy\" decoding=\"async\" class=\"alignnone size-medium wp-image-29515\" src=\"https:\/\/greekbloom.mano-serveris.eu\/wp-content\/uploads\/2026\/03\/Photoroom_20260305_132913-225x300.jpeg\" alt=\"\" width=\"225\" height=\"300\" srcset=\"https:\/\/greekbloom.com\/wp-content\/uploads\/2026\/03\/Photoroom_20260305_132913-225x300.jpeg 225w, https:\/\/greekbloom.com\/wp-content\/uploads\/2026\/03\/Photoroom_20260305_132913-150x200.jpeg 150w, https:\/\/greekbloom.com\/wp-content\/uploads\/2026\/03\/Photoroom_20260305_132913-600x800.jpeg 600w, https:\/\/greekbloom.com\/wp-content\/uploads\/2026\/03\/Photoroom_20260305_132913-768x1024.jpeg 768w, https:\/\/greekbloom.com\/wp-content\/uploads\/2026\/03\/Photoroom_20260305_132913-1152x1536.jpeg 1152w, https:\/\/greekbloom.com\/wp-content\/uploads\/2026\/03\/Photoroom_20260305_132913.jpeg 1512w\" sizes=\"auto, (max-width: 225px) 100vw, 225px\" \/><\/p>\n","protected":false},"excerpt":{"rendered":"<div class=\"flex flex-col text-sm pb-25\">\n<article class=\"text-token-text-primary w-full focus:outline-none [--shadow-height:45px] has-data-writing-block:pointer-events-none has-data-writing-block:-mt-(--shadow-height) has-data-writing-block:pt-(--shadow-height) [&amp;:has([data-writing-block])&gt;*]:pointer-events-auto scroll-mt-[calc(var(--header-height)+min(200px,max(70px,20svh)))]\" dir=\"auto\" tabindex=\"-1\" data-turn-id=\"request-WEB:b5811433-8e97-4ab3-8d4d-2fed8835e245-7\" data-testid=\"conversation-turn-16\" data-scroll-anchor=\"true\" data-turn=\"assistant\">\n<div class=\"text-base my-auto mx-auto pb-10 [--thread-content-margin:--spacing(4)] @w-sm\/main:[--thread-content-margin:--spacing(6)] @w-lg\/main:[--thread-content-margin:--spacing(16)] px-(--thread-content-margin)\">\n<div class=\"[--thread-content-max-width:40rem] @w-lg\/main:[--thread-content-max-width:48rem] mx-auto max-w-(--thread-content-max-width) flex-1 group\/turn-messages focus-visible:outline-hidden relative flex w-full min-w-0 flex-col agent-turn\" tabindex=\"-1\">\n<div class=\"flex max-w-full flex-col grow\">\n<div class=\"min-h-8 text-message relative flex w-full flex-col items-end gap-2 text-start break-words whitespace-normal [.text-message+&amp;]:mt-1\" dir=\"auto\" data-message-author-role=\"assistant\" data-message-id=\"7ac3a7f9-2286-4a27-9753-c2445da12ddc\" data-message-model-slug=\"gpt-5-3\">\n<div class=\"flex w-full flex-col gap-1 empty:hidden first:pt-[1px]\">\n<div class=\"markdown prose dark:prose-invert w-full wrap-break-word light markdown-new-styling\">\n<p data-start=\"55\" data-end=\"363\">Opplev den autentiske smaken av middelhavskvalitet med <strong data-start=\"110\" data-end=\"129\">Elasion Organic<\/strong>, en f\u00f8rsteklasses \u00f8kologisk ekstra virgin olivenolje produsert p\u00e5 <strong data-start=\"196\" data-end=\"214\">Kreta i Hellas<\/strong>. \u00d8ya er kjent for sitt ideelle klima, rike jord og lange tradisjon for olivendyrking, noe som gir olivenoljer med spesielt h\u00f8y kvalitet og karakter.<\/p>\n<p data-start=\"365\" data-end=\"578\">Olivenene dyrkes etter \u00f8kologiske prinsipper og h\u00f8stes n\u00f8ye f\u00f8r de <strong data-start=\"432\" data-end=\"447\">kaldpresses<\/strong> kort tid etter innh\u00f8sting. Denne sk\u00e5nsomme prosessen bevarer b\u00e5de aroma, smak og de naturlige n\u00e6ringsstoffene som finnes i oliven.<\/p>\n<p data-start=\"580\" data-end=\"760\">Resultatet er en balansert og elegant olivenolje med fruktige toner, mild bitterhet og en lett pepperaktig avslutning \u2013 kjennetegn p\u00e5 ekte ekstra virgin olivenolje av h\u00f8y kvalitet.<\/p>\n<h3 data-start=\"762\" data-end=\"777\">Smaksprofil<\/h3>\n<ul data-start=\"778\" data-end=\"921\">\n<li data-start=\"778\" data-end=\"804\">\n<p data-start=\"780\" data-end=\"804\">Frisk og fruktig aroma<\/p>\n<\/li>\n<li data-start=\"805\" data-end=\"844\">\n<p data-start=\"807\" data-end=\"844\">Smak av b\u00e5de gr\u00f8nne og modne oliven<\/p>\n<\/li>\n<li data-start=\"845\" data-end=\"893\">\n<p data-start=\"847\" data-end=\"893\">Lett bitterhet og en mild pepperaktig finish<\/p>\n<\/li>\n<li data-start=\"894\" data-end=\"921\">\n<p data-start=\"896\" data-end=\"921\">Myk og balansert karakter<\/p>\n<\/li>\n<\/ul>\n<h3 data-start=\"923\" data-end=\"938\">Perfekt til<\/h3>\n<ul data-start=\"939\" data-end=\"1096\">\n<li data-start=\"939\" data-end=\"964\">\n<p data-start=\"941\" data-end=\"964\">Salater og dressinger<\/p>\n<\/li>\n<li data-start=\"965\" data-end=\"1003\">\n<p data-start=\"967\" data-end=\"1003\">Grillede gr\u00f8nnsaker, fisk og kj\u00f8tt<\/p>\n<\/li>\n<li data-start=\"1004\" data-end=\"1033\">\n<p data-start=\"1006\" data-end=\"1033\">Pasta og middelhavsretter<\/p>\n<\/li>\n<li data-start=\"1034\" data-end=\"1075\">\n<p data-start=\"1036\" data-end=\"1075\">Som finishing oil over ferdige retter<\/p>\n<\/li>\n<li data-start=\"1076\" data-end=\"1096\">\n<p data-start=\"1078\" data-end=\"1096\">Ferskt br\u00f8d og dip<\/p>\n<\/li>\n<\/ul>\n<h3 data-start=\"1098\" data-end=\"1120\">Produktinformasjon<\/h3>\n<ul data-start=\"1121\" data-end=\"1316\">\n<li data-start=\"1121\" data-end=\"1169\">\n<p data-start=\"1123\" data-end=\"1169\"><strong data-start=\"1123\" data-end=\"1132\">Type:<\/strong> \u00d8kologisk ekstra virgin olivenolje<\/p>\n<\/li>\n<li data-start=\"1170\" data-end=\"1204\">\n<p data-start=\"1172\" data-end=\"1204\"><strong data-start=\"1172\" data-end=\"1188\">Opprinnelse:<\/strong> Kreta, Hellas<\/p>\n<\/li>\n<li data-start=\"1205\" data-end=\"1236\">\n<p data-start=\"1207\" data-end=\"1236\"><strong data-start=\"1207\" data-end=\"1222\">Produksjon:<\/strong> Kaldpresset<\/p>\n<\/li>\n<li data-start=\"1237\" data-end=\"1294\">\n<p data-start=\"1239\" data-end=\"1294\"><strong data-start=\"1239\" data-end=\"1257\">Sertifisering:<\/strong> \u00d8kologisk sertifisert (EU Organic)<\/p>\n<\/li>\n<li data-start=\"1295\" data-end=\"1316\">\n<p data-start=\"1297\" data-end=\"1316\"><strong data-start=\"1297\" data-end=\"1307\">Volum:<\/strong> 750 ml<\/p>\n<\/li>\n<\/ul>\n<p data-start=\"1318\" data-end=\"1496\" data-is-last-node=\"\" data-is-only-node=\"\"><strong data-start=\"1318\" data-end=\"1337\">Elasion Organic<\/strong> bringer smaken av <strong data-start=\"1356\" data-end=\"1388\">Kreta og middelhavstradisjon<\/strong> til kj\u00f8kkenet ditt \u2013 en naturlig og sunn olivenolje perfekt for b\u00e5de hverdagsbruk og spesielle retter. \ud83c\udf3f\ud83e\uded2<\/p>\n<\/div>\n<\/div>\n<\/div>\n<\/div>\n<div class=\"z-0 flex min-h-[46px] justify-start\"><\/div>\n<div class=\"mt-3 w-full empty:hidden\">\n<div class=\"text-center\"><\/div>\n<\/div>\n<\/div>\n<\/div>\n<\/article>\n<\/div>\n<div class=\"pointer-events-none h-px w-px absolute bottom-0\" aria-hidden=\"true\" data-edge=\"true\"><\/div>\n","protected":false},"featured_media":29515,"comment_status":"open","ping_status":"closed","template":"","meta":[],"product_brand":[],"product_cat":[77],"product_tag":[],"class_list":{"0":"post-29531","1":"product","2":"type-product","3":"status-publish","4":"has-post-thumbnail","6":"product_cat-olivenolje-og-eddik","8":"first","9":"instock","10":"shipping-taxable","11":"purchasable","12":"product-type-simple"},"aioseo_notices":[],"_links":{"self":[{"href":"https:\/\/greekbloom.com\/index.php\/wp-json\/wp\/v2\/product\/29531","targetHints":{"allow":["GET"]}}],"collection":[{"href":"https:\/\/greekbloom.com\/index.php\/wp-json\/wp\/v2\/product"}],"about":[{"href":"https:\/\/greekbloom.com\/index.php\/wp-json\/wp\/v2\/types\/product"}],"replies":[{"embeddable":true,"href":"https:\/\/greekbloom.com\/index.php\/wp-json\/wp\/v2\/comments?post=29531"}],"version-history":[{"count":1,"href":"https:\/\/greekbloom.com\/index.php\/wp-json\/wp\/v2\/product\/29531\/revisions"}],"predecessor-version":[{"id":29532,"href":"https:\/\/greekbloom.com\/index.php\/wp-json\/wp\/v2\/product\/29531\/revisions\/29532"}],"wp:featuredmedia":[{"embeddable":true,"href":"https:\/\/greekbloom.com\/index.php\/wp-json\/wp\/v2\/media\/29515"}],"wp:attachment":[{"href":"https:\/\/greekbloom.com\/index.php\/wp-json\/wp\/v2\/media?parent=29531"}],"wp:term":[{"taxonomy":"product_brand","embeddable":true,"href":"https:\/\/greekbloom.com\/index.php\/wp-json\/wp\/v2\/product_brand?post=29531"},{"taxonomy":"product_cat","embeddable":true,"href":"https:\/\/greekbloom.com\/index.php\/wp-json\/wp\/v2\/product_cat?post=29531"},{"taxonomy":"product_tag","embeddable":true,"href":"https:\/\/greekbloom.com\/index.php\/wp-json\/wp\/v2\/product_tag?post=29531"}],"curies":[{"name":"wp","href":"https:\/\/api.w.org\/{rel}","templated":true}]}}