{"id":29379,"date":"2026-02-17T12:19:37","date_gmt":"2026-02-17T12:19:37","guid":{"rendered":"https:\/\/greekbloom.mano-serveris.eu\/?post_type=product&#038;p=29379"},"modified":"2026-02-17T12:19:46","modified_gmt":"2026-02-17T12:19:46","slug":"okologisk-dagkrem-med-ekstra-jomfru-olivenolje-og-honning-naturlig-fukt-og-beskyttelse-hele-dagen-50ml","status":"publish","type":"product","link":"https:\/\/greekbloom.com\/index.php\/product\/okologisk-dagkrem-med-ekstra-jomfru-olivenolje-og-honning-naturlig-fukt-og-beskyttelse-hele-dagen-50ml\/","title":{"rendered":"\u00d8kologisk dagkrem med ekstra jomfru olivenolje og honning \u2013 naturlig fukt og beskyttelse hele dagen 50ml"},"content":{"rendered":"<p data-start=\"225\" data-end=\"629\">Denne \u00f8kologiske <strong data-start=\"242\" data-end=\"255\">dagkremen<\/strong> er formulert med n\u00e6ringsrik ekstra jomfru olivenolje og naturlig honning \u2013 to av naturens mest fuktighetsgivende og beskyttende ingredienser. Olivenoljen tilf\u00f8rer huden essensielle fettsyrer og antioksidanter, mens honning virker pleiende og bidrar til \u00e5 bevare fukt gjennom hele dagen. Kremen absorberes raskt uten \u00e5 f\u00f8les fet og etterlater huden myk, balansert og smidig.<\/p>\n<p data-start=\"631\" data-end=\"680\">Perfekt for daglig bruk og som base under sminke.<\/p>\n<p data-start=\"682\" data-end=\"695\"><strong data-start=\"682\" data-end=\"695\">Fordeler:<\/strong><\/p>\n<ul data-start=\"696\" data-end=\"995\">\n<li data-start=\"696\" data-end=\"761\">\n<p data-start=\"698\" data-end=\"761\">\u00d8kologisk <strong data-start=\"708\" data-end=\"719\">dagkrem<\/strong> med ekstra jomfru olivenolje og honning<\/p>\n<\/li>\n<li data-start=\"762\" data-end=\"807\">\n<p data-start=\"764\" data-end=\"807\">Gir langvarig fukt, n\u00e6ring og beskyttelse<\/p>\n<\/li>\n<li data-start=\"808\" data-end=\"857\">\n<p data-start=\"810\" data-end=\"857\">Naturlige antioksidanter styrker hudbarrieren<\/p>\n<\/li>\n<li data-start=\"858\" data-end=\"907\">\n<p data-start=\"860\" data-end=\"907\">Dermatologisk testet \u2013 egnet for sensitiv hud<\/p>\n<\/li>\n<li data-start=\"908\" data-end=\"972\">\n<p data-start=\"910\" data-end=\"972\">Uten parabener, silikon, mineralolje eller syntetisk parfyme<\/p>\n<\/li>\n<li data-start=\"973\" data-end=\"995\">\n<p data-start=\"975\" data-end=\"995\">Produsert i Hellas<\/p>\n<\/li>\n<\/ul>\n<p data-start=\"997\" data-end=\"1080\"><strong data-start=\"997\" data-end=\"1006\">Bruk:<\/strong> P\u00e5f\u00f8r hver morgen p\u00e5 ren og t\u00f8rr hud. Masser inn til kremen er absorbert.<\/p>\n<p data-start=\"1082\" data-end=\"1147\">Gi huden din en naturlig og n\u00e6ringsrik start p\u00e5 dagen \u2013 hver dag.<\/p>\n","protected":false},"excerpt":{"rendered":"<p>Denne \u00f8kologiske dagkremen er formulert med n\u00e6ringsrik ekstra jomfru olivenolje og naturlig honning \u2013 to av naturens mest fuktighetsgivende og<\/p>\n","protected":false},"featured_media":29421,"comment_status":"open","ping_status":"closed","template":"","meta":[],"product_brand":[],"product_cat":[92],"product_tag":[],"class_list":{"0":"post-29379","1":"product","2":"type-product","3":"status-publish","4":"has-post-thumbnail","6":"product_cat-hudpleie","8":"first","9":"instock","10":"shipping-taxable","11":"purchasable","12":"product-type-simple"},"aioseo_notices":[],"_links":{"self":[{"href":"https:\/\/greekbloom.com\/index.php\/wp-json\/wp\/v2\/product\/29379","targetHints":{"allow":["GET"]}}],"collection":[{"href":"https:\/\/greekbloom.com\/index.php\/wp-json\/wp\/v2\/product"}],"about":[{"href":"https:\/\/greekbloom.com\/index.php\/wp-json\/wp\/v2\/types\/product"}],"replies":[{"embeddable":true,"href":"https:\/\/greekbloom.com\/index.php\/wp-json\/wp\/v2\/comments?post=29379"}],"version-history":[{"count":1,"href":"https:\/\/greekbloom.com\/index.php\/wp-json\/wp\/v2\/product\/29379\/revisions"}],"predecessor-version":[{"id":29422,"href":"https:\/\/greekbloom.com\/index.php\/wp-json\/wp\/v2\/product\/29379\/revisions\/29422"}],"wp:featuredmedia":[{"embeddable":true,"href":"https:\/\/greekbloom.com\/index.php\/wp-json\/wp\/v2\/media\/29421"}],"wp:attachment":[{"href":"https:\/\/greekbloom.com\/index.php\/wp-json\/wp\/v2\/media?parent=29379"}],"wp:term":[{"taxonomy":"product_brand","embeddable":true,"href":"https:\/\/greekbloom.com\/index.php\/wp-json\/wp\/v2\/product_brand?post=29379"},{"taxonomy":"product_cat","embeddable":true,"href":"https:\/\/greekbloom.com\/index.php\/wp-json\/wp\/v2\/product_cat?post=29379"},{"taxonomy":"product_tag","embeddable":true,"href":"https:\/\/greekbloom.com\/index.php\/wp-json\/wp\/v2\/product_tag?post=29379"}],"curies":[{"name":"wp","href":"https:\/\/api.w.org\/{rel}","templated":true}]}}