{"id":29378,"date":"2026-02-17T12:19:37","date_gmt":"2026-02-17T12:19:37","guid":{"rendered":"https:\/\/greekbloom.mano-serveris.eu\/?post_type=product&#038;p=29378"},"modified":"2026-03-23T10:28:07","modified_gmt":"2026-03-23T10:28:07","slug":"tradisjonelle-greske-smakaker-med-johannesbrodmel-naturlig-sodme-og-ekte-handverk","status":"publish","type":"product","link":"https:\/\/greekbloom.com\/index.php\/product\/tradisjonelle-greske-smakaker-med-johannesbrodmel-naturlig-sodme-og-ekte-handverk\/","title":{"rendered":"Tradisjonelle greske sm\u00e5kaker med johannesbr\u00f8dmel \u2013 naturlig s\u00f8dme og ekte h\u00e5ndverk"},"content":{"rendered":"<p data-start=\"84\" data-end=\"171\"><strong data-start=\"84\" data-end=\"171\">Tradisjonelle greske sm\u00e5kaker med johannesbr\u00f8dmel \u2013 naturlig s\u00f8dme og ekte h\u00e5ndverk<\/strong><\/p>\n<p data-start=\"173\" data-end=\"468\">Disse smakfulle sm\u00e5kakene er laget etter tradisjonell gresk oppskrift \u2013 med johannesbr\u00f8dmel (carob) som gir en naturlig s\u00f8dme, rik aroma og en myk, nesten karamellaktig smak. Johannesbr\u00f8d er kjent som et sunnere alternativ til kakao, med et naturlig h\u00f8yt innhold av fiber og uten tilsatt sukker.<\/p>\n<p data-start=\"470\" data-end=\"678\">Sm\u00e5kakene bakes p\u00e5 steinmalt mel og n\u00f8ye utvalgte ingredienser fra lokale produsenter i Hellas. Perfekte som snacks, til kaffen, eller som et lite mellomm\u00e5ltid n\u00e5r du \u00f8nsker noe s\u00f8tt uten d\u00e5rlig samvittighet.<\/p>\n<p data-start=\"680\" data-end=\"695\"><strong data-start=\"680\" data-end=\"695\">Egenskaper:<\/strong><\/p>\n<ul data-start=\"696\" data-end=\"857\">\n<li data-start=\"696\" data-end=\"733\">\n<p data-start=\"698\" data-end=\"733\">Laget med johannesbr\u00f8dmel (carob)<\/p>\n<\/li>\n<li data-start=\"734\" data-end=\"775\">\n<p data-start=\"736\" data-end=\"775\">Ingen tilsatt sukker \u2013 naturlig s\u00f8dme<\/p>\n<\/li>\n<li data-start=\"776\" data-end=\"820\">\n<p data-start=\"778\" data-end=\"820\">H\u00f8yere fiberinnhold enn vanlige sm\u00e5kaker<\/p>\n<\/li>\n<li data-start=\"821\" data-end=\"857\">\n<p data-start=\"823\" data-end=\"857\">Tradisjonelt h\u00e5ndverk fra Hellas<\/p>\n<\/li>\n<\/ul>\n<p data-start=\"859\" data-end=\"876\"><strong data-start=\"859\" data-end=\"876\">Bruksomr\u00e5der:<\/strong><\/p>\n<ul data-start=\"877\" data-end=\"977\">\n<li data-start=\"877\" data-end=\"909\">\n<p data-start=\"879\" data-end=\"909\">Som et sunt snack-alternativ<\/p>\n<\/li>\n<li data-start=\"910\" data-end=\"932\">\n<p data-start=\"912\" data-end=\"932\">Til kaffe eller te<\/p>\n<\/li>\n<li data-start=\"933\" data-end=\"977\">\n<p data-start=\"935\" data-end=\"977\">Som liten \u00abenergiboost\u00bb i l\u00f8pet av dagen<\/p>\n<\/li>\n<\/ul>\n<p data-start=\"979\" data-end=\"1023\"><strong data-start=\"979\" data-end=\"991\">Innhold:<\/strong> 270 g<br data-start=\"997\" data-end=\"1000\" \/><strong data-start=\"1000\" data-end=\"1016\">Opprinnelse:<\/strong> Hellas<\/p>\n<p data-start=\"1025\" data-end=\"1099\">Naturlige, gode og laget med kj\u00e6rlighet \u2013 en smak av ekte gresk tradisjon.<\/p>\n","protected":false},"excerpt":{"rendered":"<p>Tradisjonelle greske sm\u00e5kaker med johannesbr\u00f8dmel \u2013 naturlig s\u00f8dme og ekte h\u00e5ndverk Disse smakfulle sm\u00e5kakene er laget etter tradisjonell gresk oppskrift<\/p>\n","protected":false},"featured_media":29417,"comment_status":"open","ping_status":"closed","template":"","meta":[],"product_brand":[],"product_cat":[78,79],"product_tag":[],"class_list":{"0":"post-29378","1":"product","2":"type-product","3":"status-publish","4":"has-post-thumbnail","6":"product_cat-annet","7":"product_cat-kjeks-eller-snacks","9":"first","10":"outofstock","11":"shipping-taxable","12":"purchasable","13":"product-type-simple"},"aioseo_notices":[],"_links":{"self":[{"href":"https:\/\/greekbloom.com\/index.php\/wp-json\/wp\/v2\/product\/29378","targetHints":{"allow":["GET"]}}],"collection":[{"href":"https:\/\/greekbloom.com\/index.php\/wp-json\/wp\/v2\/product"}],"about":[{"href":"https:\/\/greekbloom.com\/index.php\/wp-json\/wp\/v2\/types\/product"}],"replies":[{"embeddable":true,"href":"https:\/\/greekbloom.com\/index.php\/wp-json\/wp\/v2\/comments?post=29378"}],"version-history":[{"count":1,"href":"https:\/\/greekbloom.com\/index.php\/wp-json\/wp\/v2\/product\/29378\/revisions"}],"predecessor-version":[{"id":29418,"href":"https:\/\/greekbloom.com\/index.php\/wp-json\/wp\/v2\/product\/29378\/revisions\/29418"}],"wp:featuredmedia":[{"embeddable":true,"href":"https:\/\/greekbloom.com\/index.php\/wp-json\/wp\/v2\/media\/29417"}],"wp:attachment":[{"href":"https:\/\/greekbloom.com\/index.php\/wp-json\/wp\/v2\/media?parent=29378"}],"wp:term":[{"taxonomy":"product_brand","embeddable":true,"href":"https:\/\/greekbloom.com\/index.php\/wp-json\/wp\/v2\/product_brand?post=29378"},{"taxonomy":"product_cat","embeddable":true,"href":"https:\/\/greekbloom.com\/index.php\/wp-json\/wp\/v2\/product_cat?post=29378"},{"taxonomy":"product_tag","embeddable":true,"href":"https:\/\/greekbloom.com\/index.php\/wp-json\/wp\/v2\/product_tag?post=29378"}],"curies":[{"name":"wp","href":"https:\/\/api.w.org\/{rel}","templated":true}]}}