{"id":29377,"date":"2026-02-17T12:19:37","date_gmt":"2026-02-17T12:19:37","guid":{"rendered":"https:\/\/greekbloom.mano-serveris.eu\/?post_type=product&#038;p=29377"},"modified":"2026-03-23T10:26:21","modified_gmt":"2026-03-23T10:26:21","slug":"ekstra-jomfru-olivenolje-med-hvitlok-aromatisk-og-smakfull-fra-hellas-250ml","status":"publish","type":"product","link":"https:\/\/greekbloom.com\/index.php\/product\/ekstra-jomfru-olivenolje-med-hvitlok-aromatisk-og-smakfull-fra-hellas-250ml\/","title":{"rendered":"Ekstra jomfru olivenolje med hvitl\u00f8k \u2013 aromatisk og smakfull, fra Hellas 250ml"},"content":{"rendered":"<p data-start=\"144\" data-end=\"382\">Denne ekstra jomfru olivenoljen er laget av h\u00e5ndplukkede oliven og naturlig infusert med ekte hvitl\u00f8k. Resultatet er en fyldig og aromatisk olje med deilig hvitl\u00f8ksduft og rund smak \u2013 perfekt til b\u00e5de hverdagsmat og spesielle anledninger.<\/p>\n<p data-start=\"384\" data-end=\"400\"><strong data-start=\"384\" data-end=\"400\">Perfekt til:<\/strong><\/p>\n<ul data-start=\"401\" data-end=\"521\">\n<li data-start=\"401\" data-end=\"419\">\n<p data-start=\"403\" data-end=\"419\">pasta og pizza<\/p>\n<\/li>\n<li data-start=\"420\" data-end=\"442\">\n<p data-start=\"422\" data-end=\"442\">bruschetta og dipp<\/p>\n<\/li>\n<li data-start=\"443\" data-end=\"483\">\n<p data-start=\"445\" data-end=\"483\">ovnsbakt fisk, kylling og gr\u00f8nnsaker<\/p>\n<\/li>\n<li data-start=\"484\" data-end=\"521\">\n<p data-start=\"486\" data-end=\"521\">marinader, sauser og hvitl\u00f8ksbr\u00f8d<\/p>\n<\/li>\n<\/ul>\n<p data-start=\"523\" data-end=\"649\">Oljen er kaldpresset for \u00e5 bevare n\u00e6ringsstoffer, smak og kvalitet. Ingen kunstige tilsetninger \u2013 bare rene naturingredienser.<\/p>\n<p data-start=\"651\" data-end=\"818\"><strong data-start=\"651\" data-end=\"660\">Smak:<\/strong> rik og fyldig ekstra jomfru olivenolje med tydelig og ren hvitl\u00f8ksaroma<br data-start=\"732\" data-end=\"735\" \/><strong data-start=\"735\" data-end=\"751\">Opprinnelse:<\/strong> Hellas<br data-start=\"758\" data-end=\"761\" \/><strong data-start=\"761\" data-end=\"773\">Innhold:<\/strong> 250 ml<\/p>\n<p data-start=\"820\" data-end=\"898\">En must-have for hvitl\u00f8kselskere \u2013 og en enkel m\u00e5te \u00e5 gi maten ekstra smak p\u00e5.<\/p>\n","protected":false},"excerpt":{"rendered":"<p>Denne ekstra jomfru olivenoljen er laget av h\u00e5ndplukkede oliven og naturlig infusert med ekte hvitl\u00f8k. Resultatet er en fyldig og<\/p>\n","protected":false},"featured_media":29413,"comment_status":"open","ping_status":"closed","template":"","meta":[],"product_brand":[],"product_cat":[77],"product_tag":[],"class_list":{"0":"post-29377","1":"product","2":"type-product","3":"status-publish","4":"has-post-thumbnail","6":"product_cat-olivenolje-og-eddik","8":"first","9":"instock","10":"shipping-taxable","11":"purchasable","12":"product-type-simple"},"aioseo_notices":[],"_links":{"self":[{"href":"https:\/\/greekbloom.com\/index.php\/wp-json\/wp\/v2\/product\/29377","targetHints":{"allow":["GET"]}}],"collection":[{"href":"https:\/\/greekbloom.com\/index.php\/wp-json\/wp\/v2\/product"}],"about":[{"href":"https:\/\/greekbloom.com\/index.php\/wp-json\/wp\/v2\/types\/product"}],"replies":[{"embeddable":true,"href":"https:\/\/greekbloom.com\/index.php\/wp-json\/wp\/v2\/comments?post=29377"}],"version-history":[{"count":1,"href":"https:\/\/greekbloom.com\/index.php\/wp-json\/wp\/v2\/product\/29377\/revisions"}],"predecessor-version":[{"id":29414,"href":"https:\/\/greekbloom.com\/index.php\/wp-json\/wp\/v2\/product\/29377\/revisions\/29414"}],"wp:featuredmedia":[{"embeddable":true,"href":"https:\/\/greekbloom.com\/index.php\/wp-json\/wp\/v2\/media\/29413"}],"wp:attachment":[{"href":"https:\/\/greekbloom.com\/index.php\/wp-json\/wp\/v2\/media?parent=29377"}],"wp:term":[{"taxonomy":"product_brand","embeddable":true,"href":"https:\/\/greekbloom.com\/index.php\/wp-json\/wp\/v2\/product_brand?post=29377"},{"taxonomy":"product_cat","embeddable":true,"href":"https:\/\/greekbloom.com\/index.php\/wp-json\/wp\/v2\/product_cat?post=29377"},{"taxonomy":"product_tag","embeddable":true,"href":"https:\/\/greekbloom.com\/index.php\/wp-json\/wp\/v2\/product_tag?post=29377"}],"curies":[{"name":"wp","href":"https:\/\/api.w.org\/{rel}","templated":true}]}}