{"id":29376,"date":"2026-02-17T12:19:37","date_gmt":"2026-02-17T12:19:37","guid":{"rendered":"https:\/\/greekbloom.mano-serveris.eu\/?post_type=product&#038;p=29376"},"modified":"2026-03-23T12:43:23","modified_gmt":"2026-03-23T12:43:23","slug":"ekstra-jomfru-olivenolje-med-oregano-ekte-middelhavssmak-fra-hellas-250ml","status":"publish","type":"product","link":"https:\/\/greekbloom.com\/index.php\/product\/ekstra-jomfru-olivenolje-med-oregano-ekte-middelhavssmak-fra-hellas-250ml\/","title":{"rendered":"Ekstra jomfru olivenolje med oregano \u2013 ekte middelhavssmak fra Hellas 250ml"},"content":{"rendered":"<article class=\"text-token-text-primary w-full focus:outline-none [--shadow-height:45px] has-data-writing-block:pointer-events-none has-data-writing-block:-mt-(--shadow-height) has-data-writing-block:pt-(--shadow-height) [&amp;:has([data-writing-block])&gt;*]:pointer-events-auto [content-visibility:auto] supports-[content-visibility:auto]:[contain-intrinsic-size:auto_100lvh] scroll-mt-[calc(var(--header-height)+min(200px,max(70px,20svh)))]\" dir=\"auto\" tabindex=\"-1\" data-turn-id=\"request-WEB:7227673b-bd70-424e-b25d-9c958e75cef8-2\" data-testid=\"conversation-turn-6\" data-scroll-anchor=\"true\" data-turn=\"assistant\">\n<div class=\"text-base my-auto mx-auto pb-10 [--thread-content-margin:--spacing(4)] thread-sm:[--thread-content-margin:--spacing(6)] thread-lg:[--thread-content-margin:--spacing(16)] px-(--thread-content-margin)\">\n<div class=\"[--thread-content-max-width:40rem] thread-lg:[--thread-content-max-width:48rem] mx-auto max-w-(--thread-content-max-width) flex-1 group\/turn-messages focus-visible:outline-hidden relative flex w-full min-w-0 flex-col agent-turn\" tabindex=\"-1\">\n<div class=\"flex max-w-full flex-col grow\">\n<div class=\"min-h-8 text-message relative flex w-full flex-col items-end gap-2 text-start break-words whitespace-normal [.text-message+&amp;]:mt-1\" dir=\"auto\" data-message-author-role=\"assistant\" data-message-id=\"c26e6178-6aa7-457f-9387-6f8407fc529a\" data-message-model-slug=\"gpt-5\">\n<div class=\"flex w-full flex-col gap-1 empty:hidden first:pt-[1px]\">\n<div class=\"markdown prose dark:prose-invert w-full break-words light markdown-new-styling\">\n<p data-start=\"141\" data-end=\"377\">Smaken av Hellas \u2013 i \u00e9n flaske. Denne extra jomfru olivenoljen er kaldpresset av h\u00e5ndplukkede oliven og naturlig infusert med aromatisk oregano. Resultatet er en balansert og fyldig olje med en tydelig urteprofil som l\u00f8fter enhver rett.<\/p>\n<p data-start=\"379\" data-end=\"395\"><strong data-start=\"379\" data-end=\"395\">Perfekt til:<\/strong><\/p>\n<ul data-start=\"396\" data-end=\"521\">\n<li data-start=\"396\" data-end=\"428\">\n<p data-start=\"398\" data-end=\"428\">gresk salat og andre salater<\/p>\n<\/li>\n<li data-start=\"429\" data-end=\"459\">\n<p data-start=\"431\" data-end=\"459\">tomat- og mozzarellaretter<\/p>\n<\/li>\n<li data-start=\"460\" data-end=\"492\">\n<p data-start=\"462\" data-end=\"492\">fisk og ovnsbakte gr\u00f8nnsaker<\/p>\n<\/li>\n<li data-start=\"493\" data-end=\"521\">\n<p data-start=\"495\" data-end=\"521\">br\u00f8d, dipp og dressinger<\/p>\n<\/li>\n<\/ul>\n<p data-start=\"523\" data-end=\"680\">Oljen produseres sk\u00e5nsomt for \u00e5 bevare b\u00e5de n\u00e6ringsstoffer og den rene smaken av oliven og oregano. Ingen kunstige tilsetninger \u2013 kun naturlige ingredienser.<\/p>\n<p data-start=\"682\" data-end=\"828\"><strong data-start=\"682\" data-end=\"691\">Smak:<\/strong> mild, urteaktig og aromatisk med frisk oreganoduft<br data-start=\"742\" data-end=\"745\" \/><strong data-start=\"745\" data-end=\"761\">Opprinnelse:<\/strong> Hellas<br data-start=\"768\" data-end=\"771\" \/><strong data-start=\"771\" data-end=\"783\">Innhold:<\/strong> 250 ml<\/p>\n<p data-start=\"830\" data-end=\"913\">En favoritt for alle som \u00f8nsker \u00e5 tilf\u00f8re rettene en autentisk smak av Middelhavet.<\/p>\n<hr data-start=\"915\" data-end=\"918\" \/>\n<p data-start=\"920\" data-end=\"1014\" data-is-last-node=\"\" data-is-only-node=\"\">Si ifra hvis du \u00f8nsker en kortere versjon til produktkort eller en mer eksklusiv premiumtekst.<\/p>\n<\/div>\n<\/div>\n<\/div>\n<\/div>\n<div class=\"z-0 flex min-h-[46px] justify-start\"><\/div>\n<div class=\"mt-3 w-full empty:hidden\">\n<div class=\"text-center\"><\/div>\n<\/div>\n<\/div>\n<\/div>\n<\/article>\n<div class=\"pointer-events-none h-px w-px\" aria-hidden=\"true\" data-edge=\"true\"><\/div>\n","protected":false},"excerpt":{"rendered":"<p>Smaken av Hellas \u2013 i \u00e9n flaske. Denne extra jomfru olivenoljen er kaldpresset av h\u00e5ndplukkede oliven og naturlig infusert med<\/p>\n","protected":false},"featured_media":29409,"comment_status":"open","ping_status":"closed","template":"","meta":[],"product_brand":[],"product_cat":[77],"product_tag":[],"class_list":{"0":"post-29376","1":"product","2":"type-product","3":"status-publish","4":"has-post-thumbnail","6":"product_cat-olivenolje-og-eddik","8":"first","9":"instock","10":"shipping-taxable","11":"purchasable","12":"product-type-simple"},"aioseo_notices":[],"_links":{"self":[{"href":"https:\/\/greekbloom.com\/index.php\/wp-json\/wp\/v2\/product\/29376","targetHints":{"allow":["GET"]}}],"collection":[{"href":"https:\/\/greekbloom.com\/index.php\/wp-json\/wp\/v2\/product"}],"about":[{"href":"https:\/\/greekbloom.com\/index.php\/wp-json\/wp\/v2\/types\/product"}],"replies":[{"embeddable":true,"href":"https:\/\/greekbloom.com\/index.php\/wp-json\/wp\/v2\/comments?post=29376"}],"version-history":[{"count":1,"href":"https:\/\/greekbloom.com\/index.php\/wp-json\/wp\/v2\/product\/29376\/revisions"}],"predecessor-version":[{"id":29410,"href":"https:\/\/greekbloom.com\/index.php\/wp-json\/wp\/v2\/product\/29376\/revisions\/29410"}],"wp:featuredmedia":[{"embeddable":true,"href":"https:\/\/greekbloom.com\/index.php\/wp-json\/wp\/v2\/media\/29409"}],"wp:attachment":[{"href":"https:\/\/greekbloom.com\/index.php\/wp-json\/wp\/v2\/media?parent=29376"}],"wp:term":[{"taxonomy":"product_brand","embeddable":true,"href":"https:\/\/greekbloom.com\/index.php\/wp-json\/wp\/v2\/product_brand?post=29376"},{"taxonomy":"product_cat","embeddable":true,"href":"https:\/\/greekbloom.com\/index.php\/wp-json\/wp\/v2\/product_cat?post=29376"},{"taxonomy":"product_tag","embeddable":true,"href":"https:\/\/greekbloom.com\/index.php\/wp-json\/wp\/v2\/product_tag?post=29376"}],"curies":[{"name":"wp","href":"https:\/\/api.w.org\/{rel}","templated":true}]}}