{"id":29373,"date":"2026-02-17T12:19:37","date_gmt":"2026-02-17T12:19:37","guid":{"rendered":"https:\/\/greekbloom.mano-serveris.eu\/?post_type=product&#038;p=29373"},"modified":"2026-04-07T21:41:23","modified_gmt":"2026-04-07T20:41:23","slug":"attiki-tahini-chocolate-sjokoladepalegg-med-sesam-350-g","status":"publish","type":"product","link":"https:\/\/greekbloom.com\/index.php\/product\/attiki-tahini-chocolate-sjokoladepalegg-med-sesam-350-g\/","title":{"rendered":"Attiki Tahini Chocolate \u2013 Sjokoladep\u00e5legg med Sesam &#8211; 350 g"},"content":{"rendered":"<p data-start=\"243\" data-end=\"489\">En gresk nytelse full av smak og n\u00e6ring!<br data-start=\"283\" data-end=\"286\" \/><strong data-start=\"286\" data-end=\"313\">Attiki Tahini Chocolate<\/strong> kombinerer den naturlige rikdommen fra malt sesam (tahini) med den fyldige smaken av sjokolade. Resultatet er et silkemykt og sunt p\u00e5legg som gir energi og god samvittighet.<\/p>\n<p data-start=\"491\" data-end=\"692\">Perfekt som et alternativ til tradisjonelle sjokoladep\u00e5legg \u2013 rik p\u00e5 plantebasert protein, kalsium og sunne fettsyrer. Bruk den p\u00e5 br\u00f8d, pannekaker, frukt eller som ingrediens i bakverk og smoothies.<\/p>\n<p data-start=\"694\" data-end=\"713\"><strong data-start=\"699\" data-end=\"713\">Egenskaper<\/strong><\/p>\n<ul data-start=\"714\" data-end=\"892\">\n<li data-start=\"714\" data-end=\"763\">\n<p data-start=\"716\" data-end=\"763\">Naturlig p\u00e5legg laget av 100 % sesam og kakao<\/p>\n<\/li>\n<li data-start=\"764\" data-end=\"813\">\n<p data-start=\"766\" data-end=\"813\">Uten palmeolje og kunstige tilsetningsstoffer<\/p>\n<\/li>\n<li data-start=\"814\" data-end=\"852\">\n<p data-start=\"816\" data-end=\"852\">Rik p\u00e5 protein, fiber og mineraler<\/p>\n<\/li>\n<li data-start=\"853\" data-end=\"892\">\n<p data-start=\"855\" data-end=\"892\">Egnet for vegetarianere og veganere<\/p>\n<\/li>\n<\/ul>\n<p data-start=\"894\" data-end=\"942\"><strong data-start=\"894\" data-end=\"903\">Vekt:<\/strong> 350 g<br data-start=\"909\" data-end=\"912\" \/><strong data-start=\"912\" data-end=\"933\">Opprinnelsesland:<\/strong> Hellas<\/p>\n","protected":false},"excerpt":{"rendered":"<p>En gresk nytelse full av smak og n\u00e6ring!Attiki Tahini Chocolate kombinerer den naturlige rikdommen fra malt sesam (tahini) med den<\/p>\n","protected":false},"featured_media":29398,"comment_status":"open","ping_status":"closed","template":"","meta":[],"product_brand":[],"product_cat":[78,84],"product_tag":[],"class_list":{"0":"post-29373","1":"product","2":"type-product","3":"status-publish","4":"has-post-thumbnail","6":"product_cat-annet","7":"product_cat-syltetoy-og-palegg","9":"first","10":"outofstock","11":"shipping-taxable","12":"purchasable","13":"product-type-simple"},"aioseo_notices":[],"_links":{"self":[{"href":"https:\/\/greekbloom.com\/index.php\/wp-json\/wp\/v2\/product\/29373","targetHints":{"allow":["GET"]}}],"collection":[{"href":"https:\/\/greekbloom.com\/index.php\/wp-json\/wp\/v2\/product"}],"about":[{"href":"https:\/\/greekbloom.com\/index.php\/wp-json\/wp\/v2\/types\/product"}],"replies":[{"embeddable":true,"href":"https:\/\/greekbloom.com\/index.php\/wp-json\/wp\/v2\/comments?post=29373"}],"version-history":[{"count":1,"href":"https:\/\/greekbloom.com\/index.php\/wp-json\/wp\/v2\/product\/29373\/revisions"}],"predecessor-version":[{"id":29399,"href":"https:\/\/greekbloom.com\/index.php\/wp-json\/wp\/v2\/product\/29373\/revisions\/29399"}],"wp:featuredmedia":[{"embeddable":true,"href":"https:\/\/greekbloom.com\/index.php\/wp-json\/wp\/v2\/media\/29398"}],"wp:attachment":[{"href":"https:\/\/greekbloom.com\/index.php\/wp-json\/wp\/v2\/media?parent=29373"}],"wp:term":[{"taxonomy":"product_brand","embeddable":true,"href":"https:\/\/greekbloom.com\/index.php\/wp-json\/wp\/v2\/product_brand?post=29373"},{"taxonomy":"product_cat","embeddable":true,"href":"https:\/\/greekbloom.com\/index.php\/wp-json\/wp\/v2\/product_cat?post=29373"},{"taxonomy":"product_tag","embeddable":true,"href":"https:\/\/greekbloom.com\/index.php\/wp-json\/wp\/v2\/product_tag?post=29373"}],"curies":[{"name":"wp","href":"https:\/\/api.w.org\/{rel}","templated":true}]}}