{"id":29372,"date":"2026-02-17T12:19:37","date_gmt":"2026-02-17T12:19:37","guid":{"rendered":"https:\/\/greekbloom.mano-serveris.eu\/?post_type=product&#038;p=29372"},"modified":"2026-02-17T12:19:40","modified_gmt":"2026-02-17T12:19:40","slug":"7days-jumbo-med-kakao-krem-110-g","status":"publish","type":"product","link":"https:\/\/greekbloom.com\/index.php\/product\/7days-jumbo-med-kakao-krem-110-g\/","title":{"rendered":"7Days Jumbo \u2013 Med Kakao-krem &#8211; 110 g"},"content":{"rendered":"<p data-start=\"211\" data-end=\"446\">Myk, luftig og uimotst\u00e5elig!<br data-start=\"239\" data-end=\"242\" \/><strong data-start=\"242\" data-end=\"269\">7Days Jumbo Cocoa Cream<\/strong> er et saftig, rundstykke-lignende bakverk fylt med rik og kremet sjokoladefyll. Perfekt som en rask snack, til kaffen, p\u00e5 farten eller som en liten s\u00f8t bel\u00f8nning i hverdagen.<\/p>\n<p data-start=\"448\" data-end=\"567\">Bakverket er pakket enkeltvis for \u00e5 bevare friskhet og mykhet \u2013 en klassiker i Hellas som b\u00e5de barn og voksne elsker.<\/p>\n<h4 data-start=\"569\" data-end=\"588\"><strong data-start=\"574\" data-end=\"588\">Egenskaper<\/strong><\/h4>\n<ul data-start=\"589\" data-end=\"778\">\n<li data-start=\"589\" data-end=\"640\">\n<p data-start=\"591\" data-end=\"640\">Mykt og ferskt bakverk med fyldig sjokoladefyll<\/p>\n<\/li>\n<li data-start=\"641\" data-end=\"689\">\n<p data-start=\"643\" data-end=\"689\">Praktisk porsjonspakning \u2013 perfekt p\u00e5 farten<\/p>\n<\/li>\n<li data-start=\"690\" data-end=\"741\">\n<p data-start=\"692\" data-end=\"741\">Ingen kunstige farger eller konserveringsmidler<\/p>\n<\/li>\n<li data-start=\"742\" data-end=\"778\">\n<p data-start=\"744\" data-end=\"778\">Elsket gresk klassiker fra 7Days<\/p>\n<\/li>\n<\/ul>\n<p data-start=\"780\" data-end=\"828\"><strong data-start=\"780\" data-end=\"789\">Vekt:<\/strong> 110 g<br data-start=\"795\" data-end=\"798\" \/><strong data-start=\"798\" data-end=\"819\">Opprinnelsesland:<\/strong> Hellas<\/p>\n","protected":false},"excerpt":{"rendered":"<p>Myk, luftig og uimotst\u00e5elig!7Days Jumbo Cocoa Cream er et saftig, rundstykke-lignende bakverk fylt med rik og kremet sjokoladefyll. Perfekt som<\/p>\n","protected":false},"featured_media":29396,"comment_status":"open","ping_status":"closed","template":"","meta":[],"product_brand":[],"product_cat":[79],"product_tag":[],"class_list":{"0":"post-29372","1":"product","2":"type-product","3":"status-publish","4":"has-post-thumbnail","6":"product_cat-kjeks-eller-snacks","8":"first","9":"instock","10":"shipping-taxable","11":"purchasable","12":"product-type-simple"},"aioseo_notices":[],"_links":{"self":[{"href":"https:\/\/greekbloom.com\/index.php\/wp-json\/wp\/v2\/product\/29372","targetHints":{"allow":["GET"]}}],"collection":[{"href":"https:\/\/greekbloom.com\/index.php\/wp-json\/wp\/v2\/product"}],"about":[{"href":"https:\/\/greekbloom.com\/index.php\/wp-json\/wp\/v2\/types\/product"}],"replies":[{"embeddable":true,"href":"https:\/\/greekbloom.com\/index.php\/wp-json\/wp\/v2\/comments?post=29372"}],"version-history":[{"count":1,"href":"https:\/\/greekbloom.com\/index.php\/wp-json\/wp\/v2\/product\/29372\/revisions"}],"predecessor-version":[{"id":29397,"href":"https:\/\/greekbloom.com\/index.php\/wp-json\/wp\/v2\/product\/29372\/revisions\/29397"}],"wp:featuredmedia":[{"embeddable":true,"href":"https:\/\/greekbloom.com\/index.php\/wp-json\/wp\/v2\/media\/29396"}],"wp:attachment":[{"href":"https:\/\/greekbloom.com\/index.php\/wp-json\/wp\/v2\/media?parent=29372"}],"wp:term":[{"taxonomy":"product_brand","embeddable":true,"href":"https:\/\/greekbloom.com\/index.php\/wp-json\/wp\/v2\/product_brand?post=29372"},{"taxonomy":"product_cat","embeddable":true,"href":"https:\/\/greekbloom.com\/index.php\/wp-json\/wp\/v2\/product_cat?post=29372"},{"taxonomy":"product_tag","embeddable":true,"href":"https:\/\/greekbloom.com\/index.php\/wp-json\/wp\/v2\/product_tag?post=29372"}],"curies":[{"name":"wp","href":"https:\/\/api.w.org\/{rel}","templated":true}]}}