{"id":29371,"date":"2026-02-17T12:19:37","date_gmt":"2026-02-17T12:19:37","guid":{"rendered":"https:\/\/greekbloom.mano-serveris.eu\/?post_type=product&#038;p=29371"},"modified":"2026-03-23T10:27:51","modified_gmt":"2026-03-23T10:27:51","slug":"ion-galaktos-klassisk-melkesjokolade-70-g","status":"publish","type":"product","link":"https:\/\/greekbloom.com\/index.php\/product\/ion-galaktos-klassisk-melkesjokolade-70-g\/","title":{"rendered":"ION Galaktos \u2013 Klassisk Melkesjokolade 70 g"},"content":{"rendered":"<p data-start=\"239\" data-end=\"504\">Opplev smaken av ekte gresk sjokolade med <strong data-start=\"281\" data-end=\"297\">ION Galaktos<\/strong>, en silkemyk melkesjokolade laget av fersk melk og h\u00f8ykvalitetskakao.<br data-start=\"367\" data-end=\"370\" \/>Denne klassikeren fra <strong data-start=\"392\" data-end=\"399\">ION<\/strong> har v\u00e6rt en favoritt i Hellas i flere ti\u00e5r \u2013 elsket for sin fyldige, rene smak og delikate konsistens.<\/p>\n<p data-start=\"506\" data-end=\"632\">Perfekt som et lite s\u00f8tt \u00f8yeblikk i hverdagen, til kaffe, eller som en gave til noen som setter pris p\u00e5 ekte sjokoladeglede.<\/p>\n<p data-start=\"634\" data-end=\"653\"><strong data-start=\"639\" data-end=\"653\">Egenskaper<\/strong><\/p>\n<ul data-start=\"654\" data-end=\"780\">\n<li data-start=\"654\" data-end=\"687\">\n<p data-start=\"656\" data-end=\"687\">Klassisk gresk melkesjokolade<\/p>\n<\/li>\n<li data-start=\"688\" data-end=\"713\">\n<p data-start=\"690\" data-end=\"713\">Myk og kremet tekstur<\/p>\n<\/li>\n<li data-start=\"714\" data-end=\"750\">\n<p data-start=\"716\" data-end=\"750\">Laget med ekte melk og fin kakao<\/p>\n<\/li>\n<li data-start=\"751\" data-end=\"780\">\n<p data-start=\"753\" data-end=\"780\">Produsert i Hellas av ION<\/p>\n<\/li>\n<\/ul>\n<p data-start=\"782\" data-end=\"829\"><strong data-start=\"782\" data-end=\"791\">Vekt:<\/strong> 70 g<br data-start=\"796\" data-end=\"799\" \/><strong data-start=\"799\" data-end=\"820\">Opprinnelsesland:<\/strong> Hellas<\/p>\n","protected":false},"excerpt":{"rendered":"<p>Opplev smaken av ekte gresk sjokolade med ION Galaktos, en silkemyk melkesjokolade laget av fersk melk og h\u00f8ykvalitetskakao.Denne klassikeren fra<\/p>\n","protected":false},"featured_media":29394,"comment_status":"open","ping_status":"closed","template":"","meta":[],"product_brand":[],"product_cat":[79],"product_tag":[],"class_list":{"0":"post-29371","1":"product","2":"type-product","3":"status-publish","4":"has-post-thumbnail","6":"product_cat-kjeks-eller-snacks","8":"first","9":"instock","10":"shipping-taxable","11":"purchasable","12":"product-type-simple"},"aioseo_notices":[],"_links":{"self":[{"href":"https:\/\/greekbloom.com\/index.php\/wp-json\/wp\/v2\/product\/29371","targetHints":{"allow":["GET"]}}],"collection":[{"href":"https:\/\/greekbloom.com\/index.php\/wp-json\/wp\/v2\/product"}],"about":[{"href":"https:\/\/greekbloom.com\/index.php\/wp-json\/wp\/v2\/types\/product"}],"replies":[{"embeddable":true,"href":"https:\/\/greekbloom.com\/index.php\/wp-json\/wp\/v2\/comments?post=29371"}],"version-history":[{"count":1,"href":"https:\/\/greekbloom.com\/index.php\/wp-json\/wp\/v2\/product\/29371\/revisions"}],"predecessor-version":[{"id":29395,"href":"https:\/\/greekbloom.com\/index.php\/wp-json\/wp\/v2\/product\/29371\/revisions\/29395"}],"wp:featuredmedia":[{"embeddable":true,"href":"https:\/\/greekbloom.com\/index.php\/wp-json\/wp\/v2\/media\/29394"}],"wp:attachment":[{"href":"https:\/\/greekbloom.com\/index.php\/wp-json\/wp\/v2\/media?parent=29371"}],"wp:term":[{"taxonomy":"product_brand","embeddable":true,"href":"https:\/\/greekbloom.com\/index.php\/wp-json\/wp\/v2\/product_brand?post=29371"},{"taxonomy":"product_cat","embeddable":true,"href":"https:\/\/greekbloom.com\/index.php\/wp-json\/wp\/v2\/product_cat?post=29371"},{"taxonomy":"product_tag","embeddable":true,"href":"https:\/\/greekbloom.com\/index.php\/wp-json\/wp\/v2\/product_tag?post=29371"}],"curies":[{"name":"wp","href":"https:\/\/api.w.org\/{rel}","templated":true}]}}