{"id":29302,"date":"2026-02-17T12:19:21","date_gmt":"2026-02-17T12:19:21","guid":{"rendered":"https:\/\/greekbloom.mano-serveris.eu\/?post_type=product&#038;p=29302"},"modified":"2026-03-23T10:34:26","modified_gmt":"2026-03-23T10:34:26","slug":"olivelia-gronn-oliventapenade","status":"publish","type":"product","link":"https:\/\/greekbloom.com\/index.php\/product\/olivelia-gronn-oliventapenade\/","title":{"rendered":"Olivelia Gr\u00f8nn Oliventapenade 200g"},"content":{"rendered":"<p data-start=\"174\" data-end=\"512\">Frisk, fyldig og full av ekte middelhavssmak!<br data-start=\"219\" data-end=\"222\" \/><strong data-start=\"222\" data-end=\"255\">Olivelia Gr\u00f8nn Oliventapenade<\/strong> er laget av solmodne gr\u00f8nne oliven fra Hellas, n\u00f8ye blandet med ekstra jomfruolje, urter og kapers for en rik og balansert smak. Den har en friskere og lettere karakter enn den klassiske svarte tapenaden, og passer perfekt til b\u00e5de varme og kalde retter.<\/p>\n<p data-start=\"514\" data-end=\"619\">Bruk den som dip, p\u00e5 br\u00f8d eller kjeks, eller som smakstilsetning i pastaretter, salater og fiskeretter.<\/p>\n<p data-start=\"618\" data-end=\"637\"><strong data-start=\"623\" data-end=\"637\">Egenskaper<\/strong><\/p>\n<ul data-start=\"638\" data-end=\"822\">\n<li data-start=\"638\" data-end=\"685\">\n<p data-start=\"640\" data-end=\"685\">Laget av naturlige gr\u00f8nne oliven fra Hellas<\/p>\n<\/li>\n<li data-start=\"686\" data-end=\"728\">\n<p data-start=\"688\" data-end=\"728\">Fyldig og frisk smak med hint av urter<\/p>\n<\/li>\n<li data-start=\"729\" data-end=\"782\">\n<p data-start=\"731\" data-end=\"782\">Uten konserveringsmidler og kunstige fargestoffer<\/p>\n<\/li>\n<li data-start=\"783\" data-end=\"822\">\n<p data-start=\"785\" data-end=\"822\">Egnet for vegetarianere og veganere<\/p>\n<\/li>\n<\/ul>\n<p data-start=\"824\" data-end=\"842\"><strong data-start=\"829\" data-end=\"842\">Brukstips<\/strong><\/p>\n<ul data-start=\"843\" data-end=\"985\">\n<li data-start=\"843\" data-end=\"881\">\n<p data-start=\"845\" data-end=\"881\">Som dip til gr\u00f8nnsaker eller kjeks<\/p>\n<\/li>\n<li data-start=\"882\" data-end=\"927\">\n<p data-start=\"884\" data-end=\"927\">P\u00e5 ristet br\u00f8d med fersk tomat og fetaost<\/p>\n<\/li>\n<li data-start=\"928\" data-end=\"985\">\n<p data-start=\"930\" data-end=\"985\">Som smakstilsetning i salater, pastaretter eller fisk<\/p>\n<\/li>\n<\/ul>\n<p data-start=\"987\" data-end=\"1043\"><strong data-start=\"987\" data-end=\"1004\">Nettoinnhold:<\/strong> 180 g<br data-start=\"1010\" data-end=\"1013\" \/><strong data-start=\"1013\" data-end=\"1034\">Opprinnelsesland:<\/strong> Hellas<\/p>\n","protected":false},"excerpt":{"rendered":"<p>Frisk, fyldig og full av ekte middelhavssmak!Olivelia Gr\u00f8nn Oliventapenade er laget av solmodne gr\u00f8nne oliven fra Hellas, n\u00f8ye blandet med<\/p>\n","protected":false},"featured_media":29365,"comment_status":"open","ping_status":"closed","template":"","meta":[],"product_brand":[],"product_cat":[75,84],"product_tag":[],"class_list":{"0":"post-29302","1":"product","2":"type-product","3":"status-publish","4":"has-post-thumbnail","6":"product_cat-oliven","7":"product_cat-syltetoy-og-palegg","9":"first","10":"instock","11":"shipping-taxable","12":"purchasable","13":"product-type-simple"},"aioseo_notices":[],"_links":{"self":[{"href":"https:\/\/greekbloom.com\/index.php\/wp-json\/wp\/v2\/product\/29302","targetHints":{"allow":["GET"]}}],"collection":[{"href":"https:\/\/greekbloom.com\/index.php\/wp-json\/wp\/v2\/product"}],"about":[{"href":"https:\/\/greekbloom.com\/index.php\/wp-json\/wp\/v2\/types\/product"}],"replies":[{"embeddable":true,"href":"https:\/\/greekbloom.com\/index.php\/wp-json\/wp\/v2\/comments?post=29302"}],"version-history":[{"count":2,"href":"https:\/\/greekbloom.com\/index.php\/wp-json\/wp\/v2\/product\/29302\/revisions"}],"predecessor-version":[{"id":29642,"href":"https:\/\/greekbloom.com\/index.php\/wp-json\/wp\/v2\/product\/29302\/revisions\/29642"}],"wp:featuredmedia":[{"embeddable":true,"href":"https:\/\/greekbloom.com\/index.php\/wp-json\/wp\/v2\/media\/29365"}],"wp:attachment":[{"href":"https:\/\/greekbloom.com\/index.php\/wp-json\/wp\/v2\/media?parent=29302"}],"wp:term":[{"taxonomy":"product_brand","embeddable":true,"href":"https:\/\/greekbloom.com\/index.php\/wp-json\/wp\/v2\/product_brand?post=29302"},{"taxonomy":"product_cat","embeddable":true,"href":"https:\/\/greekbloom.com\/index.php\/wp-json\/wp\/v2\/product_cat?post=29302"},{"taxonomy":"product_tag","embeddable":true,"href":"https:\/\/greekbloom.com\/index.php\/wp-json\/wp\/v2\/product_tag?post=29302"}],"curies":[{"name":"wp","href":"https:\/\/api.w.org\/{rel}","templated":true}]}}