{"id":29301,"date":"2026-02-17T12:19:21","date_gmt":"2026-02-17T12:19:21","guid":{"rendered":"https:\/\/greekbloom.mano-serveris.eu\/?post_type=product&#038;p=29301"},"modified":"2026-03-23T10:31:59","modified_gmt":"2026-03-23T10:31:59","slug":"olivelia-kalamata-oliventapenade","status":"publish","type":"product","link":"https:\/\/greekbloom.com\/index.php\/product\/olivelia-kalamata-oliventapenade\/","title":{"rendered":"Olivelia Kalamata Oliventapenade 200g"},"content":{"rendered":"<p data-start=\"112\" data-end=\"376\">Opplev den ekte smaken av Hellas med <strong data-start=\"149\" data-end=\"185\">Olivelia Kalamata Oliventapenade<\/strong> \u2013 en fyldig og smakfull delikatesse laget av h\u00e5ndplukkede Kalamata-oliven. Denne klassiske tapenaden er rik p\u00e5 naturlig smak, perfekt balansert med et hint av olivenolje, urter og krydder.<\/p>\n<p data-start=\"378\" data-end=\"556\">Bruk den som smakstilsetning til br\u00f8d, kjeks, salater, pasta eller som en del av et tapasbord. Ideell b\u00e5de som forrett og som smakfull topping til kj\u00f8tt, fisk eller gr\u00f8nnsaker.<\/p>\n<p data-start=\"378\" data-end=\"556\">Egenskaper<\/p>\n<ul data-start=\"887\" data-end=\"1088\">\n<li data-start=\"887\" data-end=\"926\">\n<p data-start=\"889\" data-end=\"926\">Laget av 100 % ekte Kalamata-oliven<\/p>\n<\/li>\n<li data-start=\"927\" data-end=\"996\">\n<p data-start=\"929\" data-end=\"996\">Rik, aromatisk smak med perfekt balanse mellom salt og fruktighet<\/p>\n<\/li>\n<li data-start=\"997\" data-end=\"1033\">\n<p data-start=\"999\" data-end=\"1033\">Passer til b\u00e5de hverdags og fest<\/p>\n<\/li>\n<li data-start=\"1034\" data-end=\"1062\">\n<p data-start=\"1036\" data-end=\"1062\">Uten konserveringsmidler<\/p>\n<\/li>\n<li data-start=\"1063\" data-end=\"1088\">\n<p data-start=\"1065\" data-end=\"1088\">Vegetarisk og vegansk<\/p>\n<\/li>\n<\/ul>\n<p data-start=\"1090\" data-end=\"1112\">Tips til bruk<\/p>\n<ul data-start=\"1113\" data-end=\"1260\">\n<li data-start=\"1113\" data-end=\"1165\">\n<p data-start=\"1115\" data-end=\"1165\">Sm\u00f8r et tynt lag p\u00e5 ristet br\u00f8d med litt fetaost<\/p>\n<\/li>\n<li data-start=\"1166\" data-end=\"1214\">\n<p data-start=\"1168\" data-end=\"1214\">Bland en skje i pastasausen for ekstra dybde<\/p>\n<\/li>\n<li data-start=\"1215\" data-end=\"1260\">\n<p data-start=\"1217\" data-end=\"1260\">Server som dip til gr\u00f8nnsaker eller kjeks<\/p>\n<\/li>\n<\/ul>\n<p data-start=\"1262\" data-end=\"1318\"><strong data-start=\"1262\" data-end=\"1279\">Nettoinnhold:<\/strong> 180 g<br data-start=\"1285\" data-end=\"1288\" \/><strong data-start=\"1288\" data-end=\"1309\">Opprinnelsesland:<\/strong> Hellas<\/p>\n","protected":false},"excerpt":{"rendered":"<p>Opplev den ekte smaken av Hellas med Olivelia Kalamata Oliventapenade \u2013 en fyldig og smakfull delikatesse laget av h\u00e5ndplukkede Kalamata-oliven.<\/p>\n","protected":false},"featured_media":29362,"comment_status":"open","ping_status":"closed","template":"","meta":[],"product_brand":[],"product_cat":[75,84],"product_tag":[],"class_list":{"0":"post-29301","1":"product","2":"type-product","3":"status-publish","4":"has-post-thumbnail","6":"product_cat-oliven","7":"product_cat-syltetoy-og-palegg","9":"first","10":"instock","11":"shipping-taxable","12":"purchasable","13":"product-type-simple"},"aioseo_notices":[],"_links":{"self":[{"href":"https:\/\/greekbloom.com\/index.php\/wp-json\/wp\/v2\/product\/29301","targetHints":{"allow":["GET"]}}],"collection":[{"href":"https:\/\/greekbloom.com\/index.php\/wp-json\/wp\/v2\/product"}],"about":[{"href":"https:\/\/greekbloom.com\/index.php\/wp-json\/wp\/v2\/types\/product"}],"replies":[{"embeddable":true,"href":"https:\/\/greekbloom.com\/index.php\/wp-json\/wp\/v2\/comments?post=29301"}],"version-history":[{"count":2,"href":"https:\/\/greekbloom.com\/index.php\/wp-json\/wp\/v2\/product\/29301\/revisions"}],"predecessor-version":[{"id":29641,"href":"https:\/\/greekbloom.com\/index.php\/wp-json\/wp\/v2\/product\/29301\/revisions\/29641"}],"wp:featuredmedia":[{"embeddable":true,"href":"https:\/\/greekbloom.com\/index.php\/wp-json\/wp\/v2\/media\/29362"}],"wp:attachment":[{"href":"https:\/\/greekbloom.com\/index.php\/wp-json\/wp\/v2\/media?parent=29301"}],"wp:term":[{"taxonomy":"product_brand","embeddable":true,"href":"https:\/\/greekbloom.com\/index.php\/wp-json\/wp\/v2\/product_brand?post=29301"},{"taxonomy":"product_cat","embeddable":true,"href":"https:\/\/greekbloom.com\/index.php\/wp-json\/wp\/v2\/product_cat?post=29301"},{"taxonomy":"product_tag","embeddable":true,"href":"https:\/\/greekbloom.com\/index.php\/wp-json\/wp\/v2\/product_tag?post=29301"}],"curies":[{"name":"wp","href":"https:\/\/api.w.org\/{rel}","templated":true}]}}