{"id":29300,"date":"2026-02-17T12:19:21","date_gmt":"2026-02-17T12:19:21","guid":{"rendered":"https:\/\/greekbloom.mano-serveris.eu\/?post_type=product&#038;p=29300"},"modified":"2026-03-23T12:44:18","modified_gmt":"2026-03-23T12:44:18","slug":"kapari-fra-amorgos-ekte-gresk-delikatesse-150-g","status":"publish","type":"product","link":"https:\/\/greekbloom.com\/index.php\/product\/kapari-fra-amorgos-ekte-gresk-delikatesse-150-g\/","title":{"rendered":"Kapari fra Amorgos \u2013 Ekte gresk delikatesse 150 g"},"content":{"rendered":"<p data-start=\"56\" data-end=\"279\">Oppdag den unike smaken av <strong data-start=\"83\" data-end=\"105\">Kapari fra Amorgos<\/strong>, h\u00e5ndplukket p\u00e5 den solrike greske \u00f8ya og bevart etter tradisjonelle metoder. Kapari, ogs\u00e5 kjent som kapers, har en intens, frisk og lett salt smak som l\u00f8fter enhver rett.<\/p>\n<p data-start=\"281\" data-end=\"408\">Perfekt som topping p\u00e5 gresk salat, i sauser, til fisk, kj\u00f8tt eller som en smakfull ingrediens i middelhavsinspirerte retter.<\/p>\n<p data-start=\"410\" data-end=\"599\"><strong data-start=\"413\" data-end=\"430\">Ingredienser:<\/strong> Kapari, vann, eddik, salt<br data-start=\"456\" data-end=\"459\" \/><strong data-start=\"463\" data-end=\"472\">Bruk:<\/strong> Passer perfekt til salater, fiskeretter, pasta, kj\u00f8tt og meze<br data-start=\"534\" data-end=\"537\" data-is-only-node=\"\" \/><strong data-start=\"541\" data-end=\"557\">Opprinnelse:<\/strong> Amorgos, Hellas<br data-start=\"573\" data-end=\"576\" \/><strong data-start=\"579\" data-end=\"591\">Innhold:<\/strong> 150 g<\/p>\n<p data-start=\"601\" data-end=\"670\" data-is-last-node=\"\" data-is-only-node=\"\">Et naturlig gresk produkt med ekte middelhavssmak \u2013 rett fra Amorgos!<\/p>\n","protected":false},"excerpt":{"rendered":"<p>Oppdag den unike smaken av Kapari fra Amorgos, h\u00e5ndplukket p\u00e5 den solrike greske \u00f8ya og bevart etter tradisjonelle metoder. Kapari,<\/p>\n","protected":false},"featured_media":29359,"comment_status":"open","ping_status":"closed","template":"","meta":[],"product_brand":[],"product_cat":[82],"product_tag":[],"class_list":{"0":"post-29300","1":"product","2":"type-product","3":"status-publish","4":"has-post-thumbnail","6":"product_cat-syltede-gronnsaker","8":"first","9":"instock","10":"shipping-taxable","11":"purchasable","12":"product-type-simple"},"aioseo_notices":[],"_links":{"self":[{"href":"https:\/\/greekbloom.com\/index.php\/wp-json\/wp\/v2\/product\/29300","targetHints":{"allow":["GET"]}}],"collection":[{"href":"https:\/\/greekbloom.com\/index.php\/wp-json\/wp\/v2\/product"}],"about":[{"href":"https:\/\/greekbloom.com\/index.php\/wp-json\/wp\/v2\/types\/product"}],"replies":[{"embeddable":true,"href":"https:\/\/greekbloom.com\/index.php\/wp-json\/wp\/v2\/comments?post=29300"}],"version-history":[{"count":1,"href":"https:\/\/greekbloom.com\/index.php\/wp-json\/wp\/v2\/product\/29300\/revisions"}],"predecessor-version":[{"id":29360,"href":"https:\/\/greekbloom.com\/index.php\/wp-json\/wp\/v2\/product\/29300\/revisions\/29360"}],"wp:featuredmedia":[{"embeddable":true,"href":"https:\/\/greekbloom.com\/index.php\/wp-json\/wp\/v2\/media\/29359"}],"wp:attachment":[{"href":"https:\/\/greekbloom.com\/index.php\/wp-json\/wp\/v2\/media?parent=29300"}],"wp:term":[{"taxonomy":"product_brand","embeddable":true,"href":"https:\/\/greekbloom.com\/index.php\/wp-json\/wp\/v2\/product_brand?post=29300"},{"taxonomy":"product_cat","embeddable":true,"href":"https:\/\/greekbloom.com\/index.php\/wp-json\/wp\/v2\/product_cat?post=29300"},{"taxonomy":"product_tag","embeddable":true,"href":"https:\/\/greekbloom.com\/index.php\/wp-json\/wp\/v2\/product_tag?post=29300"}],"curies":[{"name":"wp","href":"https:\/\/api.w.org\/{rel}","templated":true}]}}