{"id":29299,"date":"2026-02-17T12:19:21","date_gmt":"2026-02-17T12:19:21","guid":{"rendered":"https:\/\/greekbloom.mano-serveris.eu\/?post_type=product&#038;p=29299"},"modified":"2026-02-17T12:19:31","modified_gmt":"2026-02-17T12:19:31","slug":"goldino-ekte-gresk-honning-500-g-i-praktisk-klemmeflaske","status":"publish","type":"product","link":"https:\/\/greekbloom.com\/index.php\/product\/goldino-ekte-gresk-honning-500-g-i-praktisk-klemmeflaske\/","title":{"rendered":"Goldino Ekte Gresk Honning \u2013 500 g i praktisk klemmeflaske"},"content":{"rendered":"<p data-start=\"63\" data-end=\"371\">Opplev smaken av ekte gresk natur med <strong data-start=\"101\" data-end=\"131\">Goldino Ekte Gresk Honning<\/strong>, laget av bier som samler nektar fra ville blomster i solfylte Hellas. Denne honningen har en fyldig, naturlig s\u00f8dme og en silkemyk konsistens som gj\u00f8r den perfekt til te, yoghurt, ost, bakverk eller som naturlig s\u00f8tning i mat og drikke.<\/p>\n<p data-start=\"373\" data-end=\"520\">Leveres i en <strong data-start=\"386\" data-end=\"428\">praktisk klemmeflaske (squeeze-flaske)<\/strong> som gj\u00f8r det enkelt \u00e5 bruke honningen uten s\u00f8l \u2013 ideell for daglig bruk p\u00e5 frokostbordet.<\/p>\n<p data-start=\"522\" data-end=\"695\"><strong data-start=\"525\" data-end=\"552\">100 % ren gresk honning<\/strong><\/p>\n<p data-start=\"522\" data-end=\"695\"><strong data-start=\"558\" data-end=\"567\">Smak:<\/strong> Mild, naturlig og aromatisk<br data-start=\"595\" data-end=\"598\" \/><strong data-start=\"601\" data-end=\"616\">Forpakning:<\/strong> Praktisk klemmeflaske<br data-start=\"638\" data-end=\"641\" \/><strong data-start=\"646\" data-end=\"662\">Opprinnelse:<\/strong> Hellas<br data-start=\"669\" data-end=\"672\" \/><strong data-start=\"675\" data-end=\"687\">Innhold:<\/strong> 500 g<\/p>\n<p data-start=\"697\" data-end=\"792\" data-is-last-node=\"\" data-is-only-node=\"\">Et ekte gresk naturprodukt \u2013 smak av sol, natur og tradisjon, n\u00e5 i en brukervennlig emballasje!<\/p>\n","protected":false},"excerpt":{"rendered":"<p>Opplev smaken av ekte gresk natur med Goldino Ekte Gresk Honning, laget av bier som samler nektar fra ville blomster<\/p>\n","protected":false},"featured_media":29357,"comment_status":"open","ping_status":"closed","template":"","meta":[],"product_brand":[],"product_cat":[89],"product_tag":[],"class_list":{"0":"post-29299","1":"product","2":"type-product","3":"status-publish","4":"has-post-thumbnail","6":"product_cat-honning","8":"first","9":"instock","10":"shipping-taxable","11":"purchasable","12":"product-type-simple"},"aioseo_notices":[],"_links":{"self":[{"href":"https:\/\/greekbloom.com\/index.php\/wp-json\/wp\/v2\/product\/29299","targetHints":{"allow":["GET"]}}],"collection":[{"href":"https:\/\/greekbloom.com\/index.php\/wp-json\/wp\/v2\/product"}],"about":[{"href":"https:\/\/greekbloom.com\/index.php\/wp-json\/wp\/v2\/types\/product"}],"replies":[{"embeddable":true,"href":"https:\/\/greekbloom.com\/index.php\/wp-json\/wp\/v2\/comments?post=29299"}],"version-history":[{"count":1,"href":"https:\/\/greekbloom.com\/index.php\/wp-json\/wp\/v2\/product\/29299\/revisions"}],"predecessor-version":[{"id":29358,"href":"https:\/\/greekbloom.com\/index.php\/wp-json\/wp\/v2\/product\/29299\/revisions\/29358"}],"wp:featuredmedia":[{"embeddable":true,"href":"https:\/\/greekbloom.com\/index.php\/wp-json\/wp\/v2\/media\/29357"}],"wp:attachment":[{"href":"https:\/\/greekbloom.com\/index.php\/wp-json\/wp\/v2\/media?parent=29299"}],"wp:term":[{"taxonomy":"product_brand","embeddable":true,"href":"https:\/\/greekbloom.com\/index.php\/wp-json\/wp\/v2\/product_brand?post=29299"},{"taxonomy":"product_cat","embeddable":true,"href":"https:\/\/greekbloom.com\/index.php\/wp-json\/wp\/v2\/product_cat?post=29299"},{"taxonomy":"product_tag","embeddable":true,"href":"https:\/\/greekbloom.com\/index.php\/wp-json\/wp\/v2\/product_tag?post=29299"}],"curies":[{"name":"wp","href":"https:\/\/api.w.org\/{rel}","templated":true}]}}