{"id":29284,"date":"2026-02-17T12:19:19","date_gmt":"2026-02-17T12:19:19","guid":{"rendered":"https:\/\/greekbloom.mano-serveris.eu\/?post_type=product&#038;p=29284"},"modified":"2026-02-17T12:19:25","modified_gmt":"2026-02-17T12:19:25","slug":"olivelia-kalamata-oliven-uten-stein-370-g","status":"publish","type":"product","link":"https:\/\/greekbloom.com\/index.php\/product\/olivelia-kalamata-oliven-uten-stein-370-g\/","title":{"rendered":"Olivelia \u2013 Kalamata oliven uten stein \u2013 370 g"},"content":{"rendered":"<p data-start=\"126\" data-end=\"391\">Smakfulle <strong data-start=\"136\" data-end=\"166\">Kalamata-oliven uten stein<\/strong> fra Hellas \u2013 perfekte for deg som \u00f8nsker den autentiske smaken av solmodne oliven p\u00e5 en praktisk m\u00e5te. Disse m\u00f8rke, kj\u00f8ttfulle olivenene har en rik, fruktig smak og passer utmerket i salater, gryter, tapas og varme retter.<\/p>\n<ul data-start=\"393\" data-end=\"617\">\n<li data-start=\"393\" data-end=\"414\">\n<p data-start=\"395\" data-end=\"414\"><strong data-start=\"395\" data-end=\"406\">Mengde:<\/strong> 370 g<\/p>\n<\/li>\n<li data-start=\"415\" data-end=\"452\">\n<p data-start=\"417\" data-end=\"452\"><strong data-start=\"417\" data-end=\"433\">Opprinnelse:<\/strong> Kalamata, Hellas<\/p>\n<\/li>\n<li data-start=\"453\" data-end=\"538\">\n<p data-start=\"455\" data-end=\"538\"><strong data-start=\"455\" data-end=\"470\">Egenskaper:<\/strong> Uten stein, naturlig fermentert, uten kunstige tilsetningsstoffer<\/p>\n<\/li>\n<li data-start=\"539\" data-end=\"617\">\n<p data-start=\"541\" data-end=\"617\"><strong data-start=\"541\" data-end=\"550\">Bruk:<\/strong> Perfekt til salater, pizza, pasta og middelhavsinspirerte retter<\/p>\n<\/li>\n<\/ul>\n<p data-start=\"619\" data-end=\"703\">\u00a0Klassiske greske Kalamata-oliven \u2013 naturlige, smakfulle og klare til bruk.<\/p>\n","protected":false},"excerpt":{"rendered":"<p>Smakfulle Kalamata-oliven uten stein fra Hellas \u2013 perfekte for deg som \u00f8nsker den autentiske smaken av solmodne oliven p\u00e5 en<\/p>\n","protected":false},"featured_media":29326,"comment_status":"open","ping_status":"closed","template":"","meta":[],"product_brand":[],"product_cat":[75],"product_tag":[],"class_list":{"0":"post-29284","1":"product","2":"type-product","3":"status-publish","4":"has-post-thumbnail","6":"product_cat-oliven","8":"first","9":"instock","10":"shipping-taxable","11":"purchasable","12":"product-type-simple"},"aioseo_notices":[],"_links":{"self":[{"href":"https:\/\/greekbloom.com\/index.php\/wp-json\/wp\/v2\/product\/29284","targetHints":{"allow":["GET"]}}],"collection":[{"href":"https:\/\/greekbloom.com\/index.php\/wp-json\/wp\/v2\/product"}],"about":[{"href":"https:\/\/greekbloom.com\/index.php\/wp-json\/wp\/v2\/types\/product"}],"replies":[{"embeddable":true,"href":"https:\/\/greekbloom.com\/index.php\/wp-json\/wp\/v2\/comments?post=29284"}],"version-history":[{"count":1,"href":"https:\/\/greekbloom.com\/index.php\/wp-json\/wp\/v2\/product\/29284\/revisions"}],"predecessor-version":[{"id":29327,"href":"https:\/\/greekbloom.com\/index.php\/wp-json\/wp\/v2\/product\/29284\/revisions\/29327"}],"wp:featuredmedia":[{"embeddable":true,"href":"https:\/\/greekbloom.com\/index.php\/wp-json\/wp\/v2\/media\/29326"}],"wp:attachment":[{"href":"https:\/\/greekbloom.com\/index.php\/wp-json\/wp\/v2\/media?parent=29284"}],"wp:term":[{"taxonomy":"product_brand","embeddable":true,"href":"https:\/\/greekbloom.com\/index.php\/wp-json\/wp\/v2\/product_brand?post=29284"},{"taxonomy":"product_cat","embeddable":true,"href":"https:\/\/greekbloom.com\/index.php\/wp-json\/wp\/v2\/product_cat?post=29284"},{"taxonomy":"product_tag","embeddable":true,"href":"https:\/\/greekbloom.com\/index.php\/wp-json\/wp\/v2\/product_tag?post=29284"}],"curies":[{"name":"wp","href":"https:\/\/api.w.org\/{rel}","templated":true}]}}