{"id":29282,"date":"2026-02-17T12:19:19","date_gmt":"2026-02-17T12:19:19","guid":{"rendered":"https:\/\/greekbloom.mano-serveris.eu\/?post_type=product&#038;p=29282"},"modified":"2026-02-17T12:19:25","modified_gmt":"2026-02-17T12:19:25","slug":"olivelia-gronne-oliven-370-g","status":"publish","type":"product","link":"https:\/\/greekbloom.com\/index.php\/product\/olivelia-gronne-oliven-370-g\/","title":{"rendered":"Olivelia \u2013 Gr\u00f8nne oliven \u2013 370 g"},"content":{"rendered":"<p data-start=\"122\" data-end=\"322\">Autentiske <strong data-start=\"133\" data-end=\"150\">gr\u00f8nne oliven<\/strong> fra Hellas med rik smak og fast konsistens. Disse naturlig fermenterte olivenene passer perfekt som snacks, i salater, p\u00e5 pizza eller som tilbeh\u00f8r til ost, kj\u00f8tt og vin.<\/p>\n<ul data-start=\"324\" data-end=\"504\">\n<li data-start=\"324\" data-end=\"345\">\n<p data-start=\"326\" data-end=\"345\"><strong data-start=\"326\" data-end=\"337\">Mengde:<\/strong> 370 g<\/p>\n<\/li>\n<li data-start=\"346\" data-end=\"373\">\n<p data-start=\"348\" data-end=\"373\"><strong data-start=\"348\" data-end=\"364\">Opprinnelse:<\/strong> Hellas<\/p>\n<\/li>\n<li data-start=\"374\" data-end=\"447\">\n<p data-start=\"376\" data-end=\"447\"><strong data-start=\"376\" data-end=\"391\">Egenskaper:<\/strong> Naturlig fermentert, uten kunstige tilsetningsstoffer<\/p>\n<\/li>\n<li data-start=\"448\" data-end=\"504\">\n<p data-start=\"450\" data-end=\"504\"><strong data-start=\"450\" data-end=\"459\">Bruk:<\/strong> Ideell til salater, tapas og middelhavsmat<\/p>\n<\/li>\n<\/ul>\n<p data-start=\"506\" data-end=\"579\">\u00a0Klassiske greske oliven \u2013 ren, naturlig og ekte middelhavssmak<\/p>\n","protected":false},"excerpt":{"rendered":"<p>Autentiske gr\u00f8nne oliven fra Hellas med rik smak og fast konsistens. Disse naturlig fermenterte olivenene passer perfekt som snacks, i<\/p>\n","protected":false},"featured_media":29322,"comment_status":"open","ping_status":"closed","template":"","meta":[],"product_brand":[],"product_cat":[75],"product_tag":[],"class_list":{"0":"post-29282","1":"product","2":"type-product","3":"status-publish","4":"has-post-thumbnail","6":"product_cat-oliven","8":"first","9":"instock","10":"shipping-taxable","11":"purchasable","12":"product-type-simple"},"aioseo_notices":[],"_links":{"self":[{"href":"https:\/\/greekbloom.com\/index.php\/wp-json\/wp\/v2\/product\/29282","targetHints":{"allow":["GET"]}}],"collection":[{"href":"https:\/\/greekbloom.com\/index.php\/wp-json\/wp\/v2\/product"}],"about":[{"href":"https:\/\/greekbloom.com\/index.php\/wp-json\/wp\/v2\/types\/product"}],"replies":[{"embeddable":true,"href":"https:\/\/greekbloom.com\/index.php\/wp-json\/wp\/v2\/comments?post=29282"}],"version-history":[{"count":1,"href":"https:\/\/greekbloom.com\/index.php\/wp-json\/wp\/v2\/product\/29282\/revisions"}],"predecessor-version":[{"id":29323,"href":"https:\/\/greekbloom.com\/index.php\/wp-json\/wp\/v2\/product\/29282\/revisions\/29323"}],"wp:featuredmedia":[{"embeddable":true,"href":"https:\/\/greekbloom.com\/index.php\/wp-json\/wp\/v2\/media\/29322"}],"wp:attachment":[{"href":"https:\/\/greekbloom.com\/index.php\/wp-json\/wp\/v2\/media?parent=29282"}],"wp:term":[{"taxonomy":"product_brand","embeddable":true,"href":"https:\/\/greekbloom.com\/index.php\/wp-json\/wp\/v2\/product_brand?post=29282"},{"taxonomy":"product_cat","embeddable":true,"href":"https:\/\/greekbloom.com\/index.php\/wp-json\/wp\/v2\/product_cat?post=29282"},{"taxonomy":"product_tag","embeddable":true,"href":"https:\/\/greekbloom.com\/index.php\/wp-json\/wp\/v2\/product_tag?post=29282"}],"curies":[{"name":"wp","href":"https:\/\/api.w.org\/{rel}","templated":true}]}}