{"id":29281,"date":"2026-02-17T12:19:19","date_gmt":"2026-02-17T12:19:19","guid":{"rendered":"https:\/\/greekbloom.mano-serveris.eu\/?post_type=product&#038;p=29281"},"modified":"2026-02-17T12:19:24","modified_gmt":"2026-02-17T12:19:24","slug":"olivelia-gronne-oliven-fylt-med-mandel-370-g","status":"publish","type":"product","link":"https:\/\/greekbloom.com\/index.php\/product\/olivelia-gronne-oliven-fylt-med-mandel-370-g\/","title":{"rendered":"Olivelia \u2013 Gr\u00f8nne oliven fylt med mandel \u2013 370 g"},"content":{"rendered":"<p data-start=\"120\" data-end=\"327\">Delikate <strong data-start=\"129\" data-end=\"146\">gr\u00f8nne oliven<\/strong> fra Hellas, fylt med spr\u00f8 og smakfulle <strong data-start=\"186\" data-end=\"197\">mandler<\/strong>. En perfekt kombinasjon av salt og n\u00f8tteaktig smak som passer utmerket som snacks, i salater eller som tilbeh\u00f8r til ost og vin.<\/p>\n<ul data-start=\"329\" data-end=\"501\">\n<li data-start=\"329\" data-end=\"350\">\n<p data-start=\"331\" data-end=\"350\"><strong data-start=\"331\" data-end=\"342\">Mengde:<\/strong> 370 g<\/p>\n<\/li>\n<li data-start=\"351\" data-end=\"378\">\n<p data-start=\"353\" data-end=\"378\"><strong data-start=\"353\" data-end=\"369\">Opprinnelse:<\/strong> Hellas<\/p>\n<\/li>\n<li data-start=\"379\" data-end=\"449\">\n<p data-start=\"381\" data-end=\"449\"><strong data-start=\"381\" data-end=\"396\">Egenskaper:<\/strong> Naturlig produkt, uten kunstige tilsetningsstoffer<\/p>\n<\/li>\n<li data-start=\"450\" data-end=\"501\">\n<p data-start=\"452\" data-end=\"501\"><strong data-start=\"452\" data-end=\"461\">Bruk:<\/strong> Perfekt til tapas, salater og ostefat<\/p>\n<\/li>\n<\/ul>\n<p data-start=\"503\" data-end=\"574\">\u00a0En klassisk gresk delikatesse \u2013 oliven med et hint av luksus!<\/p>\n","protected":false},"excerpt":{"rendered":"<p>Delikate gr\u00f8nne oliven fra Hellas, fylt med spr\u00f8 og smakfulle mandler. En perfekt kombinasjon av salt og n\u00f8tteaktig smak som<\/p>\n","protected":false},"featured_media":29320,"comment_status":"open","ping_status":"closed","template":"","meta":[],"product_brand":[],"product_cat":[75],"product_tag":[],"class_list":{"0":"post-29281","1":"product","2":"type-product","3":"status-publish","4":"has-post-thumbnail","6":"product_cat-oliven","8":"first","9":"instock","10":"shipping-taxable","11":"purchasable","12":"product-type-simple"},"aioseo_notices":[],"_links":{"self":[{"href":"https:\/\/greekbloom.com\/index.php\/wp-json\/wp\/v2\/product\/29281","targetHints":{"allow":["GET"]}}],"collection":[{"href":"https:\/\/greekbloom.com\/index.php\/wp-json\/wp\/v2\/product"}],"about":[{"href":"https:\/\/greekbloom.com\/index.php\/wp-json\/wp\/v2\/types\/product"}],"replies":[{"embeddable":true,"href":"https:\/\/greekbloom.com\/index.php\/wp-json\/wp\/v2\/comments?post=29281"}],"version-history":[{"count":1,"href":"https:\/\/greekbloom.com\/index.php\/wp-json\/wp\/v2\/product\/29281\/revisions"}],"predecessor-version":[{"id":29321,"href":"https:\/\/greekbloom.com\/index.php\/wp-json\/wp\/v2\/product\/29281\/revisions\/29321"}],"wp:featuredmedia":[{"embeddable":true,"href":"https:\/\/greekbloom.com\/index.php\/wp-json\/wp\/v2\/media\/29320"}],"wp:attachment":[{"href":"https:\/\/greekbloom.com\/index.php\/wp-json\/wp\/v2\/media?parent=29281"}],"wp:term":[{"taxonomy":"product_brand","embeddable":true,"href":"https:\/\/greekbloom.com\/index.php\/wp-json\/wp\/v2\/product_brand?post=29281"},{"taxonomy":"product_cat","embeddable":true,"href":"https:\/\/greekbloom.com\/index.php\/wp-json\/wp\/v2\/product_cat?post=29281"},{"taxonomy":"product_tag","embeddable":true,"href":"https:\/\/greekbloom.com\/index.php\/wp-json\/wp\/v2\/product_tag?post=29281"}],"curies":[{"name":"wp","href":"https:\/\/api.w.org\/{rel}","templated":true}]}}