{"id":29277,"date":"2026-02-17T12:19:19","date_gmt":"2026-02-17T12:19:19","guid":{"rendered":"https:\/\/greekbloom.mano-serveris.eu\/?post_type=product&#038;p=29277"},"modified":"2026-02-17T12:19:23","modified_gmt":"2026-02-17T12:19:23","slug":"melas-olon-extra-virgin-olivenolje-750-ml","status":"publish","type":"product","link":"https:\/\/greekbloom.com\/index.php\/product\/melas-olon-extra-virgin-olivenolje-750-ml\/","title":{"rendered":"Melas \u2013 Olon Extra Virgin Olivenolje \u2013 750 ml"},"content":{"rendered":"<p data-start=\"110\" data-end=\"400\">Eksklusiv <strong data-start=\"120\" data-end=\"147\">extra virgin olivenolje<\/strong> fra Peloponnes, Hellas. Laget av n\u00f8ye utvalgte oliven, kaldpresset for \u00e5 bevare den naturlige smaken og alle n\u00e6ringsstoffene. Oljen har en frisk, fruktig aroma og en balansert smak som passer perfekt til salater, grilling, marinader og all matlaging.<\/p>\n<ul data-start=\"402\" data-end=\"554\">\n<li data-start=\"402\" data-end=\"428\">\n<p data-start=\"404\" data-end=\"428\"><strong data-start=\"404\" data-end=\"413\">Type:<\/strong> Extra Virgin<\/p>\n<\/li>\n<li data-start=\"429\" data-end=\"452\">\n<p data-start=\"431\" data-end=\"452\"><strong data-start=\"431\" data-end=\"442\">Mengde:<\/strong> 750 ml<\/p>\n<\/li>\n<li data-start=\"453\" data-end=\"492\">\n<p data-start=\"455\" data-end=\"492\"><strong data-start=\"455\" data-end=\"471\">Opprinnelse:<\/strong> Peloponnes, Hellas<\/p>\n<\/li>\n<li data-start=\"493\" data-end=\"554\">\n<p data-start=\"495\" data-end=\"554\"><strong data-start=\"495\" data-end=\"510\">Egenskaper:<\/strong> Kaldpresset, 100 % naturlig, h\u00f8y kvalitet<\/p>\n<\/li>\n<\/ul>\n<p data-start=\"556\" data-end=\"631\">En ekte gresk olivenolje med smak av tradisjon og solmodne oliven.<\/p>\n","protected":false},"excerpt":{"rendered":"<p>Eksklusiv extra virgin olivenolje fra Peloponnes, Hellas. Laget av n\u00f8ye utvalgte oliven, kaldpresset for \u00e5 bevare den naturlige smaken og<\/p>\n","protected":false},"featured_media":29311,"comment_status":"open","ping_status":"closed","template":"","meta":[],"product_brand":[],"product_cat":[77],"product_tag":[],"class_list":{"0":"post-29277","1":"product","2":"type-product","3":"status-publish","4":"has-post-thumbnail","6":"product_cat-olivenolje-og-eddik","8":"first","9":"instock","10":"shipping-taxable","11":"purchasable","12":"product-type-simple"},"aioseo_notices":[],"_links":{"self":[{"href":"https:\/\/greekbloom.com\/index.php\/wp-json\/wp\/v2\/product\/29277","targetHints":{"allow":["GET"]}}],"collection":[{"href":"https:\/\/greekbloom.com\/index.php\/wp-json\/wp\/v2\/product"}],"about":[{"href":"https:\/\/greekbloom.com\/index.php\/wp-json\/wp\/v2\/types\/product"}],"replies":[{"embeddable":true,"href":"https:\/\/greekbloom.com\/index.php\/wp-json\/wp\/v2\/comments?post=29277"}],"version-history":[{"count":1,"href":"https:\/\/greekbloom.com\/index.php\/wp-json\/wp\/v2\/product\/29277\/revisions"}],"predecessor-version":[{"id":29312,"href":"https:\/\/greekbloom.com\/index.php\/wp-json\/wp\/v2\/product\/29277\/revisions\/29312"}],"wp:featuredmedia":[{"embeddable":true,"href":"https:\/\/greekbloom.com\/index.php\/wp-json\/wp\/v2\/media\/29311"}],"wp:attachment":[{"href":"https:\/\/greekbloom.com\/index.php\/wp-json\/wp\/v2\/media?parent=29277"}],"wp:term":[{"taxonomy":"product_brand","embeddable":true,"href":"https:\/\/greekbloom.com\/index.php\/wp-json\/wp\/v2\/product_brand?post=29277"},{"taxonomy":"product_cat","embeddable":true,"href":"https:\/\/greekbloom.com\/index.php\/wp-json\/wp\/v2\/product_cat?post=29277"},{"taxonomy":"product_tag","embeddable":true,"href":"https:\/\/greekbloom.com\/index.php\/wp-json\/wp\/v2\/product_tag?post=29277"}],"curies":[{"name":"wp","href":"https:\/\/api.w.org\/{rel}","templated":true}]}}