{"id":29276,"date":"2026-02-17T12:19:19","date_gmt":"2026-02-17T12:19:19","guid":{"rendered":"https:\/\/greekbloom.mano-serveris.eu\/?post_type=product&#038;p=29276"},"modified":"2026-03-23T10:36:56","modified_gmt":"2026-03-23T10:36:56","slug":"cretan-life-timian-30-g","status":"publish","type":"product","link":"https:\/\/greekbloom.com\/index.php\/product\/cretan-life-timian-30-g\/","title":{"rendered":"Cretan Life \u2013 Timian \u2013 30 g"},"content":{"rendered":"<p data-start=\"107\" data-end=\"309\">Aromatisk <strong data-start=\"117\" data-end=\"137\">timian fra Kreta<\/strong>, h\u00e5ndplukket og solt\u00f8rket for \u00e5 bevare den rike smaken og duften. Passer perfekt til kj\u00f8tt, gr\u00f8nnsaker, supper, fisk og middelhavsmat. Gir en frisk og lett krydret smak.<\/p>\n<ul data-start=\"311\" data-end=\"461\">\n<li data-start=\"311\" data-end=\"345\">\n<p data-start=\"313\" data-end=\"345\"><strong data-start=\"313\" data-end=\"330\">Ingredienser:<\/strong> 100 % timian<\/p>\n<\/li>\n<li data-start=\"346\" data-end=\"366\">\n<p data-start=\"348\" data-end=\"366\"><strong data-start=\"348\" data-end=\"359\">Mengde:<\/strong> 30 g<\/p>\n<\/li>\n<li data-start=\"367\" data-end=\"401\">\n<p data-start=\"369\" data-end=\"401\"><strong data-start=\"369\" data-end=\"385\">Opprinnelse:<\/strong> Kreta, Hellas<\/p>\n<\/li>\n<li data-start=\"402\" data-end=\"461\">\n<p data-start=\"404\" data-end=\"461\"><strong data-start=\"404\" data-end=\"419\">Egenskaper:<\/strong> 100 % naturlig, uten tilsetningsstoffer<\/p>\n<\/li>\n<\/ul>\n<p data-start=\"463\" data-end=\"555\">Et klassisk middelhavskrydder som l\u00f8fter enhver rett \u2013 rett fra de greske fjellene.<\/p>\n","protected":false},"excerpt":{"rendered":"<p>Aromatisk timian fra Kreta, h\u00e5ndplukket og solt\u00f8rket for \u00e5 bevare den rike smaken og duften. Passer perfekt til kj\u00f8tt, gr\u00f8nnsaker,<\/p>\n","protected":false},"featured_media":29309,"comment_status":"open","ping_status":"closed","template":"","meta":[],"product_brand":[],"product_cat":[81],"product_tag":[],"class_list":{"0":"post-29276","1":"product","2":"type-product","3":"status-publish","4":"has-post-thumbnail","6":"product_cat-krydder","8":"first","9":"instock","10":"shipping-taxable","11":"purchasable","12":"product-type-simple"},"aioseo_notices":[],"_links":{"self":[{"href":"https:\/\/greekbloom.com\/index.php\/wp-json\/wp\/v2\/product\/29276","targetHints":{"allow":["GET"]}}],"collection":[{"href":"https:\/\/greekbloom.com\/index.php\/wp-json\/wp\/v2\/product"}],"about":[{"href":"https:\/\/greekbloom.com\/index.php\/wp-json\/wp\/v2\/types\/product"}],"replies":[{"embeddable":true,"href":"https:\/\/greekbloom.com\/index.php\/wp-json\/wp\/v2\/comments?post=29276"}],"version-history":[{"count":1,"href":"https:\/\/greekbloom.com\/index.php\/wp-json\/wp\/v2\/product\/29276\/revisions"}],"predecessor-version":[{"id":29310,"href":"https:\/\/greekbloom.com\/index.php\/wp-json\/wp\/v2\/product\/29276\/revisions\/29310"}],"wp:featuredmedia":[{"embeddable":true,"href":"https:\/\/greekbloom.com\/index.php\/wp-json\/wp\/v2\/media\/29309"}],"wp:attachment":[{"href":"https:\/\/greekbloom.com\/index.php\/wp-json\/wp\/v2\/media?parent=29276"}],"wp:term":[{"taxonomy":"product_brand","embeddable":true,"href":"https:\/\/greekbloom.com\/index.php\/wp-json\/wp\/v2\/product_brand?post=29276"},{"taxonomy":"product_cat","embeddable":true,"href":"https:\/\/greekbloom.com\/index.php\/wp-json\/wp\/v2\/product_cat?post=29276"},{"taxonomy":"product_tag","embeddable":true,"href":"https:\/\/greekbloom.com\/index.php\/wp-json\/wp\/v2\/product_tag?post=29276"}],"curies":[{"name":"wp","href":"https:\/\/api.w.org\/{rel}","templated":true}]}}