{"id":29203,"date":"2026-02-17T12:19:04","date_gmt":"2026-02-17T12:19:04","guid":{"rendered":"https:\/\/greekbloom.mano-serveris.eu\/?post_type=product&#038;p=29203"},"modified":"2026-02-17T12:19:15","modified_gmt":"2026-02-17T12:19:15","slug":"cretan-life-fjellte-mountain-tea-30-g","status":"publish","type":"product","link":"https:\/\/greekbloom.com\/index.php\/product\/cretan-life-fjellte-mountain-tea-30-g\/","title":{"rendered":"Cretan Life \u2013 Fjellte (Mountain Tea) \u2013 30 g"},"content":{"rendered":"<p data-start=\"123\" data-end=\"346\">Tradisjonell <strong data-start=\"136\" data-end=\"155\">kretisk fjellte<\/strong> (ogs\u00e5 kjent som Sideritis eller gresk fjellte) \u2013 h\u00e5ndplukket fra fjellomr\u00e5dene p\u00e5 Kreta. Denne urten har blitt brukt i \u00e5rhundrer i Hellas for sine beroligende og helsebringende egenskaper.<\/p>\n<p data-start=\"348\" data-end=\"487\">Teen har en mild, blomsteraktig smak med naturlig s\u00f8dme og er kjent for \u00e5 st\u00f8tte ford\u00f8yelsen, styrke immunforsvaret og virke avslappende.<\/p>\n<ul data-start=\"489\" data-end=\"660\">\n<li data-start=\"489\" data-end=\"544\">\n<p data-start=\"491\" data-end=\"544\"><strong data-start=\"491\" data-end=\"508\">Ingredienser:<\/strong> 100 % fjellte (Sideritis syriaca)<\/p>\n<\/li>\n<li data-start=\"545\" data-end=\"565\">\n<p data-start=\"547\" data-end=\"565\"><strong data-start=\"547\" data-end=\"558\">Mengde:<\/strong> 30 g<\/p>\n<\/li>\n<li data-start=\"566\" data-end=\"600\">\n<p data-start=\"568\" data-end=\"600\"><strong data-start=\"568\" data-end=\"584\">Opprinnelse:<\/strong> Kreta, Hellas<\/p>\n<\/li>\n<li data-start=\"601\" data-end=\"660\">\n<p data-start=\"603\" data-end=\"660\"><strong data-start=\"603\" data-end=\"618\">Egenskaper:<\/strong> 100 % naturlig, koffeinfri, h\u00e5ndplukket<\/p>\n<\/li>\n<\/ul>\n<p data-start=\"662\" data-end=\"743\">Perfekt som en varm, beroligende drikk \u2013 nyt smaken av ekte gresk natur.<\/p>\n","protected":false},"excerpt":{"rendered":"<p>Tradisjonell kretisk fjellte (ogs\u00e5 kjent som Sideritis eller gresk fjellte) \u2013 h\u00e5ndplukket fra fjellomr\u00e5dene p\u00e5 Kreta. Denne urten har blitt<\/p>\n","protected":false},"featured_media":29269,"comment_status":"open","ping_status":"closed","template":"","meta":[],"product_brand":[],"product_cat":[81],"product_tag":[],"class_list":{"0":"post-29203","1":"product","2":"type-product","3":"status-publish","4":"has-post-thumbnail","6":"product_cat-krydder","8":"first","9":"instock","10":"shipping-taxable","11":"purchasable","12":"product-type-simple"},"aioseo_notices":[],"_links":{"self":[{"href":"https:\/\/greekbloom.com\/index.php\/wp-json\/wp\/v2\/product\/29203","targetHints":{"allow":["GET"]}}],"collection":[{"href":"https:\/\/greekbloom.com\/index.php\/wp-json\/wp\/v2\/product"}],"about":[{"href":"https:\/\/greekbloom.com\/index.php\/wp-json\/wp\/v2\/types\/product"}],"replies":[{"embeddable":true,"href":"https:\/\/greekbloom.com\/index.php\/wp-json\/wp\/v2\/comments?post=29203"}],"version-history":[{"count":1,"href":"https:\/\/greekbloom.com\/index.php\/wp-json\/wp\/v2\/product\/29203\/revisions"}],"predecessor-version":[{"id":29270,"href":"https:\/\/greekbloom.com\/index.php\/wp-json\/wp\/v2\/product\/29203\/revisions\/29270"}],"wp:featuredmedia":[{"embeddable":true,"href":"https:\/\/greekbloom.com\/index.php\/wp-json\/wp\/v2\/media\/29269"}],"wp:attachment":[{"href":"https:\/\/greekbloom.com\/index.php\/wp-json\/wp\/v2\/media?parent=29203"}],"wp:term":[{"taxonomy":"product_brand","embeddable":true,"href":"https:\/\/greekbloom.com\/index.php\/wp-json\/wp\/v2\/product_brand?post=29203"},{"taxonomy":"product_cat","embeddable":true,"href":"https:\/\/greekbloom.com\/index.php\/wp-json\/wp\/v2\/product_cat?post=29203"},{"taxonomy":"product_tag","embeddable":true,"href":"https:\/\/greekbloom.com\/index.php\/wp-json\/wp\/v2\/product_tag?post=29203"}],"curies":[{"name":"wp","href":"https:\/\/api.w.org\/{rel}","templated":true}]}}