{"id":29202,"date":"2026-02-17T12:19:04","date_gmt":"2026-02-17T12:19:04","guid":{"rendered":"https:\/\/greekbloom.mano-serveris.eu\/?post_type=product&#038;p=29202"},"modified":"2026-03-23T10:37:54","modified_gmt":"2026-03-23T10:37:54","slug":"cretan-life-oregano-40-g","status":"publish","type":"product","link":"https:\/\/greekbloom.com\/index.php\/product\/cretan-life-oregano-40-g\/","title":{"rendered":"Cretan Life \u2013 Oregano \u2013 40 g"},"content":{"rendered":"<p data-start=\"108\" data-end=\"337\">Aromatisk <strong data-start=\"118\" data-end=\"144\">vill oregano fra Kreta<\/strong>, h\u00e5ndplukket og solt\u00f8rket for \u00e5 bevare den intense smaken og duften. Denne urten er en essensiell del av middelhavskj\u00f8kkenet og passer perfekt til kj\u00f8tt, fisk, salater, gr\u00f8nnsaker og sauser.<\/p>\n<p data-start=\"339\" data-end=\"438\">Et 100 % naturlig produkt uten tilsetningsstoffer \u2013 rett fra den greske naturen til ditt kj\u00f8kken.<\/p>\n<ul data-start=\"440\" data-end=\"596\">\n<li data-start=\"440\" data-end=\"475\">\n<p data-start=\"442\" data-end=\"475\"><strong data-start=\"442\" data-end=\"459\">Ingredienser:<\/strong> 100 % oregano<\/p>\n<\/li>\n<li data-start=\"476\" data-end=\"496\">\n<p data-start=\"478\" data-end=\"496\"><strong data-start=\"478\" data-end=\"489\">Mengde:<\/strong> 40 g<\/p>\n<\/li>\n<li data-start=\"497\" data-end=\"531\">\n<p data-start=\"499\" data-end=\"531\"><strong data-start=\"499\" data-end=\"515\">Opprinnelse:<\/strong> Kreta, Hellas<\/p>\n<\/li>\n<li data-start=\"532\" data-end=\"596\">\n<p data-start=\"534\" data-end=\"596\"><strong data-start=\"534\" data-end=\"549\">Egenskaper:<\/strong> Naturlig, uten tilsetningsstoffer, rik aroma<\/p>\n<\/li>\n<\/ul>\n<p data-start=\"598\" data-end=\"687\">Tilf\u00f8r ekte gresk smak til maten din med denne h\u00f8ykvalitets oreganoen fra Kreta.<\/p>\n","protected":false},"excerpt":{"rendered":"<p>Aromatisk vill oregano fra Kreta, h\u00e5ndplukket og solt\u00f8rket for \u00e5 bevare den intense smaken og duften. Denne urten er en<\/p>\n","protected":false},"featured_media":29267,"comment_status":"open","ping_status":"closed","template":"","meta":[],"product_brand":[],"product_cat":[81],"product_tag":[],"class_list":{"0":"post-29202","1":"product","2":"type-product","3":"status-publish","4":"has-post-thumbnail","6":"product_cat-krydder","8":"first","9":"instock","10":"shipping-taxable","11":"purchasable","12":"product-type-simple"},"aioseo_notices":[],"_links":{"self":[{"href":"https:\/\/greekbloom.com\/index.php\/wp-json\/wp\/v2\/product\/29202","targetHints":{"allow":["GET"]}}],"collection":[{"href":"https:\/\/greekbloom.com\/index.php\/wp-json\/wp\/v2\/product"}],"about":[{"href":"https:\/\/greekbloom.com\/index.php\/wp-json\/wp\/v2\/types\/product"}],"replies":[{"embeddable":true,"href":"https:\/\/greekbloom.com\/index.php\/wp-json\/wp\/v2\/comments?post=29202"}],"version-history":[{"count":1,"href":"https:\/\/greekbloom.com\/index.php\/wp-json\/wp\/v2\/product\/29202\/revisions"}],"predecessor-version":[{"id":29268,"href":"https:\/\/greekbloom.com\/index.php\/wp-json\/wp\/v2\/product\/29202\/revisions\/29268"}],"wp:featuredmedia":[{"embeddable":true,"href":"https:\/\/greekbloom.com\/index.php\/wp-json\/wp\/v2\/media\/29267"}],"wp:attachment":[{"href":"https:\/\/greekbloom.com\/index.php\/wp-json\/wp\/v2\/media?parent=29202"}],"wp:term":[{"taxonomy":"product_brand","embeddable":true,"href":"https:\/\/greekbloom.com\/index.php\/wp-json\/wp\/v2\/product_brand?post=29202"},{"taxonomy":"product_cat","embeddable":true,"href":"https:\/\/greekbloom.com\/index.php\/wp-json\/wp\/v2\/product_cat?post=29202"},{"taxonomy":"product_tag","embeddable":true,"href":"https:\/\/greekbloom.com\/index.php\/wp-json\/wp\/v2\/product_tag?post=29202"}],"curies":[{"name":"wp","href":"https:\/\/api.w.org\/{rel}","templated":true}]}}