{"id":29200,"date":"2026-02-17T12:19:04","date_gmt":"2026-02-17T12:19:04","guid":{"rendered":"https:\/\/greekbloom.mano-serveris.eu\/?post_type=product&#038;p=29200"},"modified":"2026-03-23T10:38:33","modified_gmt":"2026-03-23T10:38:33","slug":"cretan-life-krydderblanding-til-lam-50-g","status":"publish","type":"product","link":"https:\/\/greekbloom.com\/index.php\/product\/cretan-life-krydderblanding-til-lam-50-g\/","title":{"rendered":"Cretan Life \u2013 Krydderblanding til lam \u2013 50 g"},"content":{"rendered":"<p data-start=\"124\" data-end=\"355\">Autentisk <strong data-start=\"134\" data-end=\"161\">kretisk krydderblanding<\/strong> fra <strong data-start=\"166\" data-end=\"181\">Cretan Life<\/strong>, laget av 100 % naturlige urter fra den greske \u00f8ya Kreta. Denne blandingen er spesielt utviklet for lam og gir kj\u00f8ttet en aromatisk, balansert og middelhavsinspirert smak.<\/p>\n<p data-start=\"357\" data-end=\"449\">Perfekt til stekt, ovnsbakt eller grillet lam \u2013 men ogs\u00e5 nydelig p\u00e5 gr\u00f8nnsaker og poteter.<\/p>\n<ul data-start=\"451\" data-end=\"643\">\n<li data-start=\"451\" data-end=\"527\">\n<p data-start=\"453\" data-end=\"527\"><strong data-start=\"453\" data-end=\"470\">Ingredienser:<\/strong> Oregano, rosmarin, timian, salt, pepper og andre urter<\/p>\n<\/li>\n<li data-start=\"528\" data-end=\"548\">\n<p data-start=\"530\" data-end=\"548\"><strong data-start=\"530\" data-end=\"541\">Mengde:<\/strong> 50 g<\/p>\n<\/li>\n<li data-start=\"549\" data-end=\"583\">\n<p data-start=\"551\" data-end=\"583\"><strong data-start=\"551\" data-end=\"567\">Opprinnelse:<\/strong> Kreta, Hellas<\/p>\n<\/li>\n<li data-start=\"584\" data-end=\"643\">\n<p data-start=\"586\" data-end=\"643\"><strong data-start=\"586\" data-end=\"601\">Egenskaper:<\/strong> 100 % naturlig, uten tilsetningsstoffer<\/p>\n<\/li>\n<\/ul>\n<p data-start=\"645\" data-end=\"745\">Gi lammeretten din en ekte gresk smak \u2013 naturlig, aromatisk og full av middelhavets dufter.<\/p>\n","protected":false},"excerpt":{"rendered":"<p>Autentisk kretisk krydderblanding fra Cretan Life, laget av 100 % naturlige urter fra den greske \u00f8ya Kreta. Denne blandingen er<\/p>\n","protected":false},"featured_media":29263,"comment_status":"open","ping_status":"closed","template":"","meta":[],"product_brand":[],"product_cat":[81],"product_tag":[],"class_list":{"0":"post-29200","1":"product","2":"type-product","3":"status-publish","4":"has-post-thumbnail","6":"product_cat-krydder","8":"first","9":"instock","10":"shipping-taxable","11":"purchasable","12":"product-type-simple"},"aioseo_notices":[],"_links":{"self":[{"href":"https:\/\/greekbloom.com\/index.php\/wp-json\/wp\/v2\/product\/29200","targetHints":{"allow":["GET"]}}],"collection":[{"href":"https:\/\/greekbloom.com\/index.php\/wp-json\/wp\/v2\/product"}],"about":[{"href":"https:\/\/greekbloom.com\/index.php\/wp-json\/wp\/v2\/types\/product"}],"replies":[{"embeddable":true,"href":"https:\/\/greekbloom.com\/index.php\/wp-json\/wp\/v2\/comments?post=29200"}],"version-history":[{"count":1,"href":"https:\/\/greekbloom.com\/index.php\/wp-json\/wp\/v2\/product\/29200\/revisions"}],"predecessor-version":[{"id":29264,"href":"https:\/\/greekbloom.com\/index.php\/wp-json\/wp\/v2\/product\/29200\/revisions\/29264"}],"wp:featuredmedia":[{"embeddable":true,"href":"https:\/\/greekbloom.com\/index.php\/wp-json\/wp\/v2\/media\/29263"}],"wp:attachment":[{"href":"https:\/\/greekbloom.com\/index.php\/wp-json\/wp\/v2\/media?parent=29200"}],"wp:term":[{"taxonomy":"product_brand","embeddable":true,"href":"https:\/\/greekbloom.com\/index.php\/wp-json\/wp\/v2\/product_brand?post=29200"},{"taxonomy":"product_cat","embeddable":true,"href":"https:\/\/greekbloom.com\/index.php\/wp-json\/wp\/v2\/product_cat?post=29200"},{"taxonomy":"product_tag","embeddable":true,"href":"https:\/\/greekbloom.com\/index.php\/wp-json\/wp\/v2\/product_tag?post=29200"}],"curies":[{"name":"wp","href":"https:\/\/api.w.org\/{rel}","templated":true}]}}