{"id":29196,"date":"2026-02-17T12:19:03","date_gmt":"2026-02-17T12:19:03","guid":{"rendered":"https:\/\/greekbloom.mano-serveris.eu\/?post_type=product&#038;p=29196"},"modified":"2026-03-23T10:39:08","modified_gmt":"2026-03-23T10:39:08","slug":"greka-hakkede-tomater-400-g","status":"publish","type":"product","link":"https:\/\/greekbloom.com\/index.php\/product\/greka-hakkede-tomater-400-g\/","title":{"rendered":"Greka \u2013 Hakkede tomater \u2013 400 g"},"content":{"rendered":"<p data-start=\"111\" data-end=\"331\">Solmodne <strong data-start=\"120\" data-end=\"138\">greske tomater<\/strong> fra <strong data-start=\"143\" data-end=\"152\">Greka<\/strong>, h\u00f8stet p\u00e5 sitt mest smakfulle og konservert for \u00e5 bevare den naturlige s\u00f8dmen og fyldige smaken. Perfekt som base til sauser, gryter, supper og tradisjonelle middelhavsretter.<\/p>\n<p data-start=\"333\" data-end=\"400\">Tomatene er hakket og klare til bruk \u2013 et must i ethvert kj\u00f8kken.<\/p>\n<ul data-start=\"402\" data-end=\"534\">\n<li data-start=\"402\" data-end=\"451\">\n<p data-start=\"404\" data-end=\"451\"><strong data-start=\"404\" data-end=\"421\">Ingredienser:<\/strong> Hakkede tomater, tomatjuice<\/p>\n<\/li>\n<li data-start=\"452\" data-end=\"473\">\n<p data-start=\"454\" data-end=\"473\"><strong data-start=\"454\" data-end=\"465\">Mengde:<\/strong> 400 g<\/p>\n<\/li>\n<li data-start=\"474\" data-end=\"501\">\n<p data-start=\"476\" data-end=\"501\"><strong data-start=\"476\" data-end=\"492\">Opprinnelse:<\/strong> Hellas<\/p>\n<\/li>\n<li data-start=\"502\" data-end=\"534\">\n<p data-start=\"504\" data-end=\"534\"><strong data-start=\"504\" data-end=\"532\">Uten konserveringsmidler<\/strong><\/p>\n<\/li>\n<\/ul>\n<p data-start=\"536\" data-end=\"620\">Autentisk gresk kvalitet \u2013 friske, smakfulle og ideelle for ekte middelhavsmat.<\/p>\n","protected":false},"excerpt":{"rendered":"<p>Solmodne greske tomater fra Greka, h\u00f8stet p\u00e5 sitt mest smakfulle og konservert for \u00e5 bevare den naturlige s\u00f8dmen og fyldige<\/p>\n","protected":false},"featured_media":29255,"comment_status":"open","ping_status":"closed","template":"","meta":[],"product_brand":[],"product_cat":[76],"product_tag":[],"class_list":{"0":"post-29196","1":"product","2":"type-product","3":"status-publish","4":"has-post-thumbnail","6":"product_cat-sauser","8":"first","9":"instock","10":"shipping-taxable","11":"purchasable","12":"product-type-simple"},"aioseo_notices":[],"_links":{"self":[{"href":"https:\/\/greekbloom.com\/index.php\/wp-json\/wp\/v2\/product\/29196","targetHints":{"allow":["GET"]}}],"collection":[{"href":"https:\/\/greekbloom.com\/index.php\/wp-json\/wp\/v2\/product"}],"about":[{"href":"https:\/\/greekbloom.com\/index.php\/wp-json\/wp\/v2\/types\/product"}],"replies":[{"embeddable":true,"href":"https:\/\/greekbloom.com\/index.php\/wp-json\/wp\/v2\/comments?post=29196"}],"version-history":[{"count":1,"href":"https:\/\/greekbloom.com\/index.php\/wp-json\/wp\/v2\/product\/29196\/revisions"}],"predecessor-version":[{"id":29256,"href":"https:\/\/greekbloom.com\/index.php\/wp-json\/wp\/v2\/product\/29196\/revisions\/29256"}],"wp:featuredmedia":[{"embeddable":true,"href":"https:\/\/greekbloom.com\/index.php\/wp-json\/wp\/v2\/media\/29255"}],"wp:attachment":[{"href":"https:\/\/greekbloom.com\/index.php\/wp-json\/wp\/v2\/media?parent=29196"}],"wp:term":[{"taxonomy":"product_brand","embeddable":true,"href":"https:\/\/greekbloom.com\/index.php\/wp-json\/wp\/v2\/product_brand?post=29196"},{"taxonomy":"product_cat","embeddable":true,"href":"https:\/\/greekbloom.com\/index.php\/wp-json\/wp\/v2\/product_cat?post=29196"},{"taxonomy":"product_tag","embeddable":true,"href":"https:\/\/greekbloom.com\/index.php\/wp-json\/wp\/v2\/product_tag?post=29196"}],"curies":[{"name":"wp","href":"https:\/\/api.w.org\/{rel}","templated":true}]}}