{"id":29187,"date":"2026-02-17T12:19:03","date_gmt":"2026-02-17T12:19:03","guid":{"rendered":"https:\/\/greekbloom.mano-serveris.eu\/?post_type=product&#038;p=29187"},"modified":"2026-02-17T12:19:09","modified_gmt":"2026-02-17T12:19:09","slug":"agrino-greske-linser-500-g","status":"publish","type":"product","link":"https:\/\/greekbloom.com\/index.php\/product\/agrino-greske-linser-500-g\/","title":{"rendered":"Agrino \u2013 Greske linser \u2013 500 g"},"content":{"rendered":"<p data-start=\"109\" data-end=\"321\">Sunne og smakfulle <strong data-start=\"128\" data-end=\"145\">greske linser<\/strong> fra <strong data-start=\"150\" data-end=\"160\">Agrino<\/strong>, kjent for sin h\u00f8ye kvalitet og naturlige smak. Disse sm\u00e5, brune linsene er perfekte til supper, gryter, salater eller som en n\u00e6ringsrik base i vegetarretter.<\/p>\n<p data-start=\"323\" data-end=\"414\">Rike p\u00e5 protein, fiber og mineraler \u2013 et naturlig valg for et balansert og sunt kosthold.<\/p>\n<ul data-start=\"416\" data-end=\"564\">\n<li data-start=\"416\" data-end=\"458\">\n<p data-start=\"418\" data-end=\"458\"><strong data-start=\"418\" data-end=\"435\">Ingredienser:<\/strong> 100 % t\u00f8rkede linser<\/p>\n<\/li>\n<li data-start=\"459\" data-end=\"480\">\n<p data-start=\"461\" data-end=\"480\"><strong data-start=\"461\" data-end=\"472\">Mengde:<\/strong> 500 g<\/p>\n<\/li>\n<li data-start=\"481\" data-end=\"508\">\n<p data-start=\"483\" data-end=\"508\"><strong data-start=\"483\" data-end=\"499\">Opprinnelse:<\/strong> Hellas<\/p>\n<\/li>\n<li data-start=\"509\" data-end=\"564\">\n<p data-start=\"511\" data-end=\"564\"><strong data-start=\"511\" data-end=\"528\">Tilberedning:<\/strong> Skyll og kok i ca. 25\u201330 minutter<\/p>\n<\/li>\n<\/ul>\n<p data-start=\"566\" data-end=\"655\">Et sunt og naturlig gresk produkt \u2013 enkelt, n\u00e6ringsrikt og fullt av middelhavets kraft.<\/p>\n","protected":false},"excerpt":{"rendered":"<p>Sunne og smakfulle greske linser fra Agrino, kjent for sin h\u00f8ye kvalitet og naturlige smak. Disse sm\u00e5, brune linsene er<\/p>\n","protected":false},"featured_media":29232,"comment_status":"open","ping_status":"closed","template":"","meta":[],"product_brand":[],"product_cat":[85],"product_tag":[],"class_list":{"0":"post-29187","1":"product","2":"type-product","3":"status-publish","4":"has-post-thumbnail","6":"product_cat-linser-og-bonner","8":"first","9":"instock","10":"shipping-taxable","11":"purchasable","12":"product-type-simple"},"aioseo_notices":[],"_links":{"self":[{"href":"https:\/\/greekbloom.com\/index.php\/wp-json\/wp\/v2\/product\/29187","targetHints":{"allow":["GET"]}}],"collection":[{"href":"https:\/\/greekbloom.com\/index.php\/wp-json\/wp\/v2\/product"}],"about":[{"href":"https:\/\/greekbloom.com\/index.php\/wp-json\/wp\/v2\/types\/product"}],"replies":[{"embeddable":true,"href":"https:\/\/greekbloom.com\/index.php\/wp-json\/wp\/v2\/comments?post=29187"}],"version-history":[{"count":1,"href":"https:\/\/greekbloom.com\/index.php\/wp-json\/wp\/v2\/product\/29187\/revisions"}],"predecessor-version":[{"id":29233,"href":"https:\/\/greekbloom.com\/index.php\/wp-json\/wp\/v2\/product\/29187\/revisions\/29233"}],"wp:featuredmedia":[{"embeddable":true,"href":"https:\/\/greekbloom.com\/index.php\/wp-json\/wp\/v2\/media\/29232"}],"wp:attachment":[{"href":"https:\/\/greekbloom.com\/index.php\/wp-json\/wp\/v2\/media?parent=29187"}],"wp:term":[{"taxonomy":"product_brand","embeddable":true,"href":"https:\/\/greekbloom.com\/index.php\/wp-json\/wp\/v2\/product_brand?post=29187"},{"taxonomy":"product_cat","embeddable":true,"href":"https:\/\/greekbloom.com\/index.php\/wp-json\/wp\/v2\/product_cat?post=29187"},{"taxonomy":"product_tag","embeddable":true,"href":"https:\/\/greekbloom.com\/index.php\/wp-json\/wp\/v2\/product_tag?post=29187"}],"curies":[{"name":"wp","href":"https:\/\/api.w.org\/{rel}","templated":true}]}}